{"id":1221,"date":"2022-04-18T18:50:07","date_gmt":"2022-04-18T15:50:07","guid":{"rendered":"https:\/\/hppmetall.ee\/services\/laser-cutting\/"},"modified":"2024-08-26T06:57:13","modified_gmt":"2024-08-26T03:57:13","slug":"laser-cutting","status":"publish","type":"page","link":"https:\/\/hppmetall.ee\/en\/services\/laser-cutting\/","title":{"rendered":"Laser cutting"},"content":{"rendered":"<div class=\"av-special-heading av-special-heading-h1 blockquote modern-quote avia-builder-el-1 el_before_av_hr avia-builder-el-first av-inherit-size\">\n<h1 class=\"av-special-heading-tag\">Metal cutting with laser<\/h1>\n<\/div>\n<div class=\"hr hr-custom hr-left hr-icon-no avia-builder-el-2 el_after_av_heading el_before_av_textblock \"><\/div>\n<section class=\"av_textblock_section\">\n<div class=\"avia_textblock \">\n<p>Laser cutting is a very efficient and high-quality way to cut metal. With the help of laser technology, we can cut quickly and very precisely, and at the same time ensure a beautiful, clean cutting line.<\/p>\n<p><strong>Our opportunities:<\/strong><\/p>\n<ul>\n<li>Maximum metal thickness up to 12mm<\/li>\n<li>Work area size 1.5m x 3m<\/li>\n<\/ul>\n<p><strong>We cut both black metal, stainless metal and aluminum:<\/strong><\/p>\n<ul>\n<li>RV steel<\/li>\n<li>Regular steel<\/li>\n<li>Special steels<\/li>\n<\/ul>\n<p><strong>Design of details if necessary<\/strong><\/p>\n<\/div>\n<div style=\"width: 1500px;\" class=\"wp-video\"><video class=\"wp-video-shortcode\" id=\"video-1221-1\" width=\"1500\" height=\"844\" preload=\"metadata\" controls=\"controls\"><source type=\"video\/mp4\" src=\"https:\/\/hppmetall.ee\/wp-content\/uploads\/2019\/03\/F-cutting.mp4?_=1\" \/><a href=\"https:\/\/hppmetall.ee\/wp-content\/uploads\/2019\/03\/F-cutting.mp4\">https:\/\/hppmetall.ee\/wp-content\/uploads\/2019\/03\/F-cutting.mp4<\/a><\/video><\/div>\n<\/section>\n","protected":false},"excerpt":{"rendered":"<p>Metal cutting with laser Laser cutting is a very efficient and high-quality way to cut metal. With the help of laser technology, we can cut quickly and very precisely, and at the same time ensure a beautiful, clean cutting line. Our opportunities: Maximum metal thickness up to 12mm Work area size 1.5m x 3m We [&hellip;]<\/p>\n","protected":false},"author":4,"featured_media":0,"parent":743,"menu_order":0,"comment_status":"closed","ping_status":"closed","template":"","meta":{"footnotes":"","_links_to":"","_links_to_target":""},"class_list":["post-1221","page","type-page","status-publish","hentry"],"yoast_head":"<!-- This site is optimized with the Yoast SEO plugin v27.0 - https:\/\/yoast.com\/product\/yoast-seo-wordpress\/ -->\n<title>Laser Cutting Services | Precision and Speed | HPP Metall<\/title>\n<meta name=\"description\" content=\"HPP Metall offers laser cutting services, ensuring precise and fast cutting for various materials. We utilize advanced technology to meet your metalworking needs.\" \/>\n<meta name=\"robots\" content=\"index, follow, max-snippet:-1, max-image-preview:large, max-video-preview:-1\" \/>\n<link rel=\"canonical\" href=\"https:\/\/hppmetall.ee\/en\/teenused\/laserloikus\/\" \/>\n<meta property=\"og:locale\" content=\"en_US\" \/>\n<meta property=\"og:type\" content=\"article\" \/>\n<meta property=\"og:title\" content=\"Laser Cutting Services | Precision and Speed | HPP Metall\" \/>\n<meta property=\"og:description\" content=\"HPP Metall offers laser cutting services, ensuring precise and fast cutting for various materials. We utilize advanced technology to meet your metalworking needs.\" \/>\n<meta property=\"og:url\" content=\"https:\/\/hppmetall.ee\/teenused\/laserloikus\/\" \/>\n<meta property=\"og:site_name\" content=\"HPP Metall\" \/>\n<meta property=\"article:modified_time\" content=\"2024-08-26T03:57:13+00:00\" \/>\n<meta name=\"twitter:card\" content=\"summary_large_image\" \/>\n<script type=\"application\/ld+json\" class=\"yoast-schema-graph\">{\"@context\":\"https:\/\/schema.org\",\"@graph\":[{\"@type\":\"WebPage\",\"@id\":\"https:\/\/hppmetall.ee\/teenused\/laserloikus\/\",\"url\":\"https:\/\/hppmetall.ee\/teenused\/laserloikus\/\",\"name\":\"Laser Cutting Services | Precision and Speed | HPP Metall\",\"isPartOf\":{\"@id\":\"https:\/\/hppmetall.ee\/#website\"},\"datePublished\":\"2022-04-18T15:50:07+00:00\",\"dateModified\":\"2024-08-26T03:57:13+00:00\",\"description\":\"HPP Metall offers laser cutting services, ensuring precise and fast cutting for various materials. We utilize advanced technology to meet your metalworking needs.\",\"breadcrumb\":{\"@id\":\"https:\/\/hppmetall.ee\/teenused\/laserloikus\/#breadcrumb\"},\"inLanguage\":\"en-US\",\"potentialAction\":[{\"@type\":\"ReadAction\",\"target\":[\"https:\/\/hppmetall.ee\/teenused\/laserloikus\/\"]}]},{\"@type\":\"BreadcrumbList\",\"@id\":\"https:\/\/hppmetall.ee\/teenused\/laserloikus\/#breadcrumb\",\"itemListElement\":[{\"@type\":\"ListItem\",\"position\":1,\"name\":\"Home\",\"item\":\"https:\/\/hppmetall.ee\/\"},{\"@type\":\"ListItem\",\"position\":2,\"name\":\"Services\",\"item\":\"https:\/\/hppmetall.ee\/\"},{\"@type\":\"ListItem\",\"position\":3,\"name\":\"Laser cutting\"}]},{\"@type\":\"WebSite\",\"@id\":\"https:\/\/hppmetall.ee\/#website\",\"url\":\"https:\/\/hppmetall.ee\/\",\"name\":\"HPP Metall\",\"description\":\"Metallit\u00f6\u00f6tlemismasinate ja nende tarvikute jae- ja hulgim\u00fc\u00fck\",\"potentialAction\":[{\"@type\":\"SearchAction\",\"target\":{\"@type\":\"EntryPoint\",\"urlTemplate\":\"https:\/\/hppmetall.ee\/?s={search_term_string}\"},\"query-input\":{\"@type\":\"PropertyValueSpecification\",\"valueRequired\":true,\"valueName\":\"search_term_string\"}}],\"inLanguage\":\"en-US\"}]}<\/script>\n<!-- \/ Yoast SEO plugin. -->","yoast_head_json":{"title":"Laser Cutting Services | Precision and Speed | HPP Metall","description":"HPP Metall offers laser cutting services, ensuring precise and fast cutting for various materials. We utilize advanced technology to meet your metalworking needs.","robots":{"index":"index","follow":"follow","max-snippet":"max-snippet:-1","max-image-preview":"max-image-preview:large","max-video-preview":"max-video-preview:-1"},"canonical":"https:\/\/hppmetall.ee\/en\/teenused\/laserloikus\/","og_locale":"en_US","og_type":"article","og_title":"Laser Cutting Services | Precision and Speed | HPP Metall","og_description":"HPP Metall offers laser cutting services, ensuring precise and fast cutting for various materials. We utilize advanced technology to meet your metalworking needs.","og_url":"https:\/\/hppmetall.ee\/teenused\/laserloikus\/","og_site_name":"HPP Metall","article_modified_time":"2024-08-26T03:57:13+00:00","twitter_card":"summary_large_image","schema":{"@context":"https:\/\/schema.org","@graph":[{"@type":"WebPage","@id":"https:\/\/hppmetall.ee\/teenused\/laserloikus\/","url":"https:\/\/hppmetall.ee\/teenused\/laserloikus\/","name":"Laser Cutting Services | Precision and Speed | HPP Metall","isPartOf":{"@id":"https:\/\/hppmetall.ee\/#website"},"datePublished":"2022-04-18T15:50:07+00:00","dateModified":"2024-08-26T03:57:13+00:00","description":"HPP Metall offers laser cutting services, ensuring precise and fast cutting for various materials. We utilize advanced technology to meet your metalworking needs.","breadcrumb":{"@id":"https:\/\/hppmetall.ee\/teenused\/laserloikus\/#breadcrumb"},"inLanguage":"en-US","potentialAction":[{"@type":"ReadAction","target":["https:\/\/hppmetall.ee\/teenused\/laserloikus\/"]}]},{"@type":"BreadcrumbList","@id":"https:\/\/hppmetall.ee\/teenused\/laserloikus\/#breadcrumb","itemListElement":[{"@type":"ListItem","position":1,"name":"Home","item":"https:\/\/hppmetall.ee\/"},{"@type":"ListItem","position":2,"name":"Services","item":"https:\/\/hppmetall.ee\/"},{"@type":"ListItem","position":3,"name":"Laser cutting"}]},{"@type":"WebSite","@id":"https:\/\/hppmetall.ee\/#website","url":"https:\/\/hppmetall.ee\/","name":"HPP Metall","description":"Metallit\u00f6\u00f6tlemismasinate ja nende tarvikute jae- ja hulgim\u00fc\u00fck","potentialAction":[{"@type":"SearchAction","target":{"@type":"EntryPoint","urlTemplate":"https:\/\/hppmetall.ee\/?s={search_term_string}"},"query-input":{"@type":"PropertyValueSpecification","valueRequired":true,"valueName":"search_term_string"}}],"inLanguage":"en-US"}]}},"_links":{"self":[{"href":"https:\/\/hppmetall.ee\/en\/wp-json\/wp\/v2\/pages\/1221\/"}],"collection":[{"href":"https:\/\/hppmetall.ee\/en\/wp-json\/wp\/v2\/pages\/"}],"about":[{"href":"https:\/\/hppmetall.ee\/en\/wp-json\/wp\/v2\/types\/page\/"}],"author":[{"embeddable":true,"href":"https:\/\/hppmetall.ee\/en\/wp-json\/wp\/v2\/users\/4\/"}],"replies":[{"embeddable":true,"href":"https:\/\/hppmetall.ee\/en\/wp-json\/wp\/v2\/comments\/?post=1221"}],"version-history":[{"count":1,"href":"https:\/\/hppmetall.ee\/en\/wp-json\/wp\/v2\/pages\/1221\/revisions\/"}],"predecessor-version":[{"id":1223,"href":"https:\/\/hppmetall.ee\/en\/wp-json\/wp\/v2\/pages\/1221\/revisions\/1223\/"}],"up":[{"embeddable":true,"href":"https:\/\/hppmetall.ee\/en\/wp-json\/wp\/v2\/pages\/743\/"}],"wp:attachment":[{"href":"https:\/\/hppmetall.ee\/en\/wp-json\/wp\/v2\/media\/?parent=1221"}],"curies":[{"name":"wp","href":"https:\/\/api.w.org\/{rel}","templated":true}]}}