{"id":1226,"date":"2022-04-18T18:53:25","date_gmt":"2022-04-18T15:53:25","guid":{"rendered":"https:\/\/hppmetall.ee\/laser-cutting-machines\/"},"modified":"2024-08-26T06:49:08","modified_gmt":"2024-08-26T03:49:08","slug":"laser-cutting-machines","status":"publish","type":"page","link":"https:\/\/hppmetall.ee\/en\/laser-cutting-machines\/","title":{"rendered":"Laser cutting machines"},"content":{"rendered":"<p>We are Jinan XD Laser Machine Co., Ltd. official agent in Estonia and we can buy all the equipment listed by this company.<\/p>\n<p>Both sheet and pipe cutting laser cutting machines with both manual and automatic loading systems are available.<\/p>\n<h3>XD laser cutting machines:<\/h3>\n<p><img loading=\"lazy\" decoding=\"async\" class=\"size-medium wp-image-882\" src=\"https:\/\/hppmetall.ee\/wp-content\/uploads\/2019\/03\/Laserpingid-tehas-Bodor_6-300x200.jpg\" alt=\"Laserpingid Bodor tehases\" width=\"300\" height=\"200\" srcset=\"https:\/\/hppmetall.ee\/wp-content\/uploads\/2019\/03\/Laserpingid-tehas-Bodor_6-300x200.jpg 300w, https:\/\/hppmetall.ee\/wp-content\/uploads\/2019\/03\/Laserpingid-tehas-Bodor_6-768x512.jpg 768w, https:\/\/hppmetall.ee\/wp-content\/uploads\/2019\/03\/Laserpingid-tehas-Bodor_6-1030x686.jpg 1030w, https:\/\/hppmetall.ee\/wp-content\/uploads\/2019\/03\/Laserpingid-tehas-Bodor_6-1500x1000.jpg 1500w, https:\/\/hppmetall.ee\/wp-content\/uploads\/2019\/03\/Laserpingid-tehas-Bodor_6-705x470.jpg 705w, https:\/\/hppmetall.ee\/wp-content\/uploads\/2019\/03\/Laserpingid-tehas-Bodor_6-450x300.jpg 450w, https:\/\/hppmetall.ee\/wp-content\/uploads\/2019\/03\/Laserpingid-tehas-Bodor_6.jpg 2000w\" sizes=\"auto, (max-width: 300px) 100vw, 300px\" \/><\/p>\n<p><img loading=\"lazy\" decoding=\"async\" class=\"size-medium wp-image-888\" src=\"https:\/\/hppmetall.ee\/wp-content\/uploads\/2019\/03\/Laserpink-torul\u00f5ikus-Bodor-t\u00fc\u00fcp-T2-300x200.jpg\" alt=\"Laserpink torul\u00f5ikus Bodor t\u00fc\u00fcp T\" width=\"300\" height=\"200\" srcset=\"https:\/\/hppmetall.ee\/wp-content\/uploads\/2019\/03\/Laserpink-torul\u00f5ikus-Bodor-t\u00fc\u00fcp-T2-300x200.jpg 300w, https:\/\/hppmetall.ee\/wp-content\/uploads\/2019\/03\/Laserpink-torul\u00f5ikus-Bodor-t\u00fc\u00fcp-T2-768x512.jpg 768w, https:\/\/hppmetall.ee\/wp-content\/uploads\/2019\/03\/Laserpink-torul\u00f5ikus-Bodor-t\u00fc\u00fcp-T2-1030x687.jpg 1030w, https:\/\/hppmetall.ee\/wp-content\/uploads\/2019\/03\/Laserpink-torul\u00f5ikus-Bodor-t\u00fc\u00fcp-T2-1500x1000.jpg 1500w, https:\/\/hppmetall.ee\/wp-content\/uploads\/2019\/03\/Laserpink-torul\u00f5ikus-Bodor-t\u00fc\u00fcp-T2-705x470.jpg 705w, https:\/\/hppmetall.ee\/wp-content\/uploads\/2019\/03\/Laserpink-torul\u00f5ikus-Bodor-t\u00fc\u00fcp-T2-450x300.jpg 450w\" sizes=\"auto, (max-width: 300px) 100vw, 300px\" \/><\/p>\n<p><img loading=\"lazy\" decoding=\"async\" class=\"size-medium wp-image-886\" src=\"https:\/\/hppmetall.ee\/wp-content\/uploads\/2019\/03\/Laserpink-leht-ja-toru-t\u00fc\u00fcp-F-T1-1-300x200.jpg\" alt=\"Laserpink leht ja toru Bodor t\u00fc\u00fcp F-T\" width=\"300\" height=\"200\" srcset=\"https:\/\/hppmetall.ee\/wp-content\/uploads\/2019\/03\/Laserpink-leht-ja-toru-t\u00fc\u00fcp-F-T1-1-300x200.jpg 300w, https:\/\/hppmetall.ee\/wp-content\/uploads\/2019\/03\/Laserpink-leht-ja-toru-t\u00fc\u00fcp-F-T1-1-768x512.jpg 768w, https:\/\/hppmetall.ee\/wp-content\/uploads\/2019\/03\/Laserpink-leht-ja-toru-t\u00fc\u00fcp-F-T1-1-1030x687.jpg 1030w, https:\/\/hppmetall.ee\/wp-content\/uploads\/2019\/03\/Laserpink-leht-ja-toru-t\u00fc\u00fcp-F-T1-1-1500x1000.jpg 1500w, https:\/\/hppmetall.ee\/wp-content\/uploads\/2019\/03\/Laserpink-leht-ja-toru-t\u00fc\u00fcp-F-T1-1-705x470.jpg 705w, https:\/\/hppmetall.ee\/wp-content\/uploads\/2019\/03\/Laserpink-leht-ja-toru-t\u00fc\u00fcp-F-T1-1-450x300.jpg 450w\" sizes=\"auto, (max-width: 300px) 100vw, 300px\" \/><\/p>\n<p><img loading=\"lazy\" decoding=\"async\" class=\"size-medium wp-image-884\" src=\"https:\/\/hppmetall.ee\/wp-content\/uploads\/2019\/03\/Laserpink-leht-ja-toru-t\u00fc\u00fcp-F-T1-300x200.jpg\" alt=\"Laserpink leht ja toru Bodor t\u00fc\u00fcp F-T\" width=\"300\" height=\"200\" srcset=\"https:\/\/hppmetall.ee\/wp-content\/uploads\/2019\/03\/Laserpink-leht-ja-toru-t\u00fc\u00fcp-F-T1-300x200.jpg 300w, https:\/\/hppmetall.ee\/wp-content\/uploads\/2019\/03\/Laserpink-leht-ja-toru-t\u00fc\u00fcp-F-T1-768x512.jpg 768w, https:\/\/hppmetall.ee\/wp-content\/uploads\/2019\/03\/Laserpink-leht-ja-toru-t\u00fc\u00fcp-F-T1-1030x687.jpg 1030w, https:\/\/hppmetall.ee\/wp-content\/uploads\/2019\/03\/Laserpink-leht-ja-toru-t\u00fc\u00fcp-F-T1-1500x1000.jpg 1500w, https:\/\/hppmetall.ee\/wp-content\/uploads\/2019\/03\/Laserpink-leht-ja-toru-t\u00fc\u00fcp-F-T1-705x470.jpg 705w, https:\/\/hppmetall.ee\/wp-content\/uploads\/2019\/03\/Laserpink-leht-ja-toru-t\u00fc\u00fcp-F-T1-450x300.jpg 450w\" sizes=\"auto, (max-width: 300px) 100vw, 300px\" \/><\/p>\n<p><img loading=\"lazy\" decoding=\"async\" class=\"size-medium wp-image-890\" src=\"https:\/\/hppmetall.ee\/wp-content\/uploads\/2019\/03\/Laserpink-torul\u00f5ikus-Bodor-t\u00fc\u00fcp-T230-300x212.jpg\" alt=\"Laserpink torul\u00f5ikus Bodor t\u00fc\u00fcp T230\" width=\"300\" height=\"212\" srcset=\"https:\/\/hppmetall.ee\/wp-content\/uploads\/2019\/03\/Laserpink-torul\u00f5ikus-Bodor-t\u00fc\u00fcp-T230-300x212.jpg 300w, https:\/\/hppmetall.ee\/wp-content\/uploads\/2019\/03\/Laserpink-torul\u00f5ikus-Bodor-t\u00fc\u00fcp-T230-768x543.jpg 768w, https:\/\/hppmetall.ee\/wp-content\/uploads\/2019\/03\/Laserpink-torul\u00f5ikus-Bodor-t\u00fc\u00fcp-T230-1030x728.jpg 1030w, https:\/\/hppmetall.ee\/wp-content\/uploads\/2019\/03\/Laserpink-torul\u00f5ikus-Bodor-t\u00fc\u00fcp-T230-1500x1060.jpg 1500w, https:\/\/hppmetall.ee\/wp-content\/uploads\/2019\/03\/Laserpink-torul\u00f5ikus-Bodor-t\u00fc\u00fcp-T230-260x185.jpg 260w, https:\/\/hppmetall.ee\/wp-content\/uploads\/2019\/03\/Laserpink-torul\u00f5ikus-Bodor-t\u00fc\u00fcp-T230-705x498.jpg 705w, https:\/\/hppmetall.ee\/wp-content\/uploads\/2019\/03\/Laserpink-torul\u00f5ikus-Bodor-t\u00fc\u00fcp-T230-450x318.jpg 450w\" sizes=\"auto, (max-width: 300px) 100vw, 300px\" \/><\/p>\n<p><img loading=\"lazy\" decoding=\"async\" class=\"size-medium wp-image-892\" src=\"https:\/\/hppmetall.ee\/wp-content\/uploads\/2019\/03\/Laserpink-vahetava-lauaga-kabinet-Bodor-300x212.jpg\" alt=\"Laserpink vahetava lauaga kabinet Bodor\" width=\"300\" height=\"212\" srcset=\"https:\/\/hppmetall.ee\/wp-content\/uploads\/2019\/03\/Laserpink-vahetava-lauaga-kabinet-Bodor-300x212.jpg 300w, https:\/\/hppmetall.ee\/wp-content\/uploads\/2019\/03\/Laserpink-vahetava-lauaga-kabinet-Bodor-768x543.jpg 768w, https:\/\/hppmetall.ee\/wp-content\/uploads\/2019\/03\/Laserpink-vahetava-lauaga-kabinet-Bodor-1030x728.jpg 1030w, https:\/\/hppmetall.ee\/wp-content\/uploads\/2019\/03\/Laserpink-vahetava-lauaga-kabinet-Bodor-1500x1060.jpg 1500w, https:\/\/hppmetall.ee\/wp-content\/uploads\/2019\/03\/Laserpink-vahetava-lauaga-kabinet-Bodor-260x185.jpg 260w, https:\/\/hppmetall.ee\/wp-content\/uploads\/2019\/03\/Laserpink-vahetava-lauaga-kabinet-Bodor-705x498.jpg 705w, https:\/\/hppmetall.ee\/wp-content\/uploads\/2019\/03\/Laserpink-vahetava-lauaga-kabinet-Bodor-450x318.jpg 450w\" sizes=\"auto, (max-width: 300px) 100vw, 300px\" \/><\/p>\n<div class=\"mceTemp\"><\/div>\n","protected":false},"excerpt":{"rendered":"<p>We are Jinan XD Laser Machine Co., Ltd. official agent in Estonia and we can buy all the equipment listed by this company. Both sheet and pipe cutting laser cutting machines with both manual and automatic loading systems are available. XD laser cutting machines:<\/p>\n","protected":false},"author":4,"featured_media":0,"parent":0,"menu_order":0,"comment_status":"closed","ping_status":"closed","template":"","meta":{"footnotes":"","_links_to":"","_links_to_target":""},"class_list":["post-1226","page","type-page","status-publish","hentry"],"yoast_head":"<!-- This site is optimized with the Yoast SEO plugin v27.0 - https:\/\/yoast.com\/product\/yoast-seo-wordpress\/ -->\n<title>XD Laser Cutting Machines | Precision Cutting | HPP Metall<\/title>\n<meta name=\"description\" content=\"HPP Metall offers precise XD laser cutting machines, ensuring high-quality and fast laser cutting suitable for various industrial needs.\" \/>\n<meta name=\"robots\" content=\"index, follow, max-snippet:-1, max-image-preview:large, max-video-preview:-1\" \/>\n<link rel=\"canonical\" href=\"https:\/\/hppmetall.ee\/en\/xd-laserloikepingid\/\" \/>\n<meta property=\"og:locale\" content=\"en_US\" \/>\n<meta property=\"og:type\" content=\"article\" \/>\n<meta property=\"og:title\" content=\"XD Laser Cutting Machines | Precision Cutting | HPP Metall\" \/>\n<meta property=\"og:description\" content=\"HPP Metall offers precise XD laser cutting machines, ensuring high-quality and fast laser cutting suitable for various industrial needs.\" \/>\n<meta property=\"og:url\" content=\"https:\/\/hppmetall.ee\/xd-laserloikepingid\/\" \/>\n<meta property=\"og:site_name\" content=\"HPP Metall\" \/>\n<meta property=\"article:modified_time\" content=\"2024-08-26T03:49:08+00:00\" \/>\n<meta property=\"og:image\" content=\"https:\/\/hppmetall.ee\/wp-content\/uploads\/2019\/03\/Laserpingid-tehas-Bodor_6-300x200.jpg\" \/>\n<meta name=\"twitter:card\" content=\"summary_large_image\" \/>\n<script type=\"application\/ld+json\" class=\"yoast-schema-graph\">{\"@context\":\"https:\/\/schema.org\",\"@graph\":[{\"@type\":\"WebPage\",\"@id\":\"https:\/\/hppmetall.ee\/xd-laserloikepingid\/\",\"url\":\"https:\/\/hppmetall.ee\/xd-laserloikepingid\/\",\"name\":\"XD Laser Cutting Machines | Precision Cutting | HPP Metall\",\"isPartOf\":{\"@id\":\"https:\/\/hppmetall.ee\/#website\"},\"primaryImageOfPage\":{\"@id\":\"https:\/\/hppmetall.ee\/xd-laserloikepingid\/#primaryimage\"},\"image\":{\"@id\":\"https:\/\/hppmetall.ee\/xd-laserloikepingid\/#primaryimage\"},\"thumbnailUrl\":\"https:\/\/hppmetall.ee\/wp-content\/uploads\/2019\/03\/Laserpingid-tehas-Bodor_6-300x200.jpg\",\"datePublished\":\"2022-04-18T15:53:25+00:00\",\"dateModified\":\"2024-08-26T03:49:08+00:00\",\"description\":\"HPP Metall offers precise XD laser cutting machines, ensuring high-quality and fast laser cutting suitable for various industrial needs.\",\"breadcrumb\":{\"@id\":\"https:\/\/hppmetall.ee\/xd-laserloikepingid\/#breadcrumb\"},\"inLanguage\":\"en-US\",\"potentialAction\":[{\"@type\":\"ReadAction\",\"target\":[\"https:\/\/hppmetall.ee\/xd-laserloikepingid\/\"]}]},{\"@type\":\"ImageObject\",\"inLanguage\":\"en-US\",\"@id\":\"https:\/\/hppmetall.ee\/xd-laserloikepingid\/#primaryimage\",\"url\":\"https:\/\/hppmetall.ee\/wp-content\/uploads\/2019\/03\/Laserpingid-tehas-Bodor_6-300x200.jpg\",\"contentUrl\":\"https:\/\/hppmetall.ee\/wp-content\/uploads\/2019\/03\/Laserpingid-tehas-Bodor_6-300x200.jpg\"},{\"@type\":\"BreadcrumbList\",\"@id\":\"https:\/\/hppmetall.ee\/xd-laserloikepingid\/#breadcrumb\",\"itemListElement\":[{\"@type\":\"ListItem\",\"position\":1,\"name\":\"Home\",\"item\":\"https:\/\/hppmetall.ee\/\"},{\"@type\":\"ListItem\",\"position\":2,\"name\":\"Laser cutting machines\"}]},{\"@type\":\"WebSite\",\"@id\":\"https:\/\/hppmetall.ee\/#website\",\"url\":\"https:\/\/hppmetall.ee\/\",\"name\":\"HPP Metall\",\"description\":\"Metallit\u00f6\u00f6tlemismasinate ja nende tarvikute jae- ja hulgim\u00fc\u00fck\",\"potentialAction\":[{\"@type\":\"SearchAction\",\"target\":{\"@type\":\"EntryPoint\",\"urlTemplate\":\"https:\/\/hppmetall.ee\/?s={search_term_string}\"},\"query-input\":{\"@type\":\"PropertyValueSpecification\",\"valueRequired\":true,\"valueName\":\"search_term_string\"}}],\"inLanguage\":\"en-US\"}]}<\/script>\n<!-- \/ Yoast SEO plugin. -->","yoast_head_json":{"title":"XD Laser Cutting Machines | Precision Cutting | HPP Metall","description":"HPP Metall offers precise XD laser cutting machines, ensuring high-quality and fast laser cutting suitable for various industrial needs.","robots":{"index":"index","follow":"follow","max-snippet":"max-snippet:-1","max-image-preview":"max-image-preview:large","max-video-preview":"max-video-preview:-1"},"canonical":"https:\/\/hppmetall.ee\/en\/xd-laserloikepingid\/","og_locale":"en_US","og_type":"article","og_title":"XD Laser Cutting Machines | Precision Cutting | HPP Metall","og_description":"HPP Metall offers precise XD laser cutting machines, ensuring high-quality and fast laser cutting suitable for various industrial needs.","og_url":"https:\/\/hppmetall.ee\/xd-laserloikepingid\/","og_site_name":"HPP Metall","article_modified_time":"2024-08-26T03:49:08+00:00","og_image":[{"url":"https:\/\/hppmetall.ee\/wp-content\/uploads\/2019\/03\/Laserpingid-tehas-Bodor_6-300x200.jpg","type":"","width":"","height":""}],"twitter_card":"summary_large_image","schema":{"@context":"https:\/\/schema.org","@graph":[{"@type":"WebPage","@id":"https:\/\/hppmetall.ee\/xd-laserloikepingid\/","url":"https:\/\/hppmetall.ee\/xd-laserloikepingid\/","name":"XD Laser Cutting Machines | Precision Cutting | HPP Metall","isPartOf":{"@id":"https:\/\/hppmetall.ee\/#website"},"primaryImageOfPage":{"@id":"https:\/\/hppmetall.ee\/xd-laserloikepingid\/#primaryimage"},"image":{"@id":"https:\/\/hppmetall.ee\/xd-laserloikepingid\/#primaryimage"},"thumbnailUrl":"https:\/\/hppmetall.ee\/wp-content\/uploads\/2019\/03\/Laserpingid-tehas-Bodor_6-300x200.jpg","datePublished":"2022-04-18T15:53:25+00:00","dateModified":"2024-08-26T03:49:08+00:00","description":"HPP Metall offers precise XD laser cutting machines, ensuring high-quality and fast laser cutting suitable for various industrial needs.","breadcrumb":{"@id":"https:\/\/hppmetall.ee\/xd-laserloikepingid\/#breadcrumb"},"inLanguage":"en-US","potentialAction":[{"@type":"ReadAction","target":["https:\/\/hppmetall.ee\/xd-laserloikepingid\/"]}]},{"@type":"ImageObject","inLanguage":"en-US","@id":"https:\/\/hppmetall.ee\/xd-laserloikepingid\/#primaryimage","url":"https:\/\/hppmetall.ee\/wp-content\/uploads\/2019\/03\/Laserpingid-tehas-Bodor_6-300x200.jpg","contentUrl":"https:\/\/hppmetall.ee\/wp-content\/uploads\/2019\/03\/Laserpingid-tehas-Bodor_6-300x200.jpg"},{"@type":"BreadcrumbList","@id":"https:\/\/hppmetall.ee\/xd-laserloikepingid\/#breadcrumb","itemListElement":[{"@type":"ListItem","position":1,"name":"Home","item":"https:\/\/hppmetall.ee\/"},{"@type":"ListItem","position":2,"name":"Laser cutting machines"}]},{"@type":"WebSite","@id":"https:\/\/hppmetall.ee\/#website","url":"https:\/\/hppmetall.ee\/","name":"HPP Metall","description":"Metallit\u00f6\u00f6tlemismasinate ja nende tarvikute jae- ja hulgim\u00fc\u00fck","potentialAction":[{"@type":"SearchAction","target":{"@type":"EntryPoint","urlTemplate":"https:\/\/hppmetall.ee\/?s={search_term_string}"},"query-input":{"@type":"PropertyValueSpecification","valueRequired":true,"valueName":"search_term_string"}}],"inLanguage":"en-US"}]}},"_links":{"self":[{"href":"https:\/\/hppmetall.ee\/en\/wp-json\/wp\/v2\/pages\/1226\/"}],"collection":[{"href":"https:\/\/hppmetall.ee\/en\/wp-json\/wp\/v2\/pages\/"}],"about":[{"href":"https:\/\/hppmetall.ee\/en\/wp-json\/wp\/v2\/types\/page\/"}],"author":[{"embeddable":true,"href":"https:\/\/hppmetall.ee\/en\/wp-json\/wp\/v2\/users\/4\/"}],"replies":[{"embeddable":true,"href":"https:\/\/hppmetall.ee\/en\/wp-json\/wp\/v2\/comments\/?post=1226"}],"version-history":[{"count":1,"href":"https:\/\/hppmetall.ee\/en\/wp-json\/wp\/v2\/pages\/1226\/revisions\/"}],"predecessor-version":[{"id":2172,"href":"https:\/\/hppmetall.ee\/en\/wp-json\/wp\/v2\/pages\/1226\/revisions\/2172\/"}],"wp:attachment":[{"href":"https:\/\/hppmetall.ee\/en\/wp-json\/wp\/v2\/media\/?parent=1226"}],"curies":[{"name":"wp","href":"https:\/\/api.w.org\/{rel}","templated":true}]}}