{"id":744,"date":"2018-02-01T09:16:33","date_gmt":"2018-02-01T07:16:33","guid":{"rendered":"https:\/\/hppmetall.ee\/services\/metalworks\/"},"modified":"2024-08-26T06:59:37","modified_gmt":"2024-08-26T03:59:37","slug":"metalworks","status":"publish","type":"page","link":"https:\/\/hppmetall.ee\/en\/services\/metalworks\/","title":{"rendered":"Metalworks"},"content":{"rendered":"<div class=\"flex_column av_one_full  flex_column_div av-zero-column-padding first  \" style='border-radius:0px; '><p><div style='padding-bottom:0px;font-size:25px;' class='av-special-heading av-special-heading-h1  blockquote modern-quote   av-inherit-size'><h1 class='av-special-heading-tag'  itemprop=\"headline\"  >Metalworks<\/h1><div class='special-heading-border'><div class='special-heading-inner-border' ><\/div><\/div><\/div><br \/>\n<div style=' margin-top:10px; margin-bottom:10px;'  class='hr hr-custom hr-left hr-icon-no '><span class='hr-inner   inner-border-av-border-thin' style=' width:50px; border-color:#efbb20;' ><span class='hr-inner-style'><\/span><\/span><\/div><br \/>\n<section class=\"av_textblock_section\"  itemscope=\"itemscope\" itemtype=\"https:\/\/schema.org\/CreativeWork\" ><div class='avia_textblock '   itemprop=\"text\" ><p>Metalworks with reasonable price and short deadline, we are a reliable partner in construction, engineering as well as industrial sector and we perform most common metalworks. One of our advantages is a logistically convenient location between P\u00e4rnu and Tallinn near Via Baltica in M\u00e4rjamaa. It is convenient to transport goods by road within the borders of Estonia as well as to Western Europe or Russia. Also, we are situated quite close to the major merchant ports of Estonia.<\/p>\n<p><strong>We carry out the following metalworks:<\/strong><\/p>\n<ul>\n<li>Metal cutting<\/li>\n<li>Welding works (MIG\/MAG; AC\/DC TIG; electrode welding)<\/li>\n<li>Metal bending<\/li>\n<li>Painting and hot-zincing of metal details<\/li>\n<\/ul>\n<p><strong>If required, we design the details<\/strong><\/p>\n<p><strong>Maximum possibilities:<\/strong><\/p>\n<ul>\n<li>Metal cutting: size of the bench 2m x 6m<\/li>\n<li>Metal structures: length up to 20m, weight up to 5 tons<\/li>\n<\/ul>\n<\/div><\/section><\/p><\/div>\n","protected":false},"excerpt":{"rendered":"","protected":false},"author":2,"featured_media":0,"parent":743,"menu_order":0,"comment_status":"closed","ping_status":"closed","template":"","meta":{"footnotes":"","_links_to":"","_links_to_target":""},"class_list":["post-744","page","type-page","status-publish","hentry"],"yoast_head":"<!-- This site is optimized with the Yoast SEO plugin v27.0 - https:\/\/yoast.com\/product\/yoast-seo-wordpress\/ -->\n<title>Metalworking Services | CNC Machining and Welding | HPP Metall<\/title>\n<meta name=\"description\" content=\"HPP Metall provides high-quality metalworking services, including CNC machining, welding, and fabrication of metal structures. Our services meet industrial standards.\" \/>\n<meta name=\"robots\" content=\"index, follow, max-snippet:-1, max-image-preview:large, max-video-preview:-1\" \/>\n<link rel=\"canonical\" href=\"https:\/\/hppmetall.ee\/en\/teenused\/metallitood\/\" \/>\n<meta property=\"og:locale\" content=\"en_US\" \/>\n<meta property=\"og:type\" content=\"article\" \/>\n<meta property=\"og:title\" content=\"Metalworking Services | CNC Machining and Welding | HPP Metall\" \/>\n<meta property=\"og:description\" content=\"HPP Metall provides high-quality metalworking services, including CNC machining, welding, and fabrication of metal structures. Our services meet industrial standards.\" \/>\n<meta property=\"og:url\" content=\"https:\/\/hppmetall.ee\/teenused\/metallitood\/\" \/>\n<meta property=\"og:site_name\" content=\"HPP Metall\" \/>\n<meta property=\"article:modified_time\" content=\"2024-08-26T03:59:37+00:00\" \/>\n<meta name=\"twitter:card\" content=\"summary_large_image\" \/>\n<meta name=\"twitter:label1\" content=\"Est. reading time\" \/>\n\t<meta name=\"twitter:data1\" content=\"1 minute\" \/>\n<script type=\"application\/ld+json\" class=\"yoast-schema-graph\">{\"@context\":\"https:\/\/schema.org\",\"@graph\":[{\"@type\":\"WebPage\",\"@id\":\"https:\/\/hppmetall.ee\/teenused\/metallitood\/\",\"url\":\"https:\/\/hppmetall.ee\/teenused\/metallitood\/\",\"name\":\"Metalworking Services | CNC Machining and Welding | HPP Metall\",\"isPartOf\":{\"@id\":\"https:\/\/hppmetall.ee\/#website\"},\"datePublished\":\"2018-02-01T07:16:33+00:00\",\"dateModified\":\"2024-08-26T03:59:37+00:00\",\"description\":\"HPP Metall provides high-quality metalworking services, including CNC machining, welding, and fabrication of metal structures. Our services meet industrial standards.\",\"breadcrumb\":{\"@id\":\"https:\/\/hppmetall.ee\/teenused\/metallitood\/#breadcrumb\"},\"inLanguage\":\"en-US\",\"potentialAction\":[{\"@type\":\"ReadAction\",\"target\":[\"https:\/\/hppmetall.ee\/teenused\/metallitood\/\"]}]},{\"@type\":\"BreadcrumbList\",\"@id\":\"https:\/\/hppmetall.ee\/teenused\/metallitood\/#breadcrumb\",\"itemListElement\":[{\"@type\":\"ListItem\",\"position\":1,\"name\":\"Home\",\"item\":\"https:\/\/hppmetall.ee\/\"},{\"@type\":\"ListItem\",\"position\":2,\"name\":\"Services\",\"item\":\"https:\/\/hppmetall.ee\/\"},{\"@type\":\"ListItem\",\"position\":3,\"name\":\"Metalworks\"}]},{\"@type\":\"WebSite\",\"@id\":\"https:\/\/hppmetall.ee\/#website\",\"url\":\"https:\/\/hppmetall.ee\/\",\"name\":\"HPP Metall\",\"description\":\"Metallit\u00f6\u00f6tlemismasinate ja nende tarvikute jae- ja hulgim\u00fc\u00fck\",\"potentialAction\":[{\"@type\":\"SearchAction\",\"target\":{\"@type\":\"EntryPoint\",\"urlTemplate\":\"https:\/\/hppmetall.ee\/?s={search_term_string}\"},\"query-input\":{\"@type\":\"PropertyValueSpecification\",\"valueRequired\":true,\"valueName\":\"search_term_string\"}}],\"inLanguage\":\"en-US\"}]}<\/script>\n<!-- \/ Yoast SEO plugin. -->","yoast_head_json":{"title":"Metalworking Services | CNC Machining and Welding | HPP Metall","description":"HPP Metall provides high-quality metalworking services, including CNC machining, welding, and fabrication of metal structures. Our services meet industrial standards.","robots":{"index":"index","follow":"follow","max-snippet":"max-snippet:-1","max-image-preview":"max-image-preview:large","max-video-preview":"max-video-preview:-1"},"canonical":"https:\/\/hppmetall.ee\/en\/teenused\/metallitood\/","og_locale":"en_US","og_type":"article","og_title":"Metalworking Services | CNC Machining and Welding | HPP Metall","og_description":"HPP Metall provides high-quality metalworking services, including CNC machining, welding, and fabrication of metal structures. Our services meet industrial standards.","og_url":"https:\/\/hppmetall.ee\/teenused\/metallitood\/","og_site_name":"HPP Metall","article_modified_time":"2024-08-26T03:59:37+00:00","twitter_card":"summary_large_image","twitter_misc":{"Est. reading time":"1 minute"},"schema":{"@context":"https:\/\/schema.org","@graph":[{"@type":"WebPage","@id":"https:\/\/hppmetall.ee\/teenused\/metallitood\/","url":"https:\/\/hppmetall.ee\/teenused\/metallitood\/","name":"Metalworking Services | CNC Machining and Welding | HPP Metall","isPartOf":{"@id":"https:\/\/hppmetall.ee\/#website"},"datePublished":"2018-02-01T07:16:33+00:00","dateModified":"2024-08-26T03:59:37+00:00","description":"HPP Metall provides high-quality metalworking services, including CNC machining, welding, and fabrication of metal structures. Our services meet industrial standards.","breadcrumb":{"@id":"https:\/\/hppmetall.ee\/teenused\/metallitood\/#breadcrumb"},"inLanguage":"en-US","potentialAction":[{"@type":"ReadAction","target":["https:\/\/hppmetall.ee\/teenused\/metallitood\/"]}]},{"@type":"BreadcrumbList","@id":"https:\/\/hppmetall.ee\/teenused\/metallitood\/#breadcrumb","itemListElement":[{"@type":"ListItem","position":1,"name":"Home","item":"https:\/\/hppmetall.ee\/"},{"@type":"ListItem","position":2,"name":"Services","item":"https:\/\/hppmetall.ee\/"},{"@type":"ListItem","position":3,"name":"Metalworks"}]},{"@type":"WebSite","@id":"https:\/\/hppmetall.ee\/#website","url":"https:\/\/hppmetall.ee\/","name":"HPP Metall","description":"Metallit\u00f6\u00f6tlemismasinate ja nende tarvikute jae- ja hulgim\u00fc\u00fck","potentialAction":[{"@type":"SearchAction","target":{"@type":"EntryPoint","urlTemplate":"https:\/\/hppmetall.ee\/?s={search_term_string}"},"query-input":{"@type":"PropertyValueSpecification","valueRequired":true,"valueName":"search_term_string"}}],"inLanguage":"en-US"}]}},"_links":{"self":[{"href":"https:\/\/hppmetall.ee\/en\/wp-json\/wp\/v2\/pages\/744\/"}],"collection":[{"href":"https:\/\/hppmetall.ee\/en\/wp-json\/wp\/v2\/pages\/"}],"about":[{"href":"https:\/\/hppmetall.ee\/en\/wp-json\/wp\/v2\/types\/page\/"}],"author":[{"embeddable":true,"href":"https:\/\/hppmetall.ee\/en\/wp-json\/wp\/v2\/users\/2\/"}],"replies":[{"embeddable":true,"href":"https:\/\/hppmetall.ee\/en\/wp-json\/wp\/v2\/comments\/?post=744"}],"version-history":[{"count":3,"href":"https:\/\/hppmetall.ee\/en\/wp-json\/wp\/v2\/pages\/744\/revisions\/"}],"predecessor-version":[{"id":795,"href":"https:\/\/hppmetall.ee\/en\/wp-json\/wp\/v2\/pages\/744\/revisions\/795\/"}],"up":[{"embeddable":true,"href":"https:\/\/hppmetall.ee\/en\/wp-json\/wp\/v2\/pages\/743\/"}],"wp:attachment":[{"href":"https:\/\/hppmetall.ee\/en\/wp-json\/wp\/v2\/media\/?parent=744"}],"curies":[{"name":"wp","href":"https:\/\/api.w.org\/{rel}","templated":true}]}}