{"id":752,"date":"2018-02-01T09:21:37","date_gmt":"2018-02-01T07:21:37","guid":{"rendered":"https:\/\/hppmetall.ee\/products\/"},"modified":"2024-08-26T07:03:42","modified_gmt":"2024-08-26T04:03:42","slug":"products","status":"publish","type":"page","link":"https:\/\/hppmetall.ee\/en\/products\/","title":{"rendered":"Products"},"content":{"rendered":"","protected":false},"excerpt":{"rendered":"","protected":false},"author":2,"featured_media":0,"parent":0,"menu_order":0,"comment_status":"closed","ping_status":"closed","template":"","meta":{"footnotes":"","_links_to":"","_links_to_target":""},"class_list":["post-752","page","type-page","status-publish","hentry"],"yoast_head":"<!-- This site is optimized with the Yoast SEO plugin v27.0 - https:\/\/yoast.com\/product\/yoast-seo-wordpress\/ -->\n<title>Metal Industry Products | CNC Machines and Laser Cutters | HPP Metall<\/title>\n<meta name=\"description\" content=\"HPP Metall offers a wide range of metal industry products, including CNC machines, laser cutters, and other equipment suitable for various industrial needs.\" \/>\n<meta name=\"robots\" content=\"index, follow, max-snippet:-1, max-image-preview:large, max-video-preview:-1\" \/>\n<link rel=\"canonical\" href=\"https:\/\/hppmetall.ee\/en\/tooted\/plasmatarviku-tooted\/\" \/>\n<meta property=\"og:locale\" content=\"en_US\" \/>\n<meta property=\"og:type\" content=\"article\" \/>\n<meta property=\"og:title\" content=\"Metal Industry Products | CNC Machines and Laser Cutters | HPP Metall\" \/>\n<meta property=\"og:description\" content=\"HPP Metall offers a wide range of metal industry products, including CNC machines, laser cutters, and other equipment suitable for various industrial needs.\" \/>\n<meta property=\"og:url\" content=\"https:\/\/hppmetall.ee\/tooted\/plasmatarviku-tooted\/\" \/>\n<meta property=\"og:site_name\" content=\"HPP Metall\" \/>\n<meta property=\"article:modified_time\" content=\"2024-08-26T04:03:42+00:00\" \/>\n<meta name=\"twitter:card\" content=\"summary_large_image\" \/>\n<script type=\"application\/ld+json\" class=\"yoast-schema-graph\">{\"@context\":\"https:\/\/schema.org\",\"@graph\":[{\"@type\":\"WebPage\",\"@id\":\"https:\/\/hppmetall.ee\/tooted\/plasmatarviku-tooted\/\",\"url\":\"https:\/\/hppmetall.ee\/tooted\/plasmatarviku-tooted\/\",\"name\":\"Metal Industry Products | CNC Machines and Laser Cutters | HPP Metall\",\"isPartOf\":{\"@id\":\"https:\/\/hppmetall.ee\/#website\"},\"datePublished\":\"2018-02-01T07:21:37+00:00\",\"dateModified\":\"2024-08-26T04:03:42+00:00\",\"description\":\"HPP Metall offers a wide range of metal industry products, including CNC machines, laser cutters, and other equipment suitable for various industrial needs.\",\"breadcrumb\":{\"@id\":\"https:\/\/hppmetall.ee\/tooted\/plasmatarviku-tooted\/#breadcrumb\"},\"inLanguage\":\"en-US\",\"potentialAction\":[{\"@type\":\"ReadAction\",\"target\":[\"https:\/\/hppmetall.ee\/tooted\/plasmatarviku-tooted\/\"]}]},{\"@type\":\"BreadcrumbList\",\"@id\":\"https:\/\/hppmetall.ee\/tooted\/plasmatarviku-tooted\/#breadcrumb\",\"itemListElement\":[{\"@type\":\"ListItem\",\"position\":1,\"name\":\"Home\",\"item\":\"https:\/\/hppmetall.ee\/\"},{\"@type\":\"ListItem\",\"position\":2,\"name\":\"Products\"}]},{\"@type\":\"WebSite\",\"@id\":\"https:\/\/hppmetall.ee\/#website\",\"url\":\"https:\/\/hppmetall.ee\/\",\"name\":\"HPP Metall\",\"description\":\"Metallit\u00f6\u00f6tlemismasinate ja nende tarvikute jae- ja hulgim\u00fc\u00fck\",\"potentialAction\":[{\"@type\":\"SearchAction\",\"target\":{\"@type\":\"EntryPoint\",\"urlTemplate\":\"https:\/\/hppmetall.ee\/?s={search_term_string}\"},\"query-input\":{\"@type\":\"PropertyValueSpecification\",\"valueRequired\":true,\"valueName\":\"search_term_string\"}}],\"inLanguage\":\"en-US\"}]}<\/script>\n<!-- \/ Yoast SEO plugin. -->","yoast_head_json":{"title":"Metal Industry Products | CNC Machines and Laser Cutters | HPP Metall","description":"HPP Metall offers a wide range of metal industry products, including CNC machines, laser cutters, and other equipment suitable for various industrial needs.","robots":{"index":"index","follow":"follow","max-snippet":"max-snippet:-1","max-image-preview":"max-image-preview:large","max-video-preview":"max-video-preview:-1"},"canonical":"https:\/\/hppmetall.ee\/en\/tooted\/plasmatarviku-tooted\/","og_locale":"en_US","og_type":"article","og_title":"Metal Industry Products | CNC Machines and Laser Cutters | HPP Metall","og_description":"HPP Metall offers a wide range of metal industry products, including CNC machines, laser cutters, and other equipment suitable for various industrial needs.","og_url":"https:\/\/hppmetall.ee\/tooted\/plasmatarviku-tooted\/","og_site_name":"HPP Metall","article_modified_time":"2024-08-26T04:03:42+00:00","twitter_card":"summary_large_image","schema":{"@context":"https:\/\/schema.org","@graph":[{"@type":"WebPage","@id":"https:\/\/hppmetall.ee\/tooted\/plasmatarviku-tooted\/","url":"https:\/\/hppmetall.ee\/tooted\/plasmatarviku-tooted\/","name":"Metal Industry Products | CNC Machines and Laser Cutters | HPP Metall","isPartOf":{"@id":"https:\/\/hppmetall.ee\/#website"},"datePublished":"2018-02-01T07:21:37+00:00","dateModified":"2024-08-26T04:03:42+00:00","description":"HPP Metall offers a wide range of metal industry products, including CNC machines, laser cutters, and other equipment suitable for various industrial needs.","breadcrumb":{"@id":"https:\/\/hppmetall.ee\/tooted\/plasmatarviku-tooted\/#breadcrumb"},"inLanguage":"en-US","potentialAction":[{"@type":"ReadAction","target":["https:\/\/hppmetall.ee\/tooted\/plasmatarviku-tooted\/"]}]},{"@type":"BreadcrumbList","@id":"https:\/\/hppmetall.ee\/tooted\/plasmatarviku-tooted\/#breadcrumb","itemListElement":[{"@type":"ListItem","position":1,"name":"Home","item":"https:\/\/hppmetall.ee\/"},{"@type":"ListItem","position":2,"name":"Products"}]},{"@type":"WebSite","@id":"https:\/\/hppmetall.ee\/#website","url":"https:\/\/hppmetall.ee\/","name":"HPP Metall","description":"Metallit\u00f6\u00f6tlemismasinate ja nende tarvikute jae- ja hulgim\u00fc\u00fck","potentialAction":[{"@type":"SearchAction","target":{"@type":"EntryPoint","urlTemplate":"https:\/\/hppmetall.ee\/?s={search_term_string}"},"query-input":{"@type":"PropertyValueSpecification","valueRequired":true,"valueName":"search_term_string"}}],"inLanguage":"en-US"}]}},"_links":{"self":[{"href":"https:\/\/hppmetall.ee\/en\/wp-json\/wp\/v2\/pages\/752\/"}],"collection":[{"href":"https:\/\/hppmetall.ee\/en\/wp-json\/wp\/v2\/pages\/"}],"about":[{"href":"https:\/\/hppmetall.ee\/en\/wp-json\/wp\/v2\/types\/page\/"}],"author":[{"embeddable":true,"href":"https:\/\/hppmetall.ee\/en\/wp-json\/wp\/v2\/users\/2\/"}],"replies":[{"embeddable":true,"href":"https:\/\/hppmetall.ee\/en\/wp-json\/wp\/v2\/comments\/?post=752"}],"version-history":[{"count":1,"href":"https:\/\/hppmetall.ee\/en\/wp-json\/wp\/v2\/pages\/752\/revisions\/"}],"predecessor-version":[{"id":2200,"href":"https:\/\/hppmetall.ee\/en\/wp-json\/wp\/v2\/pages\/752\/revisions\/2200\/"}],"wp:attachment":[{"href":"https:\/\/hppmetall.ee\/en\/wp-json\/wp\/v2\/media\/?parent=752"}],"curies":[{"name":"wp","href":"https:\/\/api.w.org\/{rel}","templated":true}]}}