{"id":754,"date":"2018-02-01T09:26:02","date_gmt":"2018-02-01T07:26:02","guid":{"rendered":"https:\/\/hppmetall.ee\/products\/plasma-accessories\/"},"modified":"2018-02-01T10:20:26","modified_gmt":"2018-02-01T08:20:26","slug":"plasma-accessories","status":"publish","type":"page","link":"https:\/\/hppmetall.ee\/en\/products\/plasma-accessories\/","title":{"rendered":"Plasma accessories"},"content":{"rendered":"<div class=\"flex_column av_one_full  flex_column_div av-zero-column-padding first  \" style='border-radius:0px; '><p><div style='padding-bottom:0px;font-size:25px;' class='av-special-heading av-special-heading-h1  blockquote modern-quote   av-inherit-size'><h1 class='av-special-heading-tag'  itemprop=\"headline\"  >Sale of plasma accessories<\/h1><div class='special-heading-border'><div class='special-heading-inner-border' ><\/div><\/div><\/div><br \/>\n<div style=' margin-top:10px; margin-bottom:10px;'  class='hr hr-custom hr-left hr-icon-no  '><span class='hr-inner   inner-border-av-border-thin' style=' width:50px; border-color:#efbb20;' ><span class='hr-inner-style'><\/span><\/span><\/div><br \/>\n<section class=\"av_textblock_section\"  itemscope=\"itemscope\" itemtype=\"https:\/\/schema.org\/CreativeWork\" ><div class='avia_textblock '   itemprop=\"text\" ><p>Plasma cutting has material advantages before the other cutting methods. This is an advanced technology enabling to work fast. Thanks to high working temperatures very different types of metal can be cut and the plasma cutting mark is smooth and visually good-looking.<\/p>\n<p>Our product choice includes everything necessary for plasma cutting \u2013 heads of plasma cutting, nozzles, electrodes, spin rings. One of our major advantages is the favourable price of the products offered by us, our product choice includes the production of several little known producers that we have tested in our metal production and we are convinced in their reliability.<\/p>\n<\/div><\/section><\/p><\/div>\n","protected":false},"excerpt":{"rendered":"","protected":false},"author":2,"featured_media":0,"parent":752,"menu_order":0,"comment_status":"closed","ping_status":"closed","template":"","meta":{"footnotes":"","_links_to":"","_links_to_target":""},"class_list":["post-754","page","type-page","status-publish","hentry"],"yoast_head":"<!-- This site is optimized with the Yoast SEO plugin v27.0 - https:\/\/yoast.com\/product\/yoast-seo-wordpress\/ -->\n<title>Heads of plasma cutting, nozzles, electrodes, spin rings - HPP Trading<\/title>\n<meta name=\"description\" content=\"Our product choice includes everything necessary for plasma cutting \u2013 heads of plasma cutting, nozzles, electrodes, spin rings. Good price and reliable equipment.\" \/>\n<meta name=\"robots\" content=\"index, follow, max-snippet:-1, max-image-preview:large, max-video-preview:-1\" \/>\n<link rel=\"canonical\" href=\"https:\/\/hppmetall.ee\/en\/products\/plasma-accessories\/\" \/>\n<meta property=\"og:locale\" content=\"en_US\" \/>\n<meta property=\"og:type\" content=\"article\" \/>\n<meta property=\"og:title\" content=\"Heads of plasma cutting, nozzles, electrodes, spin rings - HPP Trading\" \/>\n<meta property=\"og:description\" content=\"Our product choice includes everything necessary for plasma cutting \u2013 heads of plasma cutting, nozzles, electrodes, spin rings. Good price and reliable equipment.\" \/>\n<meta property=\"og:url\" content=\"https:\/\/hppmetall.ee\/en\/products\/plasma-accessories\/\" \/>\n<meta property=\"og:site_name\" content=\"HPP Metall\" \/>\n<meta property=\"article:modified_time\" content=\"2018-02-01T08:20:26+00:00\" \/>\n<meta name=\"twitter:card\" content=\"summary_large_image\" \/>\n<meta name=\"twitter:label1\" content=\"Est. reading time\" \/>\n\t<meta name=\"twitter:data1\" content=\"1 minute\" \/>\n<script type=\"application\/ld+json\" class=\"yoast-schema-graph\">{\"@context\":\"https:\/\/schema.org\",\"@graph\":[{\"@type\":\"WebPage\",\"@id\":\"https:\/\/hppmetall.ee\/en\/products\/plasma-accessories\/\",\"url\":\"https:\/\/hppmetall.ee\/en\/products\/plasma-accessories\/\",\"name\":\"Heads of plasma cutting, nozzles, electrodes, spin rings - HPP Trading\",\"isPartOf\":{\"@id\":\"https:\/\/hppmetall.ee\/#website\"},\"datePublished\":\"2018-02-01T07:26:02+00:00\",\"dateModified\":\"2018-02-01T08:20:26+00:00\",\"description\":\"Our product choice includes everything necessary for plasma cutting \u2013 heads of plasma cutting, nozzles, electrodes, spin rings. Good price and reliable equipment.\",\"breadcrumb\":{\"@id\":\"https:\/\/hppmetall.ee\/en\/products\/plasma-accessories\/#breadcrumb\"},\"inLanguage\":\"en-US\",\"potentialAction\":[{\"@type\":\"ReadAction\",\"target\":[\"https:\/\/hppmetall.ee\/en\/products\/plasma-accessories\/\"]}]},{\"@type\":\"BreadcrumbList\",\"@id\":\"https:\/\/hppmetall.ee\/en\/products\/plasma-accessories\/#breadcrumb\",\"itemListElement\":[{\"@type\":\"ListItem\",\"position\":1,\"name\":\"Home\",\"item\":\"https:\/\/hppmetall.ee\/\"},{\"@type\":\"ListItem\",\"position\":2,\"name\":\"Products\",\"item\":\"https:\/\/hppmetall.ee\/tooted\/plasmatarviku-tooted\/\"},{\"@type\":\"ListItem\",\"position\":3,\"name\":\"Plasma accessories\"}]},{\"@type\":\"WebSite\",\"@id\":\"https:\/\/hppmetall.ee\/#website\",\"url\":\"https:\/\/hppmetall.ee\/\",\"name\":\"HPP Metall\",\"description\":\"Metallit\u00f6\u00f6tlemismasinate ja nende tarvikute jae- ja hulgim\u00fc\u00fck\",\"potentialAction\":[{\"@type\":\"SearchAction\",\"target\":{\"@type\":\"EntryPoint\",\"urlTemplate\":\"https:\/\/hppmetall.ee\/?s={search_term_string}\"},\"query-input\":{\"@type\":\"PropertyValueSpecification\",\"valueRequired\":true,\"valueName\":\"search_term_string\"}}],\"inLanguage\":\"en-US\"}]}<\/script>\n<!-- \/ Yoast SEO plugin. -->","yoast_head_json":{"title":"Heads of plasma cutting, nozzles, electrodes, spin rings - HPP Trading","description":"Our product choice includes everything necessary for plasma cutting \u2013 heads of plasma cutting, nozzles, electrodes, spin rings. Good price and reliable equipment.","robots":{"index":"index","follow":"follow","max-snippet":"max-snippet:-1","max-image-preview":"max-image-preview:large","max-video-preview":"max-video-preview:-1"},"canonical":"https:\/\/hppmetall.ee\/en\/products\/plasma-accessories\/","og_locale":"en_US","og_type":"article","og_title":"Heads of plasma cutting, nozzles, electrodes, spin rings - HPP Trading","og_description":"Our product choice includes everything necessary for plasma cutting \u2013 heads of plasma cutting, nozzles, electrodes, spin rings. Good price and reliable equipment.","og_url":"https:\/\/hppmetall.ee\/en\/products\/plasma-accessories\/","og_site_name":"HPP Metall","article_modified_time":"2018-02-01T08:20:26+00:00","twitter_card":"summary_large_image","twitter_misc":{"Est. reading time":"1 minute"},"schema":{"@context":"https:\/\/schema.org","@graph":[{"@type":"WebPage","@id":"https:\/\/hppmetall.ee\/en\/products\/plasma-accessories\/","url":"https:\/\/hppmetall.ee\/en\/products\/plasma-accessories\/","name":"Heads of plasma cutting, nozzles, electrodes, spin rings - HPP Trading","isPartOf":{"@id":"https:\/\/hppmetall.ee\/#website"},"datePublished":"2018-02-01T07:26:02+00:00","dateModified":"2018-02-01T08:20:26+00:00","description":"Our product choice includes everything necessary for plasma cutting \u2013 heads of plasma cutting, nozzles, electrodes, spin rings. Good price and reliable equipment.","breadcrumb":{"@id":"https:\/\/hppmetall.ee\/en\/products\/plasma-accessories\/#breadcrumb"},"inLanguage":"en-US","potentialAction":[{"@type":"ReadAction","target":["https:\/\/hppmetall.ee\/en\/products\/plasma-accessories\/"]}]},{"@type":"BreadcrumbList","@id":"https:\/\/hppmetall.ee\/en\/products\/plasma-accessories\/#breadcrumb","itemListElement":[{"@type":"ListItem","position":1,"name":"Home","item":"https:\/\/hppmetall.ee\/"},{"@type":"ListItem","position":2,"name":"Products","item":"https:\/\/hppmetall.ee\/tooted\/plasmatarviku-tooted\/"},{"@type":"ListItem","position":3,"name":"Plasma accessories"}]},{"@type":"WebSite","@id":"https:\/\/hppmetall.ee\/#website","url":"https:\/\/hppmetall.ee\/","name":"HPP Metall","description":"Metallit\u00f6\u00f6tlemismasinate ja nende tarvikute jae- ja hulgim\u00fc\u00fck","potentialAction":[{"@type":"SearchAction","target":{"@type":"EntryPoint","urlTemplate":"https:\/\/hppmetall.ee\/?s={search_term_string}"},"query-input":{"@type":"PropertyValueSpecification","valueRequired":true,"valueName":"search_term_string"}}],"inLanguage":"en-US"}]}},"_links":{"self":[{"href":"https:\/\/hppmetall.ee\/en\/wp-json\/wp\/v2\/pages\/754\/"}],"collection":[{"href":"https:\/\/hppmetall.ee\/en\/wp-json\/wp\/v2\/pages\/"}],"about":[{"href":"https:\/\/hppmetall.ee\/en\/wp-json\/wp\/v2\/types\/page\/"}],"author":[{"embeddable":true,"href":"https:\/\/hppmetall.ee\/en\/wp-json\/wp\/v2\/users\/2\/"}],"replies":[{"embeddable":true,"href":"https:\/\/hppmetall.ee\/en\/wp-json\/wp\/v2\/comments\/?post=754"}],"version-history":[{"count":3,"href":"https:\/\/hppmetall.ee\/en\/wp-json\/wp\/v2\/pages\/754\/revisions\/"}],"predecessor-version":[{"id":789,"href":"https:\/\/hppmetall.ee\/en\/wp-json\/wp\/v2\/pages\/754\/revisions\/789\/"}],"up":[{"embeddable":true,"href":"https:\/\/hppmetall.ee\/en\/wp-json\/wp\/v2\/pages\/752\/"}],"wp:attachment":[{"href":"https:\/\/hppmetall.ee\/en\/wp-json\/wp\/v2\/media\/?parent=754"}],"curies":[{"name":"wp","href":"https:\/\/api.w.org\/{rel}","templated":true}]}}