{"id":759,"date":"2018-02-01T09:29:58","date_gmt":"2018-02-01T07:29:58","guid":{"rendered":"https:\/\/hppmetall.ee\/products\/production-of-cnc-benches\/"},"modified":"2024-08-26T07:23:15","modified_gmt":"2024-08-26T04:23:15","slug":"production-of-cnc-benches","status":"publish","type":"page","link":"https:\/\/hppmetall.ee\/en\/products\/production-of-cnc-benches\/","title":{"rendered":"Production of CNC benches"},"content":{"rendered":"<div class=\"flex_column av_one_full  flex_column_div av-zero-column-padding first  \" style='border-radius:0px; '><p><div style='padding-bottom:0px;font-size:25px;' class='av-special-heading av-special-heading-h1  blockquote modern-quote   av-inherit-size'><h1 class='av-special-heading-tag'  itemprop=\"headline\"  >Production and sale of CNC benches<\/h1><div class='special-heading-border'><div class='special-heading-inner-border' ><\/div><\/div><\/div><br \/>\n<div style=' margin-top:10px; margin-bottom:10px;'  class='hr hr-custom hr-left hr-icon-no  '><span class='hr-inner   inner-border-av-border-thin' style=' width:50px; border-color:#efbb20;' ><span class='hr-inner-style'><\/span><\/span><\/div><br \/>\n<section class=\"av_textblock_section\"  itemscope=\"itemscope\" itemtype=\"https:\/\/schema.org\/CreativeWork\" ><div class='avia_textblock '   itemprop=\"text\" ><p>CNC benches controlled by IT solutions are nowadays a completely common solution even in smaller production companies. While standard solutions are sufficient for many of them, it is always worth considering the use of a CNC bench specifically based on production.<\/p>\n<p><strong>We are one of the few CNC bench manufacturers in Estonia.<\/strong> Our goal is to offer &#8220;tailored solutions&#8221;, we manufacture CNC benches for plasma cutting, laser cutting and milling exactly according to the customer&#8217;s needs.<\/p>\n<p>We give a two-year warranty on manufactured benches. All parts of the device are covered by the warranty, except for the parts of the device that are delivered by the customer himself.<\/p>\n<p>We also provide training for bench operators of CNC benches.<\/p>\n<h3>Prices of CNC benches made by us:<\/h3>\n<p>Parameters<\/p>\n<p>Plasma bench 1500&#215;3000 200A &#8211; price from 18,000 euros + km.<\/p>\n<p>Plasma bench 1500&#215;6000 200A &#8211; price from 22000 euros+km.<\/p>\n<p>Plasma bench 2000&#215;6000 200A &#8211; price from 26000 euros+km.<\/p>\n<h3>Recommendations when ordering a CNC bench:<\/h3>\n<p>When ordering a CNC bench, we recommend that you map out your needs and consider the following circumstances:<\/p>\n<h4>1) What material do you want to make the parts from?<\/h4>\n<p>If you want to cut metals, a plasma, laser or water cutter.<\/p>\n<p>If you want to cut with a thickness over 50mm, then a gas or water cutter.<\/p>\n<h4>2) CNC bench table size<\/h4>\n<p>How big parts do you want to make with a CNC bench? The size of the CNC bench worktop depends on this.<\/p>\n<p>At the same time, when choosing the size of the workbench, we recommend also based on the dimensions of the raw materials offered on the market (for example, a sheet steel plate is usually 1.5m x 3m or larger 2m x 6m)<\/p>\n<h4>3) CNC bench generator selection<\/h4>\n<p>We recommend choosing a slightly more powerful generator than is optimally necessary for the production of original parts. In case you want to change the source data in such a way that the load increases, the bench can still provide high-quality work, and you don&#8217;t have to start getting a more powerful generator for the bench or buying a new CNC bench.<\/p>\n<h4>4) \u00a0CNC bench installation conditions<\/h4>\n<p>The location of the bench should have ventilation, electricity, compressed air and proper grounding.<\/p>\n<h4>5) Filter unit with heat recovery<\/h4>\n<p>We recommend purchasing a filter unit with heat recovery, as for example, FCAW, MMA, MIG welding, thermal cutting and plasma cutting usually emit a larger amount of fumes containing solid particles, while TIG, plasma, oxygen and laser welding, laser cutting and submerged arc welding usually emit very few vapors.<\/p>\n<p>The nature of the vapors released during cutting depends on the material being cut and the coating of this material. Cutting stainless steel is potentially the most dangerous because the fumes released during cutting contain chromium and nickel. Copper and copper alloys are also often cut, and with these metals there is also a significant risk of fumes being released<\/p>\n<h4>6) Safety<\/h4>\n<p>All HPP plasma systems operate on an open circuit 300V DC high voltage principle. For safety, the workpiece and work table must be grounded.<\/p>\n<p>Do not cut near cylinders that can catch fire or explode. The distance between the balloons and the bench must be at least 3 meters<\/p>\n<\/div><\/section><\/p>\n<h3>Some examples of plasma machines manufactured by HPP Metall:<\/h3>\n<div style=\"width: 1500px;\" class=\"wp-video\"><video class=\"wp-video-shortcode\" id=\"video-759-1\" width=\"1500\" height=\"844\" preload=\"metadata\" controls=\"controls\"><source type=\"video\/mp4\" src=\"https:\/\/hppmetall.ee\/wp-content\/uploads\/2019\/03\/Plasmapink-tootmine-HPP.mp4?_=1\" \/><a href=\"https:\/\/hppmetall.ee\/wp-content\/uploads\/2019\/03\/Plasmapink-tootmine-HPP.mp4\">https:\/\/hppmetall.ee\/wp-content\/uploads\/2019\/03\/Plasmapink-tootmine-HPP.mp4<\/a><\/video><\/div><\/div>\n","protected":false},"excerpt":{"rendered":"","protected":false},"author":2,"featured_media":0,"parent":752,"menu_order":1,"comment_status":"closed","ping_status":"closed","template":"","meta":{"footnotes":"","_links_to":"","_links_to_target":""},"class_list":["post-759","page","type-page","status-publish","hentry"],"yoast_head":"<!-- This site is optimized with the Yoast SEO plugin v27.0 - https:\/\/yoast.com\/product\/yoast-seo-wordpress\/ -->\n<title>CNC Machine Production | Customized Solutions | HPP Metall<\/title>\n<meta name=\"description\" content=\"HPP Metall offers customized CNC machine production tailored to your business needs. Our solutions ensure precise and efficient manufacturing.\" \/>\n<meta name=\"robots\" content=\"index, follow, max-snippet:-1, max-image-preview:large, max-video-preview:-1\" \/>\n<link rel=\"canonical\" href=\"https:\/\/hppmetall.ee\/en\/tooted\/cnc-pinkide-tootmine\/\" \/>\n<meta property=\"og:locale\" content=\"en_US\" \/>\n<meta property=\"og:type\" content=\"article\" \/>\n<meta property=\"og:title\" content=\"CNC Machine Production | Customized Solutions | HPP Metall\" \/>\n<meta property=\"og:description\" content=\"HPP Metall offers customized CNC machine production tailored to your business needs. Our solutions ensure precise and efficient manufacturing.\" \/>\n<meta property=\"og:url\" content=\"https:\/\/hppmetall.ee\/tooted\/cnc-pinkide-tootmine\/\" \/>\n<meta property=\"og:site_name\" content=\"HPP Metall\" \/>\n<meta property=\"article:modified_time\" content=\"2024-08-26T04:23:15+00:00\" \/>\n<meta name=\"twitter:card\" content=\"summary_large_image\" \/>\n<meta name=\"twitter:label1\" content=\"Est. reading time\" \/>\n\t<meta name=\"twitter:data1\" content=\"4 minutes\" \/>\n<script type=\"application\/ld+json\" class=\"yoast-schema-graph\">{\"@context\":\"https:\/\/schema.org\",\"@graph\":[{\"@type\":\"WebPage\",\"@id\":\"https:\/\/hppmetall.ee\/tooted\/cnc-pinkide-tootmine\/\",\"url\":\"https:\/\/hppmetall.ee\/tooted\/cnc-pinkide-tootmine\/\",\"name\":\"CNC Machine Production | Customized Solutions | HPP Metall\",\"isPartOf\":{\"@id\":\"https:\/\/hppmetall.ee\/#website\"},\"datePublished\":\"2018-02-01T07:29:58+00:00\",\"dateModified\":\"2024-08-26T04:23:15+00:00\",\"description\":\"HPP Metall offers customized CNC machine production tailored to your business needs. Our solutions ensure precise and efficient manufacturing.\",\"breadcrumb\":{\"@id\":\"https:\/\/hppmetall.ee\/tooted\/cnc-pinkide-tootmine\/#breadcrumb\"},\"inLanguage\":\"en-US\",\"potentialAction\":[{\"@type\":\"ReadAction\",\"target\":[\"https:\/\/hppmetall.ee\/tooted\/cnc-pinkide-tootmine\/\"]}]},{\"@type\":\"BreadcrumbList\",\"@id\":\"https:\/\/hppmetall.ee\/tooted\/cnc-pinkide-tootmine\/#breadcrumb\",\"itemListElement\":[{\"@type\":\"ListItem\",\"position\":1,\"name\":\"Home\",\"item\":\"https:\/\/hppmetall.ee\/\"},{\"@type\":\"ListItem\",\"position\":2,\"name\":\"Products\",\"item\":\"https:\/\/hppmetall.ee\/tooted\/plasmatarviku-tooted\/\"},{\"@type\":\"ListItem\",\"position\":3,\"name\":\"Production of CNC benches\"}]},{\"@type\":\"WebSite\",\"@id\":\"https:\/\/hppmetall.ee\/#website\",\"url\":\"https:\/\/hppmetall.ee\/\",\"name\":\"HPP Metall\",\"description\":\"Metallit\u00f6\u00f6tlemismasinate ja nende tarvikute jae- ja hulgim\u00fc\u00fck\",\"potentialAction\":[{\"@type\":\"SearchAction\",\"target\":{\"@type\":\"EntryPoint\",\"urlTemplate\":\"https:\/\/hppmetall.ee\/?s={search_term_string}\"},\"query-input\":{\"@type\":\"PropertyValueSpecification\",\"valueRequired\":true,\"valueName\":\"search_term_string\"}}],\"inLanguage\":\"en-US\"}]}<\/script>\n<!-- \/ Yoast SEO plugin. -->","yoast_head_json":{"title":"CNC Machine Production | Customized Solutions | HPP Metall","description":"HPP Metall offers customized CNC machine production tailored to your business needs. Our solutions ensure precise and efficient manufacturing.","robots":{"index":"index","follow":"follow","max-snippet":"max-snippet:-1","max-image-preview":"max-image-preview:large","max-video-preview":"max-video-preview:-1"},"canonical":"https:\/\/hppmetall.ee\/en\/tooted\/cnc-pinkide-tootmine\/","og_locale":"en_US","og_type":"article","og_title":"CNC Machine Production | Customized Solutions | HPP Metall","og_description":"HPP Metall offers customized CNC machine production tailored to your business needs. Our solutions ensure precise and efficient manufacturing.","og_url":"https:\/\/hppmetall.ee\/tooted\/cnc-pinkide-tootmine\/","og_site_name":"HPP Metall","article_modified_time":"2024-08-26T04:23:15+00:00","twitter_card":"summary_large_image","twitter_misc":{"Est. reading time":"4 minutes"},"schema":{"@context":"https:\/\/schema.org","@graph":[{"@type":"WebPage","@id":"https:\/\/hppmetall.ee\/tooted\/cnc-pinkide-tootmine\/","url":"https:\/\/hppmetall.ee\/tooted\/cnc-pinkide-tootmine\/","name":"CNC Machine Production | Customized Solutions | HPP Metall","isPartOf":{"@id":"https:\/\/hppmetall.ee\/#website"},"datePublished":"2018-02-01T07:29:58+00:00","dateModified":"2024-08-26T04:23:15+00:00","description":"HPP Metall offers customized CNC machine production tailored to your business needs. Our solutions ensure precise and efficient manufacturing.","breadcrumb":{"@id":"https:\/\/hppmetall.ee\/tooted\/cnc-pinkide-tootmine\/#breadcrumb"},"inLanguage":"en-US","potentialAction":[{"@type":"ReadAction","target":["https:\/\/hppmetall.ee\/tooted\/cnc-pinkide-tootmine\/"]}]},{"@type":"BreadcrumbList","@id":"https:\/\/hppmetall.ee\/tooted\/cnc-pinkide-tootmine\/#breadcrumb","itemListElement":[{"@type":"ListItem","position":1,"name":"Home","item":"https:\/\/hppmetall.ee\/"},{"@type":"ListItem","position":2,"name":"Products","item":"https:\/\/hppmetall.ee\/tooted\/plasmatarviku-tooted\/"},{"@type":"ListItem","position":3,"name":"Production of CNC benches"}]},{"@type":"WebSite","@id":"https:\/\/hppmetall.ee\/#website","url":"https:\/\/hppmetall.ee\/","name":"HPP Metall","description":"Metallit\u00f6\u00f6tlemismasinate ja nende tarvikute jae- ja hulgim\u00fc\u00fck","potentialAction":[{"@type":"SearchAction","target":{"@type":"EntryPoint","urlTemplate":"https:\/\/hppmetall.ee\/?s={search_term_string}"},"query-input":{"@type":"PropertyValueSpecification","valueRequired":true,"valueName":"search_term_string"}}],"inLanguage":"en-US"}]}},"_links":{"self":[{"href":"https:\/\/hppmetall.ee\/en\/wp-json\/wp\/v2\/pages\/759\/"}],"collection":[{"href":"https:\/\/hppmetall.ee\/en\/wp-json\/wp\/v2\/pages\/"}],"about":[{"href":"https:\/\/hppmetall.ee\/en\/wp-json\/wp\/v2\/types\/page\/"}],"author":[{"embeddable":true,"href":"https:\/\/hppmetall.ee\/en\/wp-json\/wp\/v2\/users\/2\/"}],"replies":[{"embeddable":true,"href":"https:\/\/hppmetall.ee\/en\/wp-json\/wp\/v2\/comments\/?post=759"}],"version-history":[{"count":11,"href":"https:\/\/hppmetall.ee\/en\/wp-json\/wp\/v2\/pages\/759\/revisions\/"}],"predecessor-version":[{"id":2221,"href":"https:\/\/hppmetall.ee\/en\/wp-json\/wp\/v2\/pages\/759\/revisions\/2221\/"}],"up":[{"embeddable":true,"href":"https:\/\/hppmetall.ee\/en\/wp-json\/wp\/v2\/pages\/752\/"}],"wp:attachment":[{"href":"https:\/\/hppmetall.ee\/en\/wp-json\/wp\/v2\/media\/?parent=759"}],"curies":[{"name":"wp","href":"https:\/\/api.w.org\/{rel}","templated":true}]}}