{"id":764,"date":"2018-02-01T09:33:44","date_gmt":"2018-02-01T07:33:44","guid":{"rendered":"https:\/\/hppmetall.ee\/products\/welding-equipment\/"},"modified":"2018-02-01T10:22:06","modified_gmt":"2018-02-01T08:22:06","slug":"welding-equipment","status":"publish","type":"page","link":"https:\/\/hppmetall.ee\/en\/products\/welding-equipment\/","title":{"rendered":"Welding equipment"},"content":{"rendered":"<div class=\"flex_column av_one_full  flex_column_div av-zero-column-padding first  \" style='border-radius:0px; '><p><div style='padding-bottom:10px;font-size:25px;' class='av-special-heading av-special-heading-h1  blockquote modern-quote   av-inherit-size'><h1 class='av-special-heading-tag'  itemprop=\"headline\"  >Sale of welding equipment<\/h1><div class='special-heading-border'><div class='special-heading-inner-border' ><\/div><\/div><\/div><br \/>\n<div style=' margin-top:0px; margin-bottom:20px;'  class='hr hr-custom hr-left hr-icon-no '><span class='hr-inner   inner-border-av-border-thin' style=' width:50px; border-color:#efbb20;' ><span class='hr-inner-style'><\/span><\/span><\/div><br \/>\n<section class=\"av_textblock_section\"  itemscope=\"itemscope\" itemtype=\"https:\/\/schema.org\/CreativeWork\" ><div class='avia_textblock '   itemprop=\"text\" ><p>We sell welding equipment for industrial as well as domestic use (MIG\/MAG; AC\/DC TIG; electrode welding). Our main advantage is a favourable price level, as the choice includes the welding equipment and their wearing parts of several less known producers.<\/p>\n<p>Is this equipment also reliable? We confirm it \u2013 as we ourselves daily deal with metalworks, we sell only equipment that we have used ourselves. As experts, we can point out positive and negatives sides of different equipment and also predict the lifetime of the equipment and wearing parts on sale.<\/p>\n<\/div><\/section><\/p><\/div>\n","protected":false},"excerpt":{"rendered":"","protected":false},"author":2,"featured_media":0,"parent":752,"menu_order":3,"comment_status":"closed","ping_status":"closed","template":"","meta":{"footnotes":"","_links_to":"","_links_to_target":""},"class_list":["post-764","page","type-page","status-publish","hentry"],"yoast_head":"<!-- This site is optimized with the Yoast SEO plugin v27.0 - https:\/\/yoast.com\/product\/yoast-seo-wordpress\/ -->\n<title>Sale of welding equipment - HPP Trading<\/title>\n<meta name=\"description\" content=\"We sell welding equipment for industrial as well as domestic use (MIG\/MAG; AC\/DC TIG; electrode welding). High-quality equipment with good price!\" \/>\n<meta name=\"robots\" content=\"index, follow, max-snippet:-1, max-image-preview:large, max-video-preview:-1\" \/>\n<link rel=\"canonical\" href=\"https:\/\/hppmetall.ee\/en\/products\/welding-equipment\/\" \/>\n<meta property=\"og:locale\" content=\"en_US\" \/>\n<meta property=\"og:type\" content=\"article\" \/>\n<meta property=\"og:title\" content=\"Sale of welding equipment - HPP Trading\" \/>\n<meta property=\"og:description\" content=\"We sell welding equipment for industrial as well as domestic use (MIG\/MAG; AC\/DC TIG; electrode welding). High-quality equipment with good price!\" \/>\n<meta property=\"og:url\" content=\"https:\/\/hppmetall.ee\/en\/products\/welding-equipment\/\" \/>\n<meta property=\"og:site_name\" content=\"HPP Metall\" \/>\n<meta property=\"article:modified_time\" content=\"2018-02-01T08:22:06+00:00\" \/>\n<meta name=\"twitter:card\" content=\"summary_large_image\" \/>\n<meta name=\"twitter:label1\" content=\"Est. reading time\" \/>\n\t<meta name=\"twitter:data1\" content=\"1 minute\" \/>\n<script type=\"application\/ld+json\" class=\"yoast-schema-graph\">{\"@context\":\"https:\/\/schema.org\",\"@graph\":[{\"@type\":\"WebPage\",\"@id\":\"https:\/\/hppmetall.ee\/en\/products\/welding-equipment\/\",\"url\":\"https:\/\/hppmetall.ee\/en\/products\/welding-equipment\/\",\"name\":\"Sale of welding equipment - HPP Trading\",\"isPartOf\":{\"@id\":\"https:\/\/hppmetall.ee\/#website\"},\"datePublished\":\"2018-02-01T07:33:44+00:00\",\"dateModified\":\"2018-02-01T08:22:06+00:00\",\"description\":\"We sell welding equipment for industrial as well as domestic use (MIG\/MAG; AC\/DC TIG; electrode welding). High-quality equipment with good price!\",\"breadcrumb\":{\"@id\":\"https:\/\/hppmetall.ee\/en\/products\/welding-equipment\/#breadcrumb\"},\"inLanguage\":\"en-US\",\"potentialAction\":[{\"@type\":\"ReadAction\",\"target\":[\"https:\/\/hppmetall.ee\/en\/products\/welding-equipment\/\"]}]},{\"@type\":\"BreadcrumbList\",\"@id\":\"https:\/\/hppmetall.ee\/en\/products\/welding-equipment\/#breadcrumb\",\"itemListElement\":[{\"@type\":\"ListItem\",\"position\":1,\"name\":\"Home\",\"item\":\"https:\/\/hppmetall.ee\/\"},{\"@type\":\"ListItem\",\"position\":2,\"name\":\"Products\",\"item\":\"https:\/\/hppmetall.ee\/tooted\/plasmatarviku-tooted\/\"},{\"@type\":\"ListItem\",\"position\":3,\"name\":\"Welding equipment\"}]},{\"@type\":\"WebSite\",\"@id\":\"https:\/\/hppmetall.ee\/#website\",\"url\":\"https:\/\/hppmetall.ee\/\",\"name\":\"HPP Metall\",\"description\":\"Metallit\u00f6\u00f6tlemismasinate ja nende tarvikute jae- ja hulgim\u00fc\u00fck\",\"potentialAction\":[{\"@type\":\"SearchAction\",\"target\":{\"@type\":\"EntryPoint\",\"urlTemplate\":\"https:\/\/hppmetall.ee\/?s={search_term_string}\"},\"query-input\":{\"@type\":\"PropertyValueSpecification\",\"valueRequired\":true,\"valueName\":\"search_term_string\"}}],\"inLanguage\":\"en-US\"}]}<\/script>\n<!-- \/ Yoast SEO plugin. -->","yoast_head_json":{"title":"Sale of welding equipment - HPP Trading","description":"We sell welding equipment for industrial as well as domestic use (MIG\/MAG; AC\/DC TIG; electrode welding). High-quality equipment with good price!","robots":{"index":"index","follow":"follow","max-snippet":"max-snippet:-1","max-image-preview":"max-image-preview:large","max-video-preview":"max-video-preview:-1"},"canonical":"https:\/\/hppmetall.ee\/en\/products\/welding-equipment\/","og_locale":"en_US","og_type":"article","og_title":"Sale of welding equipment - HPP Trading","og_description":"We sell welding equipment for industrial as well as domestic use (MIG\/MAG; AC\/DC TIG; electrode welding). High-quality equipment with good price!","og_url":"https:\/\/hppmetall.ee\/en\/products\/welding-equipment\/","og_site_name":"HPP Metall","article_modified_time":"2018-02-01T08:22:06+00:00","twitter_card":"summary_large_image","twitter_misc":{"Est. reading time":"1 minute"},"schema":{"@context":"https:\/\/schema.org","@graph":[{"@type":"WebPage","@id":"https:\/\/hppmetall.ee\/en\/products\/welding-equipment\/","url":"https:\/\/hppmetall.ee\/en\/products\/welding-equipment\/","name":"Sale of welding equipment - HPP Trading","isPartOf":{"@id":"https:\/\/hppmetall.ee\/#website"},"datePublished":"2018-02-01T07:33:44+00:00","dateModified":"2018-02-01T08:22:06+00:00","description":"We sell welding equipment for industrial as well as domestic use (MIG\/MAG; AC\/DC TIG; electrode welding). High-quality equipment with good price!","breadcrumb":{"@id":"https:\/\/hppmetall.ee\/en\/products\/welding-equipment\/#breadcrumb"},"inLanguage":"en-US","potentialAction":[{"@type":"ReadAction","target":["https:\/\/hppmetall.ee\/en\/products\/welding-equipment\/"]}]},{"@type":"BreadcrumbList","@id":"https:\/\/hppmetall.ee\/en\/products\/welding-equipment\/#breadcrumb","itemListElement":[{"@type":"ListItem","position":1,"name":"Home","item":"https:\/\/hppmetall.ee\/"},{"@type":"ListItem","position":2,"name":"Products","item":"https:\/\/hppmetall.ee\/tooted\/plasmatarviku-tooted\/"},{"@type":"ListItem","position":3,"name":"Welding equipment"}]},{"@type":"WebSite","@id":"https:\/\/hppmetall.ee\/#website","url":"https:\/\/hppmetall.ee\/","name":"HPP Metall","description":"Metallit\u00f6\u00f6tlemismasinate ja nende tarvikute jae- ja hulgim\u00fc\u00fck","potentialAction":[{"@type":"SearchAction","target":{"@type":"EntryPoint","urlTemplate":"https:\/\/hppmetall.ee\/?s={search_term_string}"},"query-input":{"@type":"PropertyValueSpecification","valueRequired":true,"valueName":"search_term_string"}}],"inLanguage":"en-US"}]}},"_links":{"self":[{"href":"https:\/\/hppmetall.ee\/en\/wp-json\/wp\/v2\/pages\/764\/"}],"collection":[{"href":"https:\/\/hppmetall.ee\/en\/wp-json\/wp\/v2\/pages\/"}],"about":[{"href":"https:\/\/hppmetall.ee\/en\/wp-json\/wp\/v2\/types\/page\/"}],"author":[{"embeddable":true,"href":"https:\/\/hppmetall.ee\/en\/wp-json\/wp\/v2\/users\/2\/"}],"replies":[{"embeddable":true,"href":"https:\/\/hppmetall.ee\/en\/wp-json\/wp\/v2\/comments\/?post=764"}],"version-history":[{"count":3,"href":"https:\/\/hppmetall.ee\/en\/wp-json\/wp\/v2\/pages\/764\/revisions\/"}],"predecessor-version":[{"id":793,"href":"https:\/\/hppmetall.ee\/en\/wp-json\/wp\/v2\/pages\/764\/revisions\/793\/"}],"up":[{"embeddable":true,"href":"https:\/\/hppmetall.ee\/en\/wp-json\/wp\/v2\/pages\/752\/"}],"wp:attachment":[{"href":"https:\/\/hppmetall.ee\/en\/wp-json\/wp\/v2\/media\/?parent=764"}],"curies":[{"name":"wp","href":"https:\/\/api.w.org\/{rel}","templated":true}]}}