{"id":1372,"date":"2015-10-15T15:32:40","date_gmt":"2015-10-15T15:32:40","guid":{"rendered":"https:\/\/hppmetall.ee\/kontakt\/"},"modified":"2024-08-26T06:47:40","modified_gmt":"2024-08-26T03:47:40","slug":"kontakt","status":"publish","type":"page","link":"https:\/\/hppmetall.ee\/fi\/kontakt\/","title":{"rendered":"Kontakt"},"content":{"rendered":"<div class=\"flex_column av_one_half  flex_column_div av-zero-column-padding first  \" style='border-radius:0px; '><p><div style='padding-bottom:0px;font-size:24px;' class='av-special-heading av-special-heading-h2  blockquote modern-quote   av-inherit-size'><h2 class='av-special-heading-tag'  itemprop=\"headline\"  >Yritystiedot<\/h2><div class='special-heading-border'><div class='special-heading-inner-border' ><\/div><\/div><\/div><br \/>\n<div style=' margin-top:10px; margin-bottom:20px;'  class='hr hr-custom hr-left hr-icon-no  '><span class='hr-inner   inner-border-av-border-fat' style=' width:50px; border-color:#efbb20;' ><span class='hr-inner-style'><\/span><\/span><\/div><br \/>\n<section class=\"av_textblock_section\"  itemscope=\"itemscope\" itemtype=\"https:\/\/schema.org\/CreativeWork\" ><div class='avia_textblock '   itemprop=\"text\" ><p>Uus 5, M\u00e4rjamaa, Raplamaa, 78301<\/p>\n<p>Tuotanto: Uus 5, M\u00e4rjamaa alev, 78302 Raplamaa<\/p>\n<p>Puhelin : <a href=\"tel:+3725089368\">(+372) 508 9368<\/a><\/p>\n<p>S\u00e4hk\u00f6posti : <a href=\"mailto:info@hpptrading.com\">info@hpptrading.com<\/a><\/p>\n<p>Yhti\u00f6koodi: 14880625<\/p>\n<p>ALV-numero: EE102221347<\/p>\n<\/div><\/section><\/p><\/div>\n<div class=\"flex_column av_one_half  av-animated-generic bottom-to-top  flex_column_div av-zero-column-padding   \" style='border-radius:0px; '><p><div style='padding-bottom:0px;font-size:24px;' class='av-special-heading av-special-heading-h2  blockquote modern-quote   av-inherit-size'><h2 class='av-special-heading-tag'  itemprop=\"headline\"  >Palautelomake<\/h2><div class='special-heading-border'><div class='special-heading-inner-border' ><\/div><\/div><\/div><br \/>\n<div style=' margin-top:10px; margin-bottom:0px;'  class='hr hr-custom hr-left hr-icon-no  '><span class='hr-inner   inner-border-av-border-fat' style=' width:50px; border-color:#efbb20;' ><span class='hr-inner-style'><\/span><\/span><\/div><br \/>\n<form action=\"https:\/\/hppmetall.ee\/fi\/kontakt\/\" method=\"post\"  class=\"avia_ajax_form av-form-labels-visible    \" data-avia-form-id=\"1\" data-avia-redirect=''><fieldset><p class=' first_form  form_element form_element_half' id='element_avia_1_1'><label for=\"avia_1_1\">Sinun nimesi <abbr class=\"required\" title=\"required\">*<\/abbr><\/label> <input name=\"avia_1_1\" class=\"text_input is_empty\" type=\"text\" id=\"avia_1_1\" value=\"\" \/><\/p><p class=' form_element form_element_half' id='element_avia_2_1'><label for=\"avia_2_1\">Puhelin <abbr class=\"required\" title=\"required\">*<\/abbr><\/label> <input name=\"avia_2_1\" class=\"text_input is_phone\" type=\"text\" id=\"avia_2_1\" value=\"\" \/><\/p><p class=' first_form  form_element form_fullwidth' id='element_avia_3_1'><label for=\"avia_3_1\">S\u00e4hk\u00f6postiosoite <abbr class=\"required\" title=\"required\">*<\/abbr><\/label> <input name=\"avia_3_1\" class=\"text_input is_email\" type=\"text\" id=\"avia_3_1\" value=\"\" \/><\/p><p class=' first_form  form_element form_fullwidth' id='element_avia_4_1'>\t <label for=\"avia_4_1\" class=\"textare_label hidden textare_label_avia_4_1\">Viestisi <abbr class=\"required\" title=\"required\">*<\/abbr><\/label>\t <textarea  name=\"avia_4_1\" class=\"text_area is_empty\" cols=\"40\" rows=\"7\" id=\"avia_4_1\" ><\/textarea><\/p><p class=\"hidden\"><input type=\"text\" name=\"avia_5_1\" class=\"hidden \" id=\"avia_5_1\" value=\"\" \/><\/p><p class='' id='element_avia_6_1'>    <span class='value_verifier_label'>1 + 0 = ?<\/span>    <input name=\"avia_6_1_verifier\" type=\"hidden\" id=\"avia_6_1_verifier\" value=\"187664136\"\/><label for=\"avia_6_1\">Ole hyv\u00e4 ja todista, ett\u00e4 olet ihminen ratkaisemalla yht\u00e4l\u00f6 <abbr class=\"required\" title=\"required\">*<\/abbr><\/label>    <input name=\"avia_6_1\" class=\"text_input captcha\" type=\"text\" id=\"avia_6_1\" value=\"\"\/><\/p><p class=\"form_element \"><input type=\"hidden\" value=\"1\" name=\"avia_generated_form1\" \/><input type=\"submit\" value=\"L\u00e4het\u00e4 meille viesti!\" class=\"button\"  data-sending-label=\"Sending\"\/><\/p><\/fieldset><\/form><div id=\"ajaxresponse_1\" class=\"ajaxresponse ajaxresponse_1 hidden\"><\/div><\/p><\/div>\n","protected":false},"excerpt":{"rendered":"","protected":false},"author":2,"featured_media":0,"parent":0,"menu_order":0,"comment_status":"closed","ping_status":"closed","template":"","meta":{"footnotes":"","_links_to":"","_links_to_target":""},"class_list":["post-1372","page","type-page","status-publish","hentry"],"yoast_head":"<!-- This site is optimized with the Yoast SEO plugin v27.0 - https:\/\/yoast.com\/product\/yoast-seo-wordpress\/ -->\n<title>Ota yhteytt\u00e4 HPP Metall | Yhteydenotto<\/title>\n<meta name=\"description\" content=\"Ota yhteytt\u00e4 HPP Metallin tiimiin saadaksesi tietoa palveluistamme ja tuotteistamme. Soita, l\u00e4het\u00e4 s\u00e4hk\u00f6postia tai vieraile toimistollamme.\" \/>\n<meta name=\"robots\" content=\"index, follow, max-snippet:-1, max-image-preview:large, max-video-preview:-1\" \/>\n<link rel=\"canonical\" href=\"https:\/\/hppmetall.ee\/fi\/kontakt\/\" \/>\n<meta property=\"og:locale\" content=\"fi_FI\" \/>\n<meta property=\"og:type\" content=\"article\" \/>\n<meta property=\"og:title\" content=\"Ota yhteytt\u00e4 HPP Metall | Yhteydenotto\" \/>\n<meta property=\"og:description\" content=\"Ota yhteytt\u00e4 HPP Metallin tiimiin saadaksesi tietoa palveluistamme ja tuotteistamme. Soita, l\u00e4het\u00e4 s\u00e4hk\u00f6postia tai vieraile toimistollamme.\" \/>\n<meta property=\"og:url\" content=\"https:\/\/hppmetall.ee\/fi\/kontakt\/\" \/>\n<meta property=\"og:site_name\" content=\"HPP Metall\" \/>\n<meta property=\"article:modified_time\" content=\"2024-08-26T03:47:40+00:00\" \/>\n<meta name=\"twitter:card\" content=\"summary_large_image\" \/>\n<meta name=\"twitter:label1\" content=\"Arvioitu lukuaika\" \/>\n\t<meta name=\"twitter:data1\" content=\"1 minuutti\" \/>\n<script type=\"application\/ld+json\" class=\"yoast-schema-graph\">{\"@context\":\"https:\/\/schema.org\",\"@graph\":[{\"@type\":\"WebPage\",\"@id\":\"https:\/\/hppmetall.ee\/fi\/kontakt\/\",\"url\":\"https:\/\/hppmetall.ee\/fi\/kontakt\/\",\"name\":\"Ota yhteytt\u00e4 HPP Metall | Yhteydenotto\",\"isPartOf\":{\"@id\":\"https:\/\/hppmetall.ee\/#website\"},\"datePublished\":\"2015-10-15T15:32:40+00:00\",\"dateModified\":\"2024-08-26T03:47:40+00:00\",\"description\":\"Ota yhteytt\u00e4 HPP Metallin tiimiin saadaksesi tietoa palveluistamme ja tuotteistamme. Soita, l\u00e4het\u00e4 s\u00e4hk\u00f6postia tai vieraile toimistollamme.\",\"breadcrumb\":{\"@id\":\"https:\/\/hppmetall.ee\/fi\/kontakt\/#breadcrumb\"},\"inLanguage\":\"fi\",\"potentialAction\":[{\"@type\":\"ReadAction\",\"target\":[\"https:\/\/hppmetall.ee\/fi\/kontakt\/\"]}]},{\"@type\":\"BreadcrumbList\",\"@id\":\"https:\/\/hppmetall.ee\/fi\/kontakt\/#breadcrumb\",\"itemListElement\":[{\"@type\":\"ListItem\",\"position\":1,\"name\":\"Home\",\"item\":\"https:\/\/hppmetall.ee\/\"},{\"@type\":\"ListItem\",\"position\":2,\"name\":\"Kontakt\"}]},{\"@type\":\"WebSite\",\"@id\":\"https:\/\/hppmetall.ee\/#website\",\"url\":\"https:\/\/hppmetall.ee\/\",\"name\":\"HPP Metall\",\"description\":\"Metallit\u00f6\u00f6tlemismasinate ja nende tarvikute jae- ja hulgim\u00fc\u00fck\",\"potentialAction\":[{\"@type\":\"SearchAction\",\"target\":{\"@type\":\"EntryPoint\",\"urlTemplate\":\"https:\/\/hppmetall.ee\/?s={search_term_string}\"},\"query-input\":{\"@type\":\"PropertyValueSpecification\",\"valueRequired\":true,\"valueName\":\"search_term_string\"}}],\"inLanguage\":\"fi\"}]}<\/script>\n<!-- \/ Yoast SEO plugin. -->","yoast_head_json":{"title":"Ota yhteytt\u00e4 HPP Metall | Yhteydenotto","description":"Ota yhteytt\u00e4 HPP Metallin tiimiin saadaksesi tietoa palveluistamme ja tuotteistamme. Soita, l\u00e4het\u00e4 s\u00e4hk\u00f6postia tai vieraile toimistollamme.","robots":{"index":"index","follow":"follow","max-snippet":"max-snippet:-1","max-image-preview":"max-image-preview:large","max-video-preview":"max-video-preview:-1"},"canonical":"https:\/\/hppmetall.ee\/fi\/kontakt\/","og_locale":"fi_FI","og_type":"article","og_title":"Ota yhteytt\u00e4 HPP Metall | Yhteydenotto","og_description":"Ota yhteytt\u00e4 HPP Metallin tiimiin saadaksesi tietoa palveluistamme ja tuotteistamme. Soita, l\u00e4het\u00e4 s\u00e4hk\u00f6postia tai vieraile toimistollamme.","og_url":"https:\/\/hppmetall.ee\/fi\/kontakt\/","og_site_name":"HPP Metall","article_modified_time":"2024-08-26T03:47:40+00:00","twitter_card":"summary_large_image","twitter_misc":{"Arvioitu lukuaika":"1 minuutti"},"schema":{"@context":"https:\/\/schema.org","@graph":[{"@type":"WebPage","@id":"https:\/\/hppmetall.ee\/fi\/kontakt\/","url":"https:\/\/hppmetall.ee\/fi\/kontakt\/","name":"Ota yhteytt\u00e4 HPP Metall | Yhteydenotto","isPartOf":{"@id":"https:\/\/hppmetall.ee\/#website"},"datePublished":"2015-10-15T15:32:40+00:00","dateModified":"2024-08-26T03:47:40+00:00","description":"Ota yhteytt\u00e4 HPP Metallin tiimiin saadaksesi tietoa palveluistamme ja tuotteistamme. Soita, l\u00e4het\u00e4 s\u00e4hk\u00f6postia tai vieraile toimistollamme.","breadcrumb":{"@id":"https:\/\/hppmetall.ee\/fi\/kontakt\/#breadcrumb"},"inLanguage":"fi","potentialAction":[{"@type":"ReadAction","target":["https:\/\/hppmetall.ee\/fi\/kontakt\/"]}]},{"@type":"BreadcrumbList","@id":"https:\/\/hppmetall.ee\/fi\/kontakt\/#breadcrumb","itemListElement":[{"@type":"ListItem","position":1,"name":"Home","item":"https:\/\/hppmetall.ee\/"},{"@type":"ListItem","position":2,"name":"Kontakt"}]},{"@type":"WebSite","@id":"https:\/\/hppmetall.ee\/#website","url":"https:\/\/hppmetall.ee\/","name":"HPP Metall","description":"Metallit\u00f6\u00f6tlemismasinate ja nende tarvikute jae- ja hulgim\u00fc\u00fck","potentialAction":[{"@type":"SearchAction","target":{"@type":"EntryPoint","urlTemplate":"https:\/\/hppmetall.ee\/?s={search_term_string}"},"query-input":{"@type":"PropertyValueSpecification","valueRequired":true,"valueName":"search_term_string"}}],"inLanguage":"fi"}]}},"_links":{"self":[{"href":"https:\/\/hppmetall.ee\/fi\/wp-json\/wp\/v2\/pages\/1372\/"}],"collection":[{"href":"https:\/\/hppmetall.ee\/fi\/wp-json\/wp\/v2\/pages\/"}],"about":[{"href":"https:\/\/hppmetall.ee\/fi\/wp-json\/wp\/v2\/types\/page\/"}],"author":[{"embeddable":true,"href":"https:\/\/hppmetall.ee\/fi\/wp-json\/wp\/v2\/users\/2\/"}],"replies":[{"embeddable":true,"href":"https:\/\/hppmetall.ee\/fi\/wp-json\/wp\/v2\/comments\/?post=1372"}],"version-history":[{"count":3,"href":"https:\/\/hppmetall.ee\/fi\/wp-json\/wp\/v2\/pages\/1372\/revisions\/"}],"predecessor-version":[{"id":2171,"href":"https:\/\/hppmetall.ee\/fi\/wp-json\/wp\/v2\/pages\/1372\/revisions\/2171\/"}],"wp:attachment":[{"href":"https:\/\/hppmetall.ee\/fi\/wp-json\/wp\/v2\/media\/?parent=1372"}],"curies":[{"name":"wp","href":"https:\/\/api.w.org\/{rel}","templated":true}]}}