{"id":1377,"date":"2023-05-23T08:35:27","date_gmt":"2023-05-23T05:35:27","guid":{"rendered":"https:\/\/hppmetall.ee\/laserleikkauskoneet\/"},"modified":"2024-08-26T06:50:02","modified_gmt":"2024-08-26T03:50:02","slug":"laserleikkauskoneet","status":"publish","type":"page","link":"https:\/\/hppmetall.ee\/fi\/laserleikkauskoneet\/","title":{"rendered":"Laserleikkauskoneet"},"content":{"rendered":"<p>Olemme Jinan XD Laser Machine Co., Ltd. virallinen edustaja Virossa ja meilt\u00e4 on mahdollista ostaa kaikki t\u00e4m\u00e4n yrityksen listaamat laitteet.<\/p>\n<p>Sek\u00e4 levy- ett\u00e4 putkilaserleikkauskoneita on saatavana sek\u00e4 manuaalisilla ett\u00e4 automaattisilla lastausj\u00e4rjestelmill\u00e4.<\/p>\n<h3>XD laserleikkauskoneet:<\/h3>\n<p><img loading=\"lazy\" decoding=\"async\" class=\"size-medium wp-image-882\" src=\"https:\/\/hppmetall.ee\/wp-content\/uploads\/2019\/03\/Laserpingid-tehas-Bodor_6-300x200.jpg\" alt=\"Laserpingid Bodor tehases\" width=\"300\" height=\"200\" srcset=\"https:\/\/hppmetall.ee\/wp-content\/uploads\/2019\/03\/Laserpingid-tehas-Bodor_6-300x200.jpg 300w, https:\/\/hppmetall.ee\/wp-content\/uploads\/2019\/03\/Laserpingid-tehas-Bodor_6-768x512.jpg 768w, https:\/\/hppmetall.ee\/wp-content\/uploads\/2019\/03\/Laserpingid-tehas-Bodor_6-1030x686.jpg 1030w, https:\/\/hppmetall.ee\/wp-content\/uploads\/2019\/03\/Laserpingid-tehas-Bodor_6-1500x1000.jpg 1500w, https:\/\/hppmetall.ee\/wp-content\/uploads\/2019\/03\/Laserpingid-tehas-Bodor_6-705x470.jpg 705w, https:\/\/hppmetall.ee\/wp-content\/uploads\/2019\/03\/Laserpingid-tehas-Bodor_6-450x300.jpg 450w, https:\/\/hppmetall.ee\/wp-content\/uploads\/2019\/03\/Laserpingid-tehas-Bodor_6.jpg 2000w\" sizes=\"auto, (max-width: 300px) 100vw, 300px\" \/><\/p>\n<p><img loading=\"lazy\" decoding=\"async\" class=\"size-medium wp-image-888\" src=\"https:\/\/hppmetall.ee\/wp-content\/uploads\/2019\/03\/Laserpink-torul\u00f5ikus-Bodor-t\u00fc\u00fcp-T2-300x200.jpg\" alt=\"Laserpink torul\u00f5ikus Bodor t\u00fc\u00fcp T\" width=\"300\" height=\"200\" srcset=\"https:\/\/hppmetall.ee\/wp-content\/uploads\/2019\/03\/Laserpink-torul\u00f5ikus-Bodor-t\u00fc\u00fcp-T2-300x200.jpg 300w, https:\/\/hppmetall.ee\/wp-content\/uploads\/2019\/03\/Laserpink-torul\u00f5ikus-Bodor-t\u00fc\u00fcp-T2-768x512.jpg 768w, https:\/\/hppmetall.ee\/wp-content\/uploads\/2019\/03\/Laserpink-torul\u00f5ikus-Bodor-t\u00fc\u00fcp-T2-1030x687.jpg 1030w, https:\/\/hppmetall.ee\/wp-content\/uploads\/2019\/03\/Laserpink-torul\u00f5ikus-Bodor-t\u00fc\u00fcp-T2-1500x1000.jpg 1500w, https:\/\/hppmetall.ee\/wp-content\/uploads\/2019\/03\/Laserpink-torul\u00f5ikus-Bodor-t\u00fc\u00fcp-T2-705x470.jpg 705w, https:\/\/hppmetall.ee\/wp-content\/uploads\/2019\/03\/Laserpink-torul\u00f5ikus-Bodor-t\u00fc\u00fcp-T2-450x300.jpg 450w\" sizes=\"auto, (max-width: 300px) 100vw, 300px\" \/><\/p>\n<p><img loading=\"lazy\" decoding=\"async\" class=\"size-medium wp-image-886\" src=\"https:\/\/hppmetall.ee\/wp-content\/uploads\/2019\/03\/Laserpink-leht-ja-toru-t\u00fc\u00fcp-F-T1-1-300x200.jpg\" alt=\"Laserpink leht ja toru Bodor t\u00fc\u00fcp F-T\" width=\"300\" height=\"200\" srcset=\"https:\/\/hppmetall.ee\/wp-content\/uploads\/2019\/03\/Laserpink-leht-ja-toru-t\u00fc\u00fcp-F-T1-1-300x200.jpg 300w, https:\/\/hppmetall.ee\/wp-content\/uploads\/2019\/03\/Laserpink-leht-ja-toru-t\u00fc\u00fcp-F-T1-1-768x512.jpg 768w, https:\/\/hppmetall.ee\/wp-content\/uploads\/2019\/03\/Laserpink-leht-ja-toru-t\u00fc\u00fcp-F-T1-1-1030x687.jpg 1030w, https:\/\/hppmetall.ee\/wp-content\/uploads\/2019\/03\/Laserpink-leht-ja-toru-t\u00fc\u00fcp-F-T1-1-1500x1000.jpg 1500w, https:\/\/hppmetall.ee\/wp-content\/uploads\/2019\/03\/Laserpink-leht-ja-toru-t\u00fc\u00fcp-F-T1-1-705x470.jpg 705w, https:\/\/hppmetall.ee\/wp-content\/uploads\/2019\/03\/Laserpink-leht-ja-toru-t\u00fc\u00fcp-F-T1-1-450x300.jpg 450w\" sizes=\"auto, (max-width: 300px) 100vw, 300px\" \/><\/p>\n<p><img loading=\"lazy\" decoding=\"async\" class=\"size-medium wp-image-884\" src=\"https:\/\/hppmetall.ee\/wp-content\/uploads\/2019\/03\/Laserpink-leht-ja-toru-t\u00fc\u00fcp-F-T1-300x200.jpg\" alt=\"Laserpink leht ja toru Bodor t\u00fc\u00fcp F-T\" width=\"300\" height=\"200\" srcset=\"https:\/\/hppmetall.ee\/wp-content\/uploads\/2019\/03\/Laserpink-leht-ja-toru-t\u00fc\u00fcp-F-T1-300x200.jpg 300w, https:\/\/hppmetall.ee\/wp-content\/uploads\/2019\/03\/Laserpink-leht-ja-toru-t\u00fc\u00fcp-F-T1-768x512.jpg 768w, https:\/\/hppmetall.ee\/wp-content\/uploads\/2019\/03\/Laserpink-leht-ja-toru-t\u00fc\u00fcp-F-T1-1030x687.jpg 1030w, https:\/\/hppmetall.ee\/wp-content\/uploads\/2019\/03\/Laserpink-leht-ja-toru-t\u00fc\u00fcp-F-T1-1500x1000.jpg 1500w, https:\/\/hppmetall.ee\/wp-content\/uploads\/2019\/03\/Laserpink-leht-ja-toru-t\u00fc\u00fcp-F-T1-705x470.jpg 705w, https:\/\/hppmetall.ee\/wp-content\/uploads\/2019\/03\/Laserpink-leht-ja-toru-t\u00fc\u00fcp-F-T1-450x300.jpg 450w\" sizes=\"auto, (max-width: 300px) 100vw, 300px\" \/><\/p>\n<p><img loading=\"lazy\" decoding=\"async\" class=\"size-medium wp-image-890\" src=\"https:\/\/hppmetall.ee\/wp-content\/uploads\/2019\/03\/Laserpink-torul\u00f5ikus-Bodor-t\u00fc\u00fcp-T230-300x212.jpg\" alt=\"Laserpink torul\u00f5ikus Bodor t\u00fc\u00fcp T230\" width=\"300\" height=\"212\" srcset=\"https:\/\/hppmetall.ee\/wp-content\/uploads\/2019\/03\/Laserpink-torul\u00f5ikus-Bodor-t\u00fc\u00fcp-T230-300x212.jpg 300w, https:\/\/hppmetall.ee\/wp-content\/uploads\/2019\/03\/Laserpink-torul\u00f5ikus-Bodor-t\u00fc\u00fcp-T230-768x543.jpg 768w, https:\/\/hppmetall.ee\/wp-content\/uploads\/2019\/03\/Laserpink-torul\u00f5ikus-Bodor-t\u00fc\u00fcp-T230-1030x728.jpg 1030w, https:\/\/hppmetall.ee\/wp-content\/uploads\/2019\/03\/Laserpink-torul\u00f5ikus-Bodor-t\u00fc\u00fcp-T230-1500x1060.jpg 1500w, https:\/\/hppmetall.ee\/wp-content\/uploads\/2019\/03\/Laserpink-torul\u00f5ikus-Bodor-t\u00fc\u00fcp-T230-260x185.jpg 260w, https:\/\/hppmetall.ee\/wp-content\/uploads\/2019\/03\/Laserpink-torul\u00f5ikus-Bodor-t\u00fc\u00fcp-T230-705x498.jpg 705w, https:\/\/hppmetall.ee\/wp-content\/uploads\/2019\/03\/Laserpink-torul\u00f5ikus-Bodor-t\u00fc\u00fcp-T230-450x318.jpg 450w\" sizes=\"auto, (max-width: 300px) 100vw, 300px\" \/><\/p>\n<p><img loading=\"lazy\" decoding=\"async\" class=\"size-medium wp-image-892\" src=\"https:\/\/hppmetall.ee\/wp-content\/uploads\/2019\/03\/Laserpink-vahetava-lauaga-kabinet-Bodor-300x212.jpg\" alt=\"Laserpink vahetava lauaga kabinet Bodor\" width=\"300\" height=\"212\" srcset=\"https:\/\/hppmetall.ee\/wp-content\/uploads\/2019\/03\/Laserpink-vahetava-lauaga-kabinet-Bodor-300x212.jpg 300w, https:\/\/hppmetall.ee\/wp-content\/uploads\/2019\/03\/Laserpink-vahetava-lauaga-kabinet-Bodor-768x543.jpg 768w, https:\/\/hppmetall.ee\/wp-content\/uploads\/2019\/03\/Laserpink-vahetava-lauaga-kabinet-Bodor-1030x728.jpg 1030w, https:\/\/hppmetall.ee\/wp-content\/uploads\/2019\/03\/Laserpink-vahetava-lauaga-kabinet-Bodor-1500x1060.jpg 1500w, https:\/\/hppmetall.ee\/wp-content\/uploads\/2019\/03\/Laserpink-vahetava-lauaga-kabinet-Bodor-260x185.jpg 260w, https:\/\/hppmetall.ee\/wp-content\/uploads\/2019\/03\/Laserpink-vahetava-lauaga-kabinet-Bodor-705x498.jpg 705w, https:\/\/hppmetall.ee\/wp-content\/uploads\/2019\/03\/Laserpink-vahetava-lauaga-kabinet-Bodor-450x318.jpg 450w\" sizes=\"auto, (max-width: 300px) 100vw, 300px\" \/><\/p>\n<div class=\"mceTemp\"><\/div>\n","protected":false},"excerpt":{"rendered":"<p>Olemme Jinan XD Laser Machine Co., Ltd. virallinen edustaja Virossa ja meilt\u00e4 on mahdollista ostaa kaikki t\u00e4m\u00e4n yrityksen listaamat laitteet. Sek\u00e4 levy- ett\u00e4 putkilaserleikkauskoneita on saatavana sek\u00e4 manuaalisilla ett\u00e4 automaattisilla lastausj\u00e4rjestelmill\u00e4. XD laserleikkauskoneet:<\/p>\n","protected":false},"author":4,"featured_media":0,"parent":0,"menu_order":0,"comment_status":"closed","ping_status":"closed","template":"","meta":{"footnotes":"","_links_to":"","_links_to_target":""},"class_list":["post-1377","page","type-page","status-publish","hentry"],"yoast_head":"<!-- This site is optimized with the Yoast SEO plugin v27.0 - https:\/\/yoast.com\/product\/yoast-seo-wordpress\/ -->\n<title>XD-laserleikkauskoneet | Tarkka leikkaus | HPP Metall<\/title>\n<meta name=\"description\" content=\"HPP Metall tarjoaa tarkkoja XD-laserleikkauskoneita, jotka takaavat laadukkaan ja nopean laserleikkauksen monenlaisiin teollisuuden tarpeisiin.\" \/>\n<meta name=\"robots\" content=\"index, follow, max-snippet:-1, max-image-preview:large, max-video-preview:-1\" \/>\n<link rel=\"canonical\" href=\"https:\/\/hppmetall.ee\/fi\/xd-laserloikepingid\/\" \/>\n<meta property=\"og:locale\" content=\"fi_FI\" \/>\n<meta property=\"og:type\" content=\"article\" \/>\n<meta property=\"og:title\" content=\"XD-laserleikkauskoneet | Tarkka leikkaus | HPP Metall\" \/>\n<meta property=\"og:description\" content=\"HPP Metall tarjoaa tarkkoja XD-laserleikkauskoneita, jotka takaavat laadukkaan ja nopean laserleikkauksen monenlaisiin teollisuuden tarpeisiin.\" \/>\n<meta property=\"og:url\" content=\"https:\/\/hppmetall.ee\/xd-laserloikepingid\/\" \/>\n<meta property=\"og:site_name\" content=\"HPP Metall\" \/>\n<meta property=\"article:modified_time\" content=\"2024-08-26T03:50:02+00:00\" \/>\n<meta property=\"og:image\" content=\"https:\/\/hppmetall.ee\/wp-content\/uploads\/2019\/03\/Laserpingid-tehas-Bodor_6-300x200.jpg\" \/>\n<meta name=\"twitter:card\" content=\"summary_large_image\" \/>\n<script type=\"application\/ld+json\" class=\"yoast-schema-graph\">{\"@context\":\"https:\/\/schema.org\",\"@graph\":[{\"@type\":\"WebPage\",\"@id\":\"https:\/\/hppmetall.ee\/xd-laserloikepingid\/\",\"url\":\"https:\/\/hppmetall.ee\/xd-laserloikepingid\/\",\"name\":\"XD-laserleikkauskoneet | Tarkka leikkaus | HPP Metall\",\"isPartOf\":{\"@id\":\"https:\/\/hppmetall.ee\/#website\"},\"primaryImageOfPage\":{\"@id\":\"https:\/\/hppmetall.ee\/xd-laserloikepingid\/#primaryimage\"},\"image\":{\"@id\":\"https:\/\/hppmetall.ee\/xd-laserloikepingid\/#primaryimage\"},\"thumbnailUrl\":\"https:\/\/hppmetall.ee\/wp-content\/uploads\/2019\/03\/Laserpingid-tehas-Bodor_6-300x200.jpg\",\"datePublished\":\"2023-05-23T05:35:27+00:00\",\"dateModified\":\"2024-08-26T03:50:02+00:00\",\"description\":\"HPP Metall tarjoaa tarkkoja XD-laserleikkauskoneita, jotka takaavat laadukkaan ja nopean laserleikkauksen monenlaisiin teollisuuden tarpeisiin.\",\"breadcrumb\":{\"@id\":\"https:\/\/hppmetall.ee\/xd-laserloikepingid\/#breadcrumb\"},\"inLanguage\":\"fi\",\"potentialAction\":[{\"@type\":\"ReadAction\",\"target\":[\"https:\/\/hppmetall.ee\/xd-laserloikepingid\/\"]}]},{\"@type\":\"ImageObject\",\"inLanguage\":\"fi\",\"@id\":\"https:\/\/hppmetall.ee\/xd-laserloikepingid\/#primaryimage\",\"url\":\"https:\/\/hppmetall.ee\/wp-content\/uploads\/2019\/03\/Laserpingid-tehas-Bodor_6-300x200.jpg\",\"contentUrl\":\"https:\/\/hppmetall.ee\/wp-content\/uploads\/2019\/03\/Laserpingid-tehas-Bodor_6-300x200.jpg\"},{\"@type\":\"BreadcrumbList\",\"@id\":\"https:\/\/hppmetall.ee\/xd-laserloikepingid\/#breadcrumb\",\"itemListElement\":[{\"@type\":\"ListItem\",\"position\":1,\"name\":\"Home\",\"item\":\"https:\/\/hppmetall.ee\/\"},{\"@type\":\"ListItem\",\"position\":2,\"name\":\"Laserleikkauskoneet\"}]},{\"@type\":\"WebSite\",\"@id\":\"https:\/\/hppmetall.ee\/#website\",\"url\":\"https:\/\/hppmetall.ee\/\",\"name\":\"HPP Metall\",\"description\":\"Metallit\u00f6\u00f6tlemismasinate ja nende tarvikute jae- ja hulgim\u00fc\u00fck\",\"potentialAction\":[{\"@type\":\"SearchAction\",\"target\":{\"@type\":\"EntryPoint\",\"urlTemplate\":\"https:\/\/hppmetall.ee\/?s={search_term_string}\"},\"query-input\":{\"@type\":\"PropertyValueSpecification\",\"valueRequired\":true,\"valueName\":\"search_term_string\"}}],\"inLanguage\":\"fi\"}]}<\/script>\n<!-- \/ Yoast SEO plugin. -->","yoast_head_json":{"title":"XD-laserleikkauskoneet | Tarkka leikkaus | HPP Metall","description":"HPP Metall tarjoaa tarkkoja XD-laserleikkauskoneita, jotka takaavat laadukkaan ja nopean laserleikkauksen monenlaisiin teollisuuden tarpeisiin.","robots":{"index":"index","follow":"follow","max-snippet":"max-snippet:-1","max-image-preview":"max-image-preview:large","max-video-preview":"max-video-preview:-1"},"canonical":"https:\/\/hppmetall.ee\/fi\/xd-laserloikepingid\/","og_locale":"fi_FI","og_type":"article","og_title":"XD-laserleikkauskoneet | Tarkka leikkaus | HPP Metall","og_description":"HPP Metall tarjoaa tarkkoja XD-laserleikkauskoneita, jotka takaavat laadukkaan ja nopean laserleikkauksen monenlaisiin teollisuuden tarpeisiin.","og_url":"https:\/\/hppmetall.ee\/xd-laserloikepingid\/","og_site_name":"HPP Metall","article_modified_time":"2024-08-26T03:50:02+00:00","og_image":[{"url":"https:\/\/hppmetall.ee\/wp-content\/uploads\/2019\/03\/Laserpingid-tehas-Bodor_6-300x200.jpg","type":"","width":"","height":""}],"twitter_card":"summary_large_image","schema":{"@context":"https:\/\/schema.org","@graph":[{"@type":"WebPage","@id":"https:\/\/hppmetall.ee\/xd-laserloikepingid\/","url":"https:\/\/hppmetall.ee\/xd-laserloikepingid\/","name":"XD-laserleikkauskoneet | Tarkka leikkaus | HPP Metall","isPartOf":{"@id":"https:\/\/hppmetall.ee\/#website"},"primaryImageOfPage":{"@id":"https:\/\/hppmetall.ee\/xd-laserloikepingid\/#primaryimage"},"image":{"@id":"https:\/\/hppmetall.ee\/xd-laserloikepingid\/#primaryimage"},"thumbnailUrl":"https:\/\/hppmetall.ee\/wp-content\/uploads\/2019\/03\/Laserpingid-tehas-Bodor_6-300x200.jpg","datePublished":"2023-05-23T05:35:27+00:00","dateModified":"2024-08-26T03:50:02+00:00","description":"HPP Metall tarjoaa tarkkoja XD-laserleikkauskoneita, jotka takaavat laadukkaan ja nopean laserleikkauksen monenlaisiin teollisuuden tarpeisiin.","breadcrumb":{"@id":"https:\/\/hppmetall.ee\/xd-laserloikepingid\/#breadcrumb"},"inLanguage":"fi","potentialAction":[{"@type":"ReadAction","target":["https:\/\/hppmetall.ee\/xd-laserloikepingid\/"]}]},{"@type":"ImageObject","inLanguage":"fi","@id":"https:\/\/hppmetall.ee\/xd-laserloikepingid\/#primaryimage","url":"https:\/\/hppmetall.ee\/wp-content\/uploads\/2019\/03\/Laserpingid-tehas-Bodor_6-300x200.jpg","contentUrl":"https:\/\/hppmetall.ee\/wp-content\/uploads\/2019\/03\/Laserpingid-tehas-Bodor_6-300x200.jpg"},{"@type":"BreadcrumbList","@id":"https:\/\/hppmetall.ee\/xd-laserloikepingid\/#breadcrumb","itemListElement":[{"@type":"ListItem","position":1,"name":"Home","item":"https:\/\/hppmetall.ee\/"},{"@type":"ListItem","position":2,"name":"Laserleikkauskoneet"}]},{"@type":"WebSite","@id":"https:\/\/hppmetall.ee\/#website","url":"https:\/\/hppmetall.ee\/","name":"HPP Metall","description":"Metallit\u00f6\u00f6tlemismasinate ja nende tarvikute jae- ja hulgim\u00fc\u00fck","potentialAction":[{"@type":"SearchAction","target":{"@type":"EntryPoint","urlTemplate":"https:\/\/hppmetall.ee\/?s={search_term_string}"},"query-input":{"@type":"PropertyValueSpecification","valueRequired":true,"valueName":"search_term_string"}}],"inLanguage":"fi"}]}},"_links":{"self":[{"href":"https:\/\/hppmetall.ee\/fi\/wp-json\/wp\/v2\/pages\/1377\/"}],"collection":[{"href":"https:\/\/hppmetall.ee\/fi\/wp-json\/wp\/v2\/pages\/"}],"about":[{"href":"https:\/\/hppmetall.ee\/fi\/wp-json\/wp\/v2\/types\/page\/"}],"author":[{"embeddable":true,"href":"https:\/\/hppmetall.ee\/fi\/wp-json\/wp\/v2\/users\/4\/"}],"replies":[{"embeddable":true,"href":"https:\/\/hppmetall.ee\/fi\/wp-json\/wp\/v2\/comments\/?post=1377"}],"version-history":[{"count":1,"href":"https:\/\/hppmetall.ee\/fi\/wp-json\/wp\/v2\/pages\/1377\/revisions\/"}],"predecessor-version":[{"id":2176,"href":"https:\/\/hppmetall.ee\/fi\/wp-json\/wp\/v2\/pages\/1377\/revisions\/2176\/"}],"wp:attachment":[{"href":"https:\/\/hppmetall.ee\/fi\/wp-json\/wp\/v2\/media\/?parent=1377"}],"curies":[{"name":"wp","href":"https:\/\/api.w.org\/{rel}","templated":true}]}}