{"id":1385,"date":"2023-05-23T08:51:10","date_gmt":"2023-05-23T05:51:10","guid":{"rendered":"https:\/\/hppmetall.ee\/palvelut\/metallityo\/"},"modified":"2024-08-26T07:00:32","modified_gmt":"2024-08-26T04:00:32","slug":"metallityo","status":"publish","type":"page","link":"https:\/\/hppmetall.ee\/fi\/palvelut\/metallityo\/","title":{"rendered":"Metallity\u00f6"},"content":{"rendered":"<div class=\"flex_column av_one_full  flex_column_div av-zero-column-padding first  \" style='border-radius:0px; '><p><div style='padding-bottom:0px;font-size:25px;' class='av-special-heading av-special-heading-h1  blockquote modern-quote   av-inherit-size'><h1 class='av-special-heading-tag'  itemprop=\"headline\"  >Metallity\u00f6<\/h1><div class='special-heading-border'><div class='special-heading-inner-border' ><\/div><\/div><\/div><br \/>\n<div style=' margin-top:10px; margin-bottom:10px;'  class='hr hr-custom hr-left hr-icon-no '><span class='hr-inner   inner-border-av-border-thin' style=' width:50px; border-color:#efbb20;' ><span class='hr-inner-style'><\/span><\/span><\/div><br \/>\n<section class=\"av_textblock_section\"  itemscope=\"itemscope\" itemtype=\"https:\/\/schema.org\/CreativeWork\" ><div class='avia_textblock '   itemprop=\"text\" ><p>Metallity\u00f6t edulliseen hintaan ja lyhyell\u00e4 m\u00e4\u00e4r\u00e4ajalla, olemme luotettava kumppani rakentamisessa, konepajateollisuudessa ja teollisuudessa ja teemme kaikki yleisimm\u00e4t metallity\u00f6t. Yksi eduistamme on logistisesti k\u00e4tev\u00e4 sijainti P\u00e4rnun ja Tallinnan v\u00e4liss\u00e4 l\u00e4hell\u00e4 Via Balticaa, M\u00e4rjamalla. Meilt\u00e4 on k\u00e4tev\u00e4 kuljettaa maakuljetuksia Viron sis\u00e4ll\u00e4 sek\u00e4 L\u00e4nsi-Eurooppaan tai Ven\u00e4j\u00e4lle. Olemme my\u00f6s suhteellisen l\u00e4hell\u00e4 Viron suuria kauppasatamia.<\/p>\n<p><strong>Teemme seuraavat metallity\u00f6t:<\/strong><\/p>\n<ul>\n<li>Metallin leikkaus<\/li>\n<li>Hitsausty\u00f6t (MIG\/MAG; AC\/DC TIG; puikkohitsaus)<\/li>\n<li>Metallin taivutus<\/li>\n<li>Metalliosien maalaus ja kuumasinkitys<\/li>\n<\/ul>\n<p><strong>Tarvittaessa hoidamme my\u00f6s yksityiskohtien suunnittelun<\/strong><\/p>\n<p><strong>Maksimimahdollisuudet:<\/strong><\/p>\n<ul>\n<li>Metallin leikkaus: penkin mitat 2m x 6m<\/li>\n<li>Metallirakenteet: pituus 20 m, paino 5 tonnia<\/li>\n<\/ul>\n<\/div><\/section><\/p><\/div>\n","protected":false},"excerpt":{"rendered":"","protected":false},"author":2,"featured_media":0,"parent":1380,"menu_order":0,"comment_status":"closed","ping_status":"closed","template":"","meta":{"footnotes":"","_links_to":"","_links_to_target":""},"class_list":["post-1385","page","type-page","status-publish","hentry"],"yoast_head":"<!-- This site is optimized with the Yoast SEO plugin v27.0 - https:\/\/yoast.com\/product\/yoast-seo-wordpress\/ -->\n<title>Metallity\u00f6palvelut | CNC-ty\u00f6st\u00f6 ja hitsaus | HPP Metall<\/title>\n<meta name=\"description\" content=\"HPP Metall tarjoaa korkealaatuisia metallity\u00f6palveluja, kuten CNC-ty\u00f6st\u00f6\u00e4, hitsausta ja metallirakenteiden valmistusta. Palvelumme t\u00e4ytt\u00e4v\u00e4t teollisuusstandardit.\" \/>\n<meta name=\"robots\" content=\"index, follow, max-snippet:-1, max-image-preview:large, max-video-preview:-1\" \/>\n<link rel=\"canonical\" href=\"https:\/\/hppmetall.ee\/fi\/teenused\/metallitood\/\" \/>\n<meta property=\"og:locale\" content=\"fi_FI\" \/>\n<meta property=\"og:type\" content=\"article\" \/>\n<meta property=\"og:title\" content=\"Metallity\u00f6palvelut | CNC-ty\u00f6st\u00f6 ja hitsaus | HPP Metall\" \/>\n<meta property=\"og:description\" content=\"HPP Metall tarjoaa korkealaatuisia metallity\u00f6palveluja, kuten CNC-ty\u00f6st\u00f6\u00e4, hitsausta ja metallirakenteiden valmistusta. Palvelumme t\u00e4ytt\u00e4v\u00e4t teollisuusstandardit.\" \/>\n<meta property=\"og:url\" content=\"https:\/\/hppmetall.ee\/teenused\/metallitood\/\" \/>\n<meta property=\"og:site_name\" content=\"HPP Metall\" \/>\n<meta property=\"article:modified_time\" content=\"2024-08-26T04:00:32+00:00\" \/>\n<meta name=\"twitter:card\" content=\"summary_large_image\" \/>\n<meta name=\"twitter:label1\" content=\"Arvioitu lukuaika\" \/>\n\t<meta name=\"twitter:data1\" content=\"1 minuutti\" \/>\n<script type=\"application\/ld+json\" class=\"yoast-schema-graph\">{\"@context\":\"https:\/\/schema.org\",\"@graph\":[{\"@type\":\"WebPage\",\"@id\":\"https:\/\/hppmetall.ee\/teenused\/metallitood\/\",\"url\":\"https:\/\/hppmetall.ee\/teenused\/metallitood\/\",\"name\":\"Metallity\u00f6palvelut | CNC-ty\u00f6st\u00f6 ja hitsaus | HPP Metall\",\"isPartOf\":{\"@id\":\"https:\/\/hppmetall.ee\/#website\"},\"datePublished\":\"2023-05-23T05:51:10+00:00\",\"dateModified\":\"2024-08-26T04:00:32+00:00\",\"description\":\"HPP Metall tarjoaa korkealaatuisia metallity\u00f6palveluja, kuten CNC-ty\u00f6st\u00f6\u00e4, hitsausta ja metallirakenteiden valmistusta. Palvelumme t\u00e4ytt\u00e4v\u00e4t teollisuusstandardit.\",\"breadcrumb\":{\"@id\":\"https:\/\/hppmetall.ee\/teenused\/metallitood\/#breadcrumb\"},\"inLanguage\":\"fi\",\"potentialAction\":[{\"@type\":\"ReadAction\",\"target\":[\"https:\/\/hppmetall.ee\/teenused\/metallitood\/\"]}]},{\"@type\":\"BreadcrumbList\",\"@id\":\"https:\/\/hppmetall.ee\/teenused\/metallitood\/#breadcrumb\",\"itemListElement\":[{\"@type\":\"ListItem\",\"position\":1,\"name\":\"Home\",\"item\":\"https:\/\/hppmetall.ee\/\"},{\"@type\":\"ListItem\",\"position\":2,\"name\":\"Palvelut\",\"item\":\"https:\/\/hppmetall.ee\/\"},{\"@type\":\"ListItem\",\"position\":3,\"name\":\"Metallity\u00f6\"}]},{\"@type\":\"WebSite\",\"@id\":\"https:\/\/hppmetall.ee\/#website\",\"url\":\"https:\/\/hppmetall.ee\/\",\"name\":\"HPP Metall\",\"description\":\"Metallit\u00f6\u00f6tlemismasinate ja nende tarvikute jae- ja hulgim\u00fc\u00fck\",\"potentialAction\":[{\"@type\":\"SearchAction\",\"target\":{\"@type\":\"EntryPoint\",\"urlTemplate\":\"https:\/\/hppmetall.ee\/?s={search_term_string}\"},\"query-input\":{\"@type\":\"PropertyValueSpecification\",\"valueRequired\":true,\"valueName\":\"search_term_string\"}}],\"inLanguage\":\"fi\"}]}<\/script>\n<!-- \/ Yoast SEO plugin. -->","yoast_head_json":{"title":"Metallity\u00f6palvelut | CNC-ty\u00f6st\u00f6 ja hitsaus | HPP Metall","description":"HPP Metall tarjoaa korkealaatuisia metallity\u00f6palveluja, kuten CNC-ty\u00f6st\u00f6\u00e4, hitsausta ja metallirakenteiden valmistusta. Palvelumme t\u00e4ytt\u00e4v\u00e4t teollisuusstandardit.","robots":{"index":"index","follow":"follow","max-snippet":"max-snippet:-1","max-image-preview":"max-image-preview:large","max-video-preview":"max-video-preview:-1"},"canonical":"https:\/\/hppmetall.ee\/fi\/teenused\/metallitood\/","og_locale":"fi_FI","og_type":"article","og_title":"Metallity\u00f6palvelut | CNC-ty\u00f6st\u00f6 ja hitsaus | HPP Metall","og_description":"HPP Metall tarjoaa korkealaatuisia metallity\u00f6palveluja, kuten CNC-ty\u00f6st\u00f6\u00e4, hitsausta ja metallirakenteiden valmistusta. Palvelumme t\u00e4ytt\u00e4v\u00e4t teollisuusstandardit.","og_url":"https:\/\/hppmetall.ee\/teenused\/metallitood\/","og_site_name":"HPP Metall","article_modified_time":"2024-08-26T04:00:32+00:00","twitter_card":"summary_large_image","twitter_misc":{"Arvioitu lukuaika":"1 minuutti"},"schema":{"@context":"https:\/\/schema.org","@graph":[{"@type":"WebPage","@id":"https:\/\/hppmetall.ee\/teenused\/metallitood\/","url":"https:\/\/hppmetall.ee\/teenused\/metallitood\/","name":"Metallity\u00f6palvelut | CNC-ty\u00f6st\u00f6 ja hitsaus | HPP Metall","isPartOf":{"@id":"https:\/\/hppmetall.ee\/#website"},"datePublished":"2023-05-23T05:51:10+00:00","dateModified":"2024-08-26T04:00:32+00:00","description":"HPP Metall tarjoaa korkealaatuisia metallity\u00f6palveluja, kuten CNC-ty\u00f6st\u00f6\u00e4, hitsausta ja metallirakenteiden valmistusta. Palvelumme t\u00e4ytt\u00e4v\u00e4t teollisuusstandardit.","breadcrumb":{"@id":"https:\/\/hppmetall.ee\/teenused\/metallitood\/#breadcrumb"},"inLanguage":"fi","potentialAction":[{"@type":"ReadAction","target":["https:\/\/hppmetall.ee\/teenused\/metallitood\/"]}]},{"@type":"BreadcrumbList","@id":"https:\/\/hppmetall.ee\/teenused\/metallitood\/#breadcrumb","itemListElement":[{"@type":"ListItem","position":1,"name":"Home","item":"https:\/\/hppmetall.ee\/"},{"@type":"ListItem","position":2,"name":"Palvelut","item":"https:\/\/hppmetall.ee\/"},{"@type":"ListItem","position":3,"name":"Metallity\u00f6"}]},{"@type":"WebSite","@id":"https:\/\/hppmetall.ee\/#website","url":"https:\/\/hppmetall.ee\/","name":"HPP Metall","description":"Metallit\u00f6\u00f6tlemismasinate ja nende tarvikute jae- ja hulgim\u00fc\u00fck","potentialAction":[{"@type":"SearchAction","target":{"@type":"EntryPoint","urlTemplate":"https:\/\/hppmetall.ee\/?s={search_term_string}"},"query-input":{"@type":"PropertyValueSpecification","valueRequired":true,"valueName":"search_term_string"}}],"inLanguage":"fi"}]}},"_links":{"self":[{"href":"https:\/\/hppmetall.ee\/fi\/wp-json\/wp\/v2\/pages\/1385\/"}],"collection":[{"href":"https:\/\/hppmetall.ee\/fi\/wp-json\/wp\/v2\/pages\/"}],"about":[{"href":"https:\/\/hppmetall.ee\/fi\/wp-json\/wp\/v2\/types\/page\/"}],"author":[{"embeddable":true,"href":"https:\/\/hppmetall.ee\/fi\/wp-json\/wp\/v2\/users\/2\/"}],"replies":[{"embeddable":true,"href":"https:\/\/hppmetall.ee\/fi\/wp-json\/wp\/v2\/comments\/?post=1385"}],"version-history":[{"count":1,"href":"https:\/\/hppmetall.ee\/fi\/wp-json\/wp\/v2\/pages\/1385\/revisions\/"}],"predecessor-version":[{"id":1386,"href":"https:\/\/hppmetall.ee\/fi\/wp-json\/wp\/v2\/pages\/1385\/revisions\/1386\/"}],"up":[{"embeddable":true,"href":"https:\/\/hppmetall.ee\/fi\/wp-json\/wp\/v2\/pages\/1380\/"}],"wp:attachment":[{"href":"https:\/\/hppmetall.ee\/fi\/wp-json\/wp\/v2\/media\/?parent=1385"}],"curies":[{"name":"wp","href":"https:\/\/api.w.org\/{rel}","templated":true}]}}