{"id":1394,"date":"2023-05-23T16:10:34","date_gmt":"2023-05-23T13:10:34","guid":{"rendered":"https:\/\/hppmetall.ee\/palvelut\/plasma-leikkaus\/"},"modified":"2024-08-26T07:02:44","modified_gmt":"2024-08-26T04:02:44","slug":"plasma-leikkaus","status":"publish","type":"page","link":"https:\/\/hppmetall.ee\/fi\/palvelut\/plasma-leikkaus\/","title":{"rendered":"Plasma leikkaus"},"content":{"rendered":"<div class=\"flex_column av_one_full  flex_column_div av-zero-column-padding first  \" style='border-radius:0px; '><p><div style='padding-bottom:0px;font-size:25px;' class='av-special-heading av-special-heading-h1  blockquote modern-quote   av-inherit-size'><h1 class='av-special-heading-tag'  itemprop=\"headline\"  >Metallin leikkaus plasmaleikkauksella<\/h1><div class='special-heading-border'><div class='special-heading-inner-border' ><\/div><\/div><\/div><br \/>\n<div style=' margin-top:10px; margin-bottom:10px;'  class='hr hr-custom hr-left hr-icon-no  '><span class='hr-inner   inner-border-av-border-thin' style=' width:50px; border-color:#efbb20;' ><span class='hr-inner-style'><\/span><\/span><\/div><br \/>\n<section class=\"av_textblock_section\"  itemscope=\"itemscope\" itemtype=\"https:\/\/schema.org\/CreativeWork\" ><div class='avia_textblock '   itemprop=\"text\" ><p>Plasmaleikkaus on eritt\u00e4in tehokas ja laadukas tapa leikata metallia. Edistyksellisen tekniikan avulla voimme leikata nopeasti ja tarkasti sek\u00e4 varmistaa kauniin puhtaan leikkauslinjan. Korkean leikkausl\u00e4mp\u00f6tilan ansiosta plasmaleikkurilla voidaan leikata hyvin erilaisia \u200b\u200bmetalleja.<\/p>\n<p><strong>Meid\u00e4n mahdollisuutemme:<\/strong><\/p>\n<ul>\n<li>Metallin paksuus enint\u00e4\u00e4n 40 mm<\/li>\n<li>Ty\u00f6alueen koko on 2m x 6m<\/li>\n<\/ul>\n<p><strong>Leikkaamme mustaa metallia, ruostumatonta metallia ja alumiinia:<\/strong><\/p>\n<ul>\n<li>Ruostumaton ter\u00e4s<\/li>\n<li>Tavallinen ter\u00e4s<\/li>\n<li>Erikoister\u00e4kset (Raex, Weldox, Hardox jne.)<\/li>\n<\/ul>\n<p><strong>Tarvittaessa yksityiskohtien suunnittelu<\/strong><\/p>\n<\/div><\/section><\/p><\/div>\n","protected":false},"excerpt":{"rendered":"","protected":false},"author":2,"featured_media":0,"parent":1380,"menu_order":0,"comment_status":"closed","ping_status":"closed","template":"","meta":{"footnotes":"","_links_to":"","_links_to_target":""},"class_list":["post-1394","page","type-page","status-publish","hentry"],"yoast_head":"<!-- This site is optimized with the Yoast SEO plugin v27.0 - https:\/\/yoast.com\/product\/yoast-seo-wordpress\/ -->\n<title>Plasmaleikkauspalvelut | Nopea ja tarkka leikkaus | HPP Metall<\/title>\n<meta name=\"description\" content=\"HPP Metall tarjoaa plasmaleikkauspalveluja, jotka takaavat nopean ja tarkan leikkauksen paksuille metalleille. Teknologiamme mahdollistaa korkealaatuisen ja tehokkaan k\u00e4sittelyn.\" \/>\n<meta name=\"robots\" content=\"index, follow, max-snippet:-1, max-image-preview:large, max-video-preview:-1\" \/>\n<link rel=\"canonical\" href=\"https:\/\/hppmetall.ee\/fi\/teenused\/plasmaloikus\/\" \/>\n<meta property=\"og:locale\" content=\"fi_FI\" \/>\n<meta property=\"og:type\" content=\"article\" \/>\n<meta property=\"og:title\" content=\"Plasmaleikkauspalvelut | Nopea ja tarkka leikkaus | HPP Metall\" \/>\n<meta property=\"og:description\" content=\"HPP Metall tarjoaa plasmaleikkauspalveluja, jotka takaavat nopean ja tarkan leikkauksen paksuille metalleille. Teknologiamme mahdollistaa korkealaatuisen ja tehokkaan k\u00e4sittelyn.\" \/>\n<meta property=\"og:url\" content=\"https:\/\/hppmetall.ee\/teenused\/plasmaloikus\/\" \/>\n<meta property=\"og:site_name\" content=\"HPP Metall\" \/>\n<meta property=\"article:modified_time\" content=\"2024-08-26T04:02:44+00:00\" \/>\n<meta name=\"twitter:card\" content=\"summary_large_image\" \/>\n<meta name=\"twitter:label1\" content=\"Arvioitu lukuaika\" \/>\n\t<meta name=\"twitter:data1\" content=\"1 minuutti\" \/>\n<script type=\"application\/ld+json\" class=\"yoast-schema-graph\">{\"@context\":\"https:\/\/schema.org\",\"@graph\":[{\"@type\":\"WebPage\",\"@id\":\"https:\/\/hppmetall.ee\/teenused\/plasmaloikus\/\",\"url\":\"https:\/\/hppmetall.ee\/teenused\/plasmaloikus\/\",\"name\":\"Plasmaleikkauspalvelut | Nopea ja tarkka leikkaus | HPP Metall\",\"isPartOf\":{\"@id\":\"https:\/\/hppmetall.ee\/#website\"},\"datePublished\":\"2023-05-23T13:10:34+00:00\",\"dateModified\":\"2024-08-26T04:02:44+00:00\",\"description\":\"HPP Metall tarjoaa plasmaleikkauspalveluja, jotka takaavat nopean ja tarkan leikkauksen paksuille metalleille. Teknologiamme mahdollistaa korkealaatuisen ja tehokkaan k\u00e4sittelyn.\",\"breadcrumb\":{\"@id\":\"https:\/\/hppmetall.ee\/teenused\/plasmaloikus\/#breadcrumb\"},\"inLanguage\":\"fi\",\"potentialAction\":[{\"@type\":\"ReadAction\",\"target\":[\"https:\/\/hppmetall.ee\/teenused\/plasmaloikus\/\"]}]},{\"@type\":\"BreadcrumbList\",\"@id\":\"https:\/\/hppmetall.ee\/teenused\/plasmaloikus\/#breadcrumb\",\"itemListElement\":[{\"@type\":\"ListItem\",\"position\":1,\"name\":\"Home\",\"item\":\"https:\/\/hppmetall.ee\/\"},{\"@type\":\"ListItem\",\"position\":2,\"name\":\"Palvelut\",\"item\":\"https:\/\/hppmetall.ee\/\"},{\"@type\":\"ListItem\",\"position\":3,\"name\":\"Plasma leikkaus\"}]},{\"@type\":\"WebSite\",\"@id\":\"https:\/\/hppmetall.ee\/#website\",\"url\":\"https:\/\/hppmetall.ee\/\",\"name\":\"HPP Metall\",\"description\":\"Metallit\u00f6\u00f6tlemismasinate ja nende tarvikute jae- ja hulgim\u00fc\u00fck\",\"potentialAction\":[{\"@type\":\"SearchAction\",\"target\":{\"@type\":\"EntryPoint\",\"urlTemplate\":\"https:\/\/hppmetall.ee\/?s={search_term_string}\"},\"query-input\":{\"@type\":\"PropertyValueSpecification\",\"valueRequired\":true,\"valueName\":\"search_term_string\"}}],\"inLanguage\":\"fi\"}]}<\/script>\n<!-- \/ Yoast SEO plugin. -->","yoast_head_json":{"title":"Plasmaleikkauspalvelut | Nopea ja tarkka leikkaus | HPP Metall","description":"HPP Metall tarjoaa plasmaleikkauspalveluja, jotka takaavat nopean ja tarkan leikkauksen paksuille metalleille. Teknologiamme mahdollistaa korkealaatuisen ja tehokkaan k\u00e4sittelyn.","robots":{"index":"index","follow":"follow","max-snippet":"max-snippet:-1","max-image-preview":"max-image-preview:large","max-video-preview":"max-video-preview:-1"},"canonical":"https:\/\/hppmetall.ee\/fi\/teenused\/plasmaloikus\/","og_locale":"fi_FI","og_type":"article","og_title":"Plasmaleikkauspalvelut | Nopea ja tarkka leikkaus | HPP Metall","og_description":"HPP Metall tarjoaa plasmaleikkauspalveluja, jotka takaavat nopean ja tarkan leikkauksen paksuille metalleille. Teknologiamme mahdollistaa korkealaatuisen ja tehokkaan k\u00e4sittelyn.","og_url":"https:\/\/hppmetall.ee\/teenused\/plasmaloikus\/","og_site_name":"HPP Metall","article_modified_time":"2024-08-26T04:02:44+00:00","twitter_card":"summary_large_image","twitter_misc":{"Arvioitu lukuaika":"1 minuutti"},"schema":{"@context":"https:\/\/schema.org","@graph":[{"@type":"WebPage","@id":"https:\/\/hppmetall.ee\/teenused\/plasmaloikus\/","url":"https:\/\/hppmetall.ee\/teenused\/plasmaloikus\/","name":"Plasmaleikkauspalvelut | Nopea ja tarkka leikkaus | HPP Metall","isPartOf":{"@id":"https:\/\/hppmetall.ee\/#website"},"datePublished":"2023-05-23T13:10:34+00:00","dateModified":"2024-08-26T04:02:44+00:00","description":"HPP Metall tarjoaa plasmaleikkauspalveluja, jotka takaavat nopean ja tarkan leikkauksen paksuille metalleille. Teknologiamme mahdollistaa korkealaatuisen ja tehokkaan k\u00e4sittelyn.","breadcrumb":{"@id":"https:\/\/hppmetall.ee\/teenused\/plasmaloikus\/#breadcrumb"},"inLanguage":"fi","potentialAction":[{"@type":"ReadAction","target":["https:\/\/hppmetall.ee\/teenused\/plasmaloikus\/"]}]},{"@type":"BreadcrumbList","@id":"https:\/\/hppmetall.ee\/teenused\/plasmaloikus\/#breadcrumb","itemListElement":[{"@type":"ListItem","position":1,"name":"Home","item":"https:\/\/hppmetall.ee\/"},{"@type":"ListItem","position":2,"name":"Palvelut","item":"https:\/\/hppmetall.ee\/"},{"@type":"ListItem","position":3,"name":"Plasma leikkaus"}]},{"@type":"WebSite","@id":"https:\/\/hppmetall.ee\/#website","url":"https:\/\/hppmetall.ee\/","name":"HPP Metall","description":"Metallit\u00f6\u00f6tlemismasinate ja nende tarvikute jae- ja hulgim\u00fc\u00fck","potentialAction":[{"@type":"SearchAction","target":{"@type":"EntryPoint","urlTemplate":"https:\/\/hppmetall.ee\/?s={search_term_string}"},"query-input":{"@type":"PropertyValueSpecification","valueRequired":true,"valueName":"search_term_string"}}],"inLanguage":"fi"}]}},"_links":{"self":[{"href":"https:\/\/hppmetall.ee\/fi\/wp-json\/wp\/v2\/pages\/1394\/"}],"collection":[{"href":"https:\/\/hppmetall.ee\/fi\/wp-json\/wp\/v2\/pages\/"}],"about":[{"href":"https:\/\/hppmetall.ee\/fi\/wp-json\/wp\/v2\/types\/page\/"}],"author":[{"embeddable":true,"href":"https:\/\/hppmetall.ee\/fi\/wp-json\/wp\/v2\/users\/2\/"}],"replies":[{"embeddable":true,"href":"https:\/\/hppmetall.ee\/fi\/wp-json\/wp\/v2\/comments\/?post=1394"}],"version-history":[{"count":1,"href":"https:\/\/hppmetall.ee\/fi\/wp-json\/wp\/v2\/pages\/1394\/revisions\/"}],"predecessor-version":[{"id":1395,"href":"https:\/\/hppmetall.ee\/fi\/wp-json\/wp\/v2\/pages\/1394\/revisions\/1395\/"}],"up":[{"embeddable":true,"href":"https:\/\/hppmetall.ee\/fi\/wp-json\/wp\/v2\/pages\/1380\/"}],"wp:attachment":[{"href":"https:\/\/hppmetall.ee\/fi\/wp-json\/wp\/v2\/media\/?parent=1394"}],"curies":[{"name":"wp","href":"https:\/\/api.w.org\/{rel}","templated":true}]}}