{"id":1397,"date":"2023-05-24T05:56:32","date_gmt":"2023-05-24T02:56:32","guid":{"rendered":"https:\/\/hppmetall.ee\/tuotteet\/"},"modified":"2024-08-26T07:04:35","modified_gmt":"2024-08-26T04:04:35","slug":"tuotteet","status":"publish","type":"page","link":"https:\/\/hppmetall.ee\/fi\/tuotteet\/","title":{"rendered":"Tuotteet"},"content":{"rendered":"","protected":false},"excerpt":{"rendered":"","protected":false},"author":2,"featured_media":0,"parent":0,"menu_order":0,"comment_status":"closed","ping_status":"closed","template":"","meta":{"footnotes":"","_links_to":"","_links_to_target":""},"class_list":["post-1397","page","type-page","status-publish","hentry"],"yoast_head":"<!-- This site is optimized with the Yoast SEO plugin v27.0 - https:\/\/yoast.com\/product\/yoast-seo-wordpress\/ -->\n<title>Metalliteollisuuden tuotteet | CNC-koneet ja laserleikkurit | HPP Metall<\/title>\n<meta name=\"description\" content=\"HPP Metall tarjoaa laajan valikoiman metalliteollisuuden tuotteita, kuten CNC-koneita, laserleikkureita ja muita laitteita, jotka sopivat erilaisiin teollisuustarpeisiin.\" \/>\n<meta name=\"robots\" content=\"index, follow, max-snippet:-1, max-image-preview:large, max-video-preview:-1\" \/>\n<link rel=\"canonical\" href=\"https:\/\/hppmetall.ee\/fi\/tooted\/plasmatarviku-tooted\/\" \/>\n<meta property=\"og:locale\" content=\"fi_FI\" \/>\n<meta property=\"og:type\" content=\"article\" \/>\n<meta property=\"og:title\" content=\"Metalliteollisuuden tuotteet | CNC-koneet ja laserleikkurit | HPP Metall\" \/>\n<meta property=\"og:description\" content=\"HPP Metall tarjoaa laajan valikoiman metalliteollisuuden tuotteita, kuten CNC-koneita, laserleikkureita ja muita laitteita, jotka sopivat erilaisiin teollisuustarpeisiin.\" \/>\n<meta property=\"og:url\" content=\"https:\/\/hppmetall.ee\/tooted\/plasmatarviku-tooted\/\" \/>\n<meta property=\"og:site_name\" content=\"HPP Metall\" \/>\n<meta property=\"article:modified_time\" content=\"2024-08-26T04:04:35+00:00\" \/>\n<meta name=\"twitter:card\" content=\"summary_large_image\" \/>\n<script type=\"application\/ld+json\" class=\"yoast-schema-graph\">{\"@context\":\"https:\/\/schema.org\",\"@graph\":[{\"@type\":\"WebPage\",\"@id\":\"https:\/\/hppmetall.ee\/tooted\/plasmatarviku-tooted\/\",\"url\":\"https:\/\/hppmetall.ee\/tooted\/plasmatarviku-tooted\/\",\"name\":\"Metalliteollisuuden tuotteet | CNC-koneet ja laserleikkurit | HPP Metall\",\"isPartOf\":{\"@id\":\"https:\/\/hppmetall.ee\/#website\"},\"datePublished\":\"2023-05-24T02:56:32+00:00\",\"dateModified\":\"2024-08-26T04:04:35+00:00\",\"description\":\"HPP Metall tarjoaa laajan valikoiman metalliteollisuuden tuotteita, kuten CNC-koneita, laserleikkureita ja muita laitteita, jotka sopivat erilaisiin teollisuustarpeisiin.\",\"breadcrumb\":{\"@id\":\"https:\/\/hppmetall.ee\/tooted\/plasmatarviku-tooted\/#breadcrumb\"},\"inLanguage\":\"fi\",\"potentialAction\":[{\"@type\":\"ReadAction\",\"target\":[\"https:\/\/hppmetall.ee\/tooted\/plasmatarviku-tooted\/\"]}]},{\"@type\":\"BreadcrumbList\",\"@id\":\"https:\/\/hppmetall.ee\/tooted\/plasmatarviku-tooted\/#breadcrumb\",\"itemListElement\":[{\"@type\":\"ListItem\",\"position\":1,\"name\":\"Home\",\"item\":\"https:\/\/hppmetall.ee\/\"},{\"@type\":\"ListItem\",\"position\":2,\"name\":\"Tuotteet\"}]},{\"@type\":\"WebSite\",\"@id\":\"https:\/\/hppmetall.ee\/#website\",\"url\":\"https:\/\/hppmetall.ee\/\",\"name\":\"HPP Metall\",\"description\":\"Metallit\u00f6\u00f6tlemismasinate ja nende tarvikute jae- ja hulgim\u00fc\u00fck\",\"potentialAction\":[{\"@type\":\"SearchAction\",\"target\":{\"@type\":\"EntryPoint\",\"urlTemplate\":\"https:\/\/hppmetall.ee\/?s={search_term_string}\"},\"query-input\":{\"@type\":\"PropertyValueSpecification\",\"valueRequired\":true,\"valueName\":\"search_term_string\"}}],\"inLanguage\":\"fi\"}]}<\/script>\n<!-- \/ Yoast SEO plugin. -->","yoast_head_json":{"title":"Metalliteollisuuden tuotteet | CNC-koneet ja laserleikkurit | HPP Metall","description":"HPP Metall tarjoaa laajan valikoiman metalliteollisuuden tuotteita, kuten CNC-koneita, laserleikkureita ja muita laitteita, jotka sopivat erilaisiin teollisuustarpeisiin.","robots":{"index":"index","follow":"follow","max-snippet":"max-snippet:-1","max-image-preview":"max-image-preview:large","max-video-preview":"max-video-preview:-1"},"canonical":"https:\/\/hppmetall.ee\/fi\/tooted\/plasmatarviku-tooted\/","og_locale":"fi_FI","og_type":"article","og_title":"Metalliteollisuuden tuotteet | CNC-koneet ja laserleikkurit | HPP Metall","og_description":"HPP Metall tarjoaa laajan valikoiman metalliteollisuuden tuotteita, kuten CNC-koneita, laserleikkureita ja muita laitteita, jotka sopivat erilaisiin teollisuustarpeisiin.","og_url":"https:\/\/hppmetall.ee\/tooted\/plasmatarviku-tooted\/","og_site_name":"HPP Metall","article_modified_time":"2024-08-26T04:04:35+00:00","twitter_card":"summary_large_image","schema":{"@context":"https:\/\/schema.org","@graph":[{"@type":"WebPage","@id":"https:\/\/hppmetall.ee\/tooted\/plasmatarviku-tooted\/","url":"https:\/\/hppmetall.ee\/tooted\/plasmatarviku-tooted\/","name":"Metalliteollisuuden tuotteet | CNC-koneet ja laserleikkurit | HPP Metall","isPartOf":{"@id":"https:\/\/hppmetall.ee\/#website"},"datePublished":"2023-05-24T02:56:32+00:00","dateModified":"2024-08-26T04:04:35+00:00","description":"HPP Metall tarjoaa laajan valikoiman metalliteollisuuden tuotteita, kuten CNC-koneita, laserleikkureita ja muita laitteita, jotka sopivat erilaisiin teollisuustarpeisiin.","breadcrumb":{"@id":"https:\/\/hppmetall.ee\/tooted\/plasmatarviku-tooted\/#breadcrumb"},"inLanguage":"fi","potentialAction":[{"@type":"ReadAction","target":["https:\/\/hppmetall.ee\/tooted\/plasmatarviku-tooted\/"]}]},{"@type":"BreadcrumbList","@id":"https:\/\/hppmetall.ee\/tooted\/plasmatarviku-tooted\/#breadcrumb","itemListElement":[{"@type":"ListItem","position":1,"name":"Home","item":"https:\/\/hppmetall.ee\/"},{"@type":"ListItem","position":2,"name":"Tuotteet"}]},{"@type":"WebSite","@id":"https:\/\/hppmetall.ee\/#website","url":"https:\/\/hppmetall.ee\/","name":"HPP Metall","description":"Metallit\u00f6\u00f6tlemismasinate ja nende tarvikute jae- ja hulgim\u00fc\u00fck","potentialAction":[{"@type":"SearchAction","target":{"@type":"EntryPoint","urlTemplate":"https:\/\/hppmetall.ee\/?s={search_term_string}"},"query-input":{"@type":"PropertyValueSpecification","valueRequired":true,"valueName":"search_term_string"}}],"inLanguage":"fi"}]}},"_links":{"self":[{"href":"https:\/\/hppmetall.ee\/fi\/wp-json\/wp\/v2\/pages\/1397\/"}],"collection":[{"href":"https:\/\/hppmetall.ee\/fi\/wp-json\/wp\/v2\/pages\/"}],"about":[{"href":"https:\/\/hppmetall.ee\/fi\/wp-json\/wp\/v2\/types\/page\/"}],"author":[{"embeddable":true,"href":"https:\/\/hppmetall.ee\/fi\/wp-json\/wp\/v2\/users\/2\/"}],"replies":[{"embeddable":true,"href":"https:\/\/hppmetall.ee\/fi\/wp-json\/wp\/v2\/comments\/?post=1397"}],"version-history":[{"count":1,"href":"https:\/\/hppmetall.ee\/fi\/wp-json\/wp\/v2\/pages\/1397\/revisions\/"}],"predecessor-version":[{"id":2204,"href":"https:\/\/hppmetall.ee\/fi\/wp-json\/wp\/v2\/pages\/1397\/revisions\/2204\/"}],"wp:attachment":[{"href":"https:\/\/hppmetall.ee\/fi\/wp-json\/wp\/v2\/media\/?parent=1397"}],"curies":[{"name":"wp","href":"https:\/\/api.w.org\/{rel}","templated":true}]}}