{"id":1437,"date":"2023-05-24T06:17:14","date_gmt":"2023-05-24T03:17:14","guid":{"rendered":"https:\/\/hppmetall.ee\/tuotteet\/laser-penkit\/"},"modified":"2024-08-26T07:19:51","modified_gmt":"2024-08-26T04:19:51","slug":"laser-penkit","status":"publish","type":"page","link":"https:\/\/hppmetall.ee\/fi\/tuotteet\/laser-penkit\/","title":{"rendered":"Laser penkit"},"content":{"rendered":"<div class=\"flex_column av_two_third  flex_column_div av-zero-column-padding first  \" style='border-radius:0px; '><div class='avia-image-container  av-styling-   heroimg avia-align-center '  itemscope=\"itemscope\" itemtype=\"https:\/\/schema.org\/ImageObject\"  ><div class='avia-image-container-inner'><img class='avia_image ' src='https:\/\/hppmetall.ee\/wp-content\/uploads\/2022\/04\/laser-e1650272967477.jpg' alt='' title='laser'   itemprop=\"contentURL\"  \/><\/div><\/div><\/div>\n<div class=\"flex_column av_one_third  flex_column_div av-zero-column-padding   \" style='border-radius:0px; '><section class=\"av_textblock_section\"  itemscope=\"itemscope\" itemtype=\"https:\/\/schema.org\/CreativeWork\" ><div class='avia_textblock '   itemprop=\"text\" ><h1 id=\"tw-target-text\" class=\"tw-data-text tw-text-large tw-ta\" dir=\"ltr\" data-placeholder=\"Translation\">Kuitulasermetallin leikkauskone<\/h1>\n<p class=\"tw-data-text tw-text-large tw-ta\" dir=\"ltr\" data-placeholder=\"Translation\">Pienemm\u00e4t laserleikkauskustannukset ja helppo k\u00e4sitell\u00e4.<\/p>\n<p>Pyyd\u00e4 meilt\u00e4 hintatarjous laserleikkauskoneen ostamisesta sopivilla mitoilla ja parametreilla!<\/p>\n<p>Meill\u00e4 on pitk\u00e4aikaisia \u200b\u200byhteisty\u00f6kumppaneita sek\u00e4 Euroopassa ett\u00e4 Kiinassa.<\/p>\n<p>S\u00e4hk\u00f6posti <a href=\"mailto:info@hpptrading.com\">info@hpptrading.com<\/a><\/p>\n<\/div><\/section><\/div><div style='height:50px' class='hr hr-invisible  '><span class='hr-inner ' ><span class='hr-inner-style'><\/span><\/span><\/div><\/p>\n<div style='padding-bottom:10px;' class='av-special-heading av-special-heading-h2    '><h2 class='av-special-heading-tag'  itemprop=\"headline\"  >Ominaisuuden parannuksia<\/h2><div class='special-heading-border'><div class='special-heading-inner-border' ><\/div><\/div><\/div>\n<div style='height:10px' class='hr hr-invisible  '><span class='hr-inner ' ><span class='hr-inner-style'><\/span><\/span><\/div>\n<div class=\"flex_column av_one_fourth  flex_column_div av-zero-column-padding first  \" style='border-radius:0px; '><p><div class='avia-image-container  av-styling-    avia-align-center '  itemscope=\"itemscope\" itemtype=\"https:\/\/schema.org\/ImageObject\"  ><div class='avia-image-container-inner'><img class='avia_image ' src='https:\/\/hppmetall.ee\/wp-content\/uploads\/2022\/04\/func1.jpg' alt='' title='func1'   itemprop=\"contentURL\"  \/><\/div><\/div><br \/>\n<section class=\"av_textblock_section\"  itemscope=\"itemscope\" itemtype=\"https:\/\/schema.org\/CreativeWork\" ><div class='avia_textblock '   itemprop=\"text\" ><h3>10 kW+ leikkausprosessipaketti<\/h3>\n<p>Erityinen kuitulasersuutin ja -leikkausprosessi takaavat hiiliter\u00e4ksen nopeamman happileikkauksen, kaasua s\u00e4\u00e4st\u00e4v\u00e4n ruostumattoman ter\u00e4ksen matalapaineisen typen leikkauksen ja laadukkaamman hiiliter\u00e4ksen ilmaleikkauksen.<\/p>\n<\/div><\/section><\/p><\/div>\n<div class=\"flex_column av_one_fourth  flex_column_div av-zero-column-padding   \" style='border-radius:0px; '><p><div class='avia-image-container  av-styling-    avia-align-center '  itemscope=\"itemscope\" itemtype=\"https:\/\/schema.org\/ImageObject\"  ><div class='avia-image-container-inner'><img class='avia_image ' src='https:\/\/hppmetall.ee\/wp-content\/uploads\/2022\/04\/func2.gif' alt='' title='func2'   itemprop=\"contentURL\"  \/><\/div><\/div><br \/>\n<section class=\"av_textblock_section\"  itemscope=\"itemscope\" itemtype=\"https:\/\/schema.org\/CreativeWork\" ><div class='avia_textblock '   itemprop=\"text\" ><h3>Kaasua s\u00e4\u00e4st\u00e4v\u00e4 suutin vakiovirtauksella<\/h3>\n<p>Leikkaustehoa ja tehokkuutta parannetaan pit\u00e4m\u00e4ll\u00e4 kaasuvirta tasaisena pienell\u00e4 turbulenssilla.<\/p>\n<\/div><\/section><\/p><\/div>\n<div class=\"flex_column av_one_fourth  flex_column_div av-zero-column-padding   \" style='border-radius:0px; '><p><div class='avia-image-container  av-styling-    avia-align-center '  itemscope=\"itemscope\" itemtype=\"https:\/\/schema.org\/ImageObject\"  ><div class='avia-image-container-inner'><img class='avia_image ' src='https:\/\/hppmetall.ee\/wp-content\/uploads\/2022\/04\/func3.gif' alt='' title='func3'   itemprop=\"contentURL\"  \/><\/div><\/div><br \/>\n<section class=\"av_textblock_section\"  itemscope=\"itemscope\" itemtype=\"https:\/\/schema.org\/CreativeWork\" ><div class='avia_textblock '   itemprop=\"text\" ><h3>Aktiivinen t\u00f6rm\u00e4yksenestotoiminto<\/h3>\n<p>Kuitulaserp\u00e4\u00e4t voivat havaita ulkonevat esteet, mik\u00e4 v\u00e4hent\u00e4\u00e4 tehokkaasti vaurioiden m\u00e4\u00e4r\u00e4\u00e4 ja s\u00e4\u00e4st\u00e4\u00e4 laserleikkurin yll\u00e4pitokustannuksia.<\/p>\n<\/div><\/section><\/p><\/div>\n<div class=\"flex_column av_one_fourth  flex_column_div av-zero-column-padding   \" style='border-radius:0px; '><p><div class='avia-image-container  av-styling-    avia-align-center '  itemscope=\"itemscope\" itemtype=\"https:\/\/schema.org\/ImageObject\"  ><div class='avia-image-container-inner'><img class='avia_image ' src='https:\/\/hppmetall.ee\/wp-content\/uploads\/2022\/04\/func4.gif' alt='' title='func4'   itemprop=\"contentURL\"  \/><\/div><\/div><br \/>\n<section class=\"av_textblock_section\"  itemscope=\"itemscope\" itemtype=\"https:\/\/schema.org\/CreativeWork\" ><div class='avia_textblock '   itemprop=\"text\" ><h3>Ohut arkin leikkaaminen ravistamatta materiaalia<\/h3>\n<p>Leikkaus toimii my\u00f6s ohuiden levyjen reunoilla ja varmistaa, ettei halkeamia j\u00e4\u00e4.<\/p>\n<\/div><\/section><\/p><\/div>\n<div style='height:50px' class='hr hr-invisible  '><span class='hr-inner ' ><span class='hr-inner-style'><\/span><\/span><\/div>\n<div style='padding-bottom:10px;' class='av-special-heading av-special-heading-h2    '><h2 class='av-special-heading-tag'  itemprop=\"headline\"  >Mekaaninen kokoonpano<\/h2><div class='special-heading-border'><div class='special-heading-inner-border' ><\/div><\/div><\/div>\n<div style='height:10px' class='hr hr-invisible  '><span class='hr-inner ' ><span class='hr-inner-style'><\/span><\/span><\/div>\n<div class=\"flex_column av_one_third  flex_column_div av-zero-column-padding first  \" style='border-radius:0px; '><p><div class='avia-image-container  av-styling-    mech1 avia-align-center '  itemscope=\"itemscope\" itemtype=\"https:\/\/schema.org\/ImageObject\"  ><div class='avia-image-container-inner'><img class='avia_image ' src='https:\/\/hppmetall.ee\/wp-content\/uploads\/2022\/04\/mech1.gif' alt='' title='mech1'   itemprop=\"contentURL\"  \/><\/div><\/div><br \/>\n<section class=\"av_textblock_section\"  itemscope=\"itemscope\" itemtype=\"https:\/\/schema.org\/CreativeWork\" ><div class='avia_textblock '   itemprop=\"text\" ><h3>Hitsattu runko tappiliitoksella<\/h3>\n<p>Jokaisen leikkuukoneen alustan runko hitsataan tappiliitoksen j\u00e4lkeen t\u00e4ydellisen mekaanisen ominaisuuden ja paremman vakauden ja lujuuden saavuttamiseksi.<\/p>\n<\/div><\/section><\/p><\/div>\n<div class=\"flex_column av_one_third  flex_column_div av-zero-column-padding   \" style='border-radius:0px; '><p><div class='avia-image-container  av-styling-    avia-align-center '  itemscope=\"itemscope\" itemtype=\"https:\/\/schema.org\/ImageObject\"  ><div class='avia-image-container-inner'><img class='avia_image ' src='https:\/\/hppmetall.ee\/wp-content\/uploads\/2022\/04\/mech2-300x170.jpg' alt='' title='mech2'   itemprop=\"contentURL\"  \/><\/div><\/div><br \/>\n<section class=\"av_textblock_section\"  itemscope=\"itemscope\" itemtype=\"https:\/\/schema.org\/CreativeWork\" ><div class='avia_textblock '   itemprop=\"text\" ><h3>Joustava alumiininen poikkipalkki<\/h3>\n<p>Eritt\u00e4in korkeapaineinen venytysprosessi ja kevyt muotoilu; J\u00e4ykkyys kasvaa 60 %; Paino putoaa 20%; Laserleikkurin toimintanopeus kasvaa 50 %<\/p>\n<\/div><\/section><\/p><\/div>\n<div class=\"flex_column av_one_third  flex_column_div av-zero-column-padding   \" style='border-radius:0px; '><p><div class='avia-image-container  av-styling-    mech1 avia-align-center '  itemscope=\"itemscope\" itemtype=\"https:\/\/schema.org\/ImageObject\"  ><div class='avia-image-container-inner'><img class='avia_image ' src='https:\/\/hppmetall.ee\/wp-content\/uploads\/2022\/04\/mech3.gif' alt='' title='mech3'   itemprop=\"contentURL\"  \/><\/div><\/div><br \/>\n<section class=\"av_textblock_section\"  itemscope=\"itemscope\" itemtype=\"https:\/\/schema.org\/CreativeWork\" ><div class='avia_textblock '   itemprop=\"text\" ><h3>Modulaarinen penkki<\/h3>\n<p>J\u00e4ykisteill\u00e4 varustettu modulaarinen leikkausp\u00f6yt\u00e4 s\u00e4\u00e4st\u00e4\u00e4 purkamiseen kuluvaa aikaa ja lis\u00e4\u00e4 mukavuutta ja j\u00e4ykkyytt\u00e4.<\/p>\n<\/div><\/section><\/p><\/div>\n<div style='height:50px' class='hr hr-invisible  '><span class='hr-inner ' ><span class='hr-inner-style'><\/span><\/span><\/div>\n<div style='padding-bottom:10px;' class='av-special-heading av-special-heading-h2    '><h2 class='av-special-heading-tag'  itemprop=\"headline\"  >Ohjelmisto<\/h2><div class='special-heading-border'><div class='special-heading-inner-border' ><\/div><\/div><\/div>\n<div style='height:10px' class='hr hr-invisible  '><span class='hr-inner ' ><span class='hr-inner-style'><\/span><\/span><\/div>\n<div class=\"flex_column av_two_third  flex_column_div av-zero-column-padding first  \" style='border-radius:0px; '><div class='avia-image-container  av-styling-    avia-align-center '  itemscope=\"itemscope\" itemtype=\"https:\/\/schema.org\/ImageObject\"  ><div class='avia-image-container-inner'><img class='avia_image ' src='https:\/\/hppmetall.ee\/wp-content\/uploads\/2022\/04\/CypCut.png' alt='' title='CypCut'   itemprop=\"contentURL\"  \/><\/div><\/div><\/div>\n<div class=\"flex_column av_one_third  flex_column_div av-zero-column-padding   \" style='border-radius:0px; '><section class=\"av_textblock_section\"  itemscope=\"itemscope\" itemtype=\"https:\/\/schema.org\/CreativeWork\" ><div class='avia_textblock '   itemprop=\"text\" ><h3>CypCut<\/h3>\n<p>CypCut metallinleikkausohjelmisto on kattava suunnittelu kuitulaserleikkausteollisuudelle. Se yksinkertaistaa monimutkaista CNC-konety\u00f6t\u00e4 ja yhdist\u00e4\u00e4 CAD-, Nest- ja CAM-moduulit yhdeksi. Piirt\u00e4misest\u00e4, sis\u00e4kk\u00e4in asettamisesta ty\u00f6kappaleen leikkaamiseen, kaikki voidaan suorittaa muutamalla napsautuksella.<\/p>\n<\/div><\/section><\/div>\n","protected":false},"excerpt":{"rendered":"","protected":false},"author":4,"featured_media":0,"parent":1397,"menu_order":0,"comment_status":"closed","ping_status":"closed","template":"","meta":{"footnotes":"","_links_to":"","_links_to_target":""},"class_list":["post-1437","page","type-page","status-publish","hentry"],"yoast_head":"<!-- This site is optimized with the Yoast SEO plugin v27.0 - https:\/\/yoast.com\/product\/yoast-seo-wordpress\/ -->\n<title>Laserleikkurit Metalliteollisuudelle | Tarkkuus ja Luotettavuus | HPP Metall<\/title>\n<meta name=\"description\" content=\"HPP Metall tarjoaa huippulaatuisia laserleikkureita, jotka soveltuvat tarkkaan ja luotettavaan metallin k\u00e4sittelyyn. Laserleikkurimme takaavat erinomaisen leikkuulaadun.\" \/>\n<meta name=\"robots\" content=\"index, follow, max-snippet:-1, max-image-preview:large, max-video-preview:-1\" \/>\n<link rel=\"canonical\" href=\"https:\/\/hppmetall.ee\/fi\/tooted\/laserpingid\/\" \/>\n<meta property=\"og:locale\" content=\"fi_FI\" \/>\n<meta property=\"og:type\" content=\"article\" \/>\n<meta property=\"og:title\" content=\"Laserleikkurit Metalliteollisuudelle | Tarkkuus ja Luotettavuus | HPP Metall\" \/>\n<meta property=\"og:description\" content=\"HPP Metall tarjoaa huippulaatuisia laserleikkureita, jotka soveltuvat tarkkaan ja luotettavaan metallin k\u00e4sittelyyn. Laserleikkurimme takaavat erinomaisen leikkuulaadun.\" \/>\n<meta property=\"og:url\" content=\"https:\/\/hppmetall.ee\/tooted\/laserpingid\/\" \/>\n<meta property=\"og:site_name\" content=\"HPP Metall\" \/>\n<meta property=\"article:modified_time\" content=\"2024-08-26T04:19:51+00:00\" \/>\n<meta name=\"twitter:card\" content=\"summary_large_image\" \/>\n<meta name=\"twitter:label1\" content=\"Arvioitu lukuaika\" \/>\n\t<meta name=\"twitter:data1\" content=\"9 minuuttia\" \/>\n<script type=\"application\/ld+json\" class=\"yoast-schema-graph\">{\"@context\":\"https:\/\/schema.org\",\"@graph\":[{\"@type\":\"WebPage\",\"@id\":\"https:\/\/hppmetall.ee\/tooted\/laserpingid\/\",\"url\":\"https:\/\/hppmetall.ee\/tooted\/laserpingid\/\",\"name\":\"Laserleikkurit Metalliteollisuudelle | Tarkkuus ja Luotettavuus | HPP Metall\",\"isPartOf\":{\"@id\":\"https:\/\/hppmetall.ee\/#website\"},\"datePublished\":\"2023-05-24T03:17:14+00:00\",\"dateModified\":\"2024-08-26T04:19:51+00:00\",\"description\":\"HPP Metall tarjoaa huippulaatuisia laserleikkureita, jotka soveltuvat tarkkaan ja luotettavaan metallin k\u00e4sittelyyn. Laserleikkurimme takaavat erinomaisen leikkuulaadun.\",\"breadcrumb\":{\"@id\":\"https:\/\/hppmetall.ee\/tooted\/laserpingid\/#breadcrumb\"},\"inLanguage\":\"fi\",\"potentialAction\":[{\"@type\":\"ReadAction\",\"target\":[\"https:\/\/hppmetall.ee\/tooted\/laserpingid\/\"]}]},{\"@type\":\"BreadcrumbList\",\"@id\":\"https:\/\/hppmetall.ee\/tooted\/laserpingid\/#breadcrumb\",\"itemListElement\":[{\"@type\":\"ListItem\",\"position\":1,\"name\":\"Home\",\"item\":\"https:\/\/hppmetall.ee\/\"},{\"@type\":\"ListItem\",\"position\":2,\"name\":\"Tuotteet\",\"item\":\"https:\/\/hppmetall.ee\/tooted\/plasmatarviku-tooted\/\"},{\"@type\":\"ListItem\",\"position\":3,\"name\":\"Laser penkit\"}]},{\"@type\":\"WebSite\",\"@id\":\"https:\/\/hppmetall.ee\/#website\",\"url\":\"https:\/\/hppmetall.ee\/\",\"name\":\"HPP Metall\",\"description\":\"Metallit\u00f6\u00f6tlemismasinate ja nende tarvikute jae- ja hulgim\u00fc\u00fck\",\"potentialAction\":[{\"@type\":\"SearchAction\",\"target\":{\"@type\":\"EntryPoint\",\"urlTemplate\":\"https:\/\/hppmetall.ee\/?s={search_term_string}\"},\"query-input\":{\"@type\":\"PropertyValueSpecification\",\"valueRequired\":true,\"valueName\":\"search_term_string\"}}],\"inLanguage\":\"fi\"}]}<\/script>\n<!-- \/ Yoast SEO plugin. -->","yoast_head_json":{"title":"Laserleikkurit Metalliteollisuudelle | Tarkkuus ja Luotettavuus | HPP Metall","description":"HPP Metall tarjoaa huippulaatuisia laserleikkureita, jotka soveltuvat tarkkaan ja luotettavaan metallin k\u00e4sittelyyn. Laserleikkurimme takaavat erinomaisen leikkuulaadun.","robots":{"index":"index","follow":"follow","max-snippet":"max-snippet:-1","max-image-preview":"max-image-preview:large","max-video-preview":"max-video-preview:-1"},"canonical":"https:\/\/hppmetall.ee\/fi\/tooted\/laserpingid\/","og_locale":"fi_FI","og_type":"article","og_title":"Laserleikkurit Metalliteollisuudelle | Tarkkuus ja Luotettavuus | HPP Metall","og_description":"HPP Metall tarjoaa huippulaatuisia laserleikkureita, jotka soveltuvat tarkkaan ja luotettavaan metallin k\u00e4sittelyyn. Laserleikkurimme takaavat erinomaisen leikkuulaadun.","og_url":"https:\/\/hppmetall.ee\/tooted\/laserpingid\/","og_site_name":"HPP Metall","article_modified_time":"2024-08-26T04:19:51+00:00","twitter_card":"summary_large_image","twitter_misc":{"Arvioitu lukuaika":"9 minuuttia"},"schema":{"@context":"https:\/\/schema.org","@graph":[{"@type":"WebPage","@id":"https:\/\/hppmetall.ee\/tooted\/laserpingid\/","url":"https:\/\/hppmetall.ee\/tooted\/laserpingid\/","name":"Laserleikkurit Metalliteollisuudelle | Tarkkuus ja Luotettavuus | HPP Metall","isPartOf":{"@id":"https:\/\/hppmetall.ee\/#website"},"datePublished":"2023-05-24T03:17:14+00:00","dateModified":"2024-08-26T04:19:51+00:00","description":"HPP Metall tarjoaa huippulaatuisia laserleikkureita, jotka soveltuvat tarkkaan ja luotettavaan metallin k\u00e4sittelyyn. Laserleikkurimme takaavat erinomaisen leikkuulaadun.","breadcrumb":{"@id":"https:\/\/hppmetall.ee\/tooted\/laserpingid\/#breadcrumb"},"inLanguage":"fi","potentialAction":[{"@type":"ReadAction","target":["https:\/\/hppmetall.ee\/tooted\/laserpingid\/"]}]},{"@type":"BreadcrumbList","@id":"https:\/\/hppmetall.ee\/tooted\/laserpingid\/#breadcrumb","itemListElement":[{"@type":"ListItem","position":1,"name":"Home","item":"https:\/\/hppmetall.ee\/"},{"@type":"ListItem","position":2,"name":"Tuotteet","item":"https:\/\/hppmetall.ee\/tooted\/plasmatarviku-tooted\/"},{"@type":"ListItem","position":3,"name":"Laser penkit"}]},{"@type":"WebSite","@id":"https:\/\/hppmetall.ee\/#website","url":"https:\/\/hppmetall.ee\/","name":"HPP Metall","description":"Metallit\u00f6\u00f6tlemismasinate ja nende tarvikute jae- ja hulgim\u00fc\u00fck","potentialAction":[{"@type":"SearchAction","target":{"@type":"EntryPoint","urlTemplate":"https:\/\/hppmetall.ee\/?s={search_term_string}"},"query-input":{"@type":"PropertyValueSpecification","valueRequired":true,"valueName":"search_term_string"}}],"inLanguage":"fi"}]}},"_links":{"self":[{"href":"https:\/\/hppmetall.ee\/fi\/wp-json\/wp\/v2\/pages\/1437\/"}],"collection":[{"href":"https:\/\/hppmetall.ee\/fi\/wp-json\/wp\/v2\/pages\/"}],"about":[{"href":"https:\/\/hppmetall.ee\/fi\/wp-json\/wp\/v2\/types\/page\/"}],"author":[{"embeddable":true,"href":"https:\/\/hppmetall.ee\/fi\/wp-json\/wp\/v2\/users\/4\/"}],"replies":[{"embeddable":true,"href":"https:\/\/hppmetall.ee\/fi\/wp-json\/wp\/v2\/comments\/?post=1437"}],"version-history":[{"count":2,"href":"https:\/\/hppmetall.ee\/fi\/wp-json\/wp\/v2\/pages\/1437\/revisions\/"}],"predecessor-version":[{"id":2217,"href":"https:\/\/hppmetall.ee\/fi\/wp-json\/wp\/v2\/pages\/1437\/revisions\/2217\/"}],"up":[{"embeddable":true,"href":"https:\/\/hppmetall.ee\/fi\/wp-json\/wp\/v2\/pages\/1397\/"}],"wp:attachment":[{"href":"https:\/\/hppmetall.ee\/fi\/wp-json\/wp\/v2\/media\/?parent=1437"}],"curies":[{"name":"wp","href":"https:\/\/api.w.org\/{rel}","templated":true}]}}