{"id":1454,"date":"2023-05-24T06:38:56","date_gmt":"2023-05-24T03:38:56","guid":{"rendered":"https:\/\/hppmetall.ee\/tuotteet\/cnc-penkkien-valmistus\/"},"modified":"2024-08-26T07:25:00","modified_gmt":"2024-08-26T04:25:00","slug":"cnc-penkkien-valmistus","status":"publish","type":"page","link":"https:\/\/hppmetall.ee\/fi\/tuotteet\/cnc-penkkien-valmistus\/","title":{"rendered":"CNC-penkkien valmistus"},"content":{"rendered":"<div class=\"flex_column av_one_full  flex_column_div av-zero-column-padding first  \" style='border-radius:0px; '><p><div style='padding-bottom:0px;font-size:25px;' class='av-special-heading av-special-heading-h1  blockquote modern-quote   av-inherit-size'><h1 class='av-special-heading-tag'  itemprop=\"headline\"  >CNC-penkkien valmistus ja myynti<\/h1><div class='special-heading-border'><div class='special-heading-inner-border' ><\/div><\/div><\/div><br \/>\n<div style=' margin-top:10px; margin-bottom:10px;'  class='hr hr-custom hr-left hr-icon-no  '><span class='hr-inner   inner-border-av-border-thin' style=' width:50px; border-color:#efbb20;' ><span class='hr-inner-style'><\/span><\/span><\/div><br \/>\n<section class=\"av_textblock_section\"  itemscope=\"itemscope\" itemtype=\"https:\/\/schema.org\/CreativeWork\" ><div class='avia_textblock '   itemprop=\"text\" ><p>IT-ratkaisuilla ohjatut CNC-penkit ovat nyky\u00e4\u00e4n t\u00e4ysin yleinen ratkaisu pienemmiss\u00e4kin tuotantoyrityksiss\u00e4. Vaikka standardiratkaisut riitt\u00e4v\u00e4t moniin niist\u00e4, kannattaa aina harkita erityisesti tuotantoon perustuvan CNC-penkin k\u00e4ytt\u00f6\u00e4.<\/p>\n<p><strong>Olemme yksi harvoista CNC-penkkivalmistajista Virossa.<\/strong> Tavoitteenamme on tarjota &#8221;r\u00e4\u00e4t\u00e4l\u00f6ityj\u00e4 ratkaisuja&#8221;, valmistamme CNC-penkit plasmaleikkaukseen, laserleikkaukseen ja jyrsint\u00e4\u00e4n t\u00e4sm\u00e4lleen asiakkaan tarpeiden mukaan.<\/p>\n<p>Annamme valmistetuille penkeille kahden vuoden takuun. Takuu kattaa kaikki laitteen osat, paitsi asiakkaan itsens\u00e4 toimittamat laitteen osat.<\/p>\n<p>Koulutamme my\u00f6s CNC-penkkien kuljettajia.<\/p>\n<h3>Meid\u00e4n valmistamien CNC-penkkien hinnat:<\/h3>\n<p>Parametrit<\/p>\n<p>Plasmapenkki 1500&#215;3000 200A &#8211; hinta alkaen 18 000 euroa + km.<\/p>\n<p>Plasmapenkki 1500&#215;6000 200A &#8211; hinta alkaen 22000 euroa+km.<\/p>\n<p>Plasmapenkki 2000&#215;6000 200A &#8211; hinta alkaen 26000 euroa+km.<\/p>\n<h3>Suosituksia CNC-penkki\u00e4 tilattaessa:<\/h3>\n<p>CNC-penkki\u00e4 tilattaessa suosittelemme kartoittamaan tarpeesi ja huomioimaan seuraavat olosuhteet:<\/p>\n<h4>1) Mist\u00e4 materiaalista haluat tehd\u00e4 osat?<\/h4>\n<p>Jos haluat leikata metalleja, plasma-, laser- tai vesileikkuri.<\/p>\n<p>Jos haluat leikata paksuudeltaan yli 50 mm, niin kaasu- tai vesileikkuri.<\/p>\n<h4>2) CNC-penkkip\u00f6yd\u00e4n koko<\/h4>\n<p>Kuinka suuria osia haluat tehd\u00e4 CNC-penkill\u00e4? CNC-p\u00f6yt\u00e4tason koko riippuu t\u00e4st\u00e4.<\/p>\n<p>Samalla suosittelemme ty\u00f6p\u00f6yd\u00e4n kokoa valittaessa my\u00f6s markkinoilla tarjottavien raaka-aineiden mittojen perusteella (esim. ter\u00e4slevy on yleens\u00e4 1,5m x 3m tai suurempi 2m x 6m)<\/p>\n<h4>3) CNC-penkkigeneraattorin valinta<\/h4>\n<p>Suosittelemme valitsemaan hieman tehokkaamman generaattorin kuin on optimaalisesti tarpeen alkuper\u00e4isten osien valmistukseen. Mik\u00e4li l\u00e4hdetietoa halutaan muuttaa siten, ett\u00e4 kuormitus kasvaa, ty\u00f6penkill\u00e4 voi silti olla laadukasta ty\u00f6t\u00e4, eik\u00e4 sinun tarvitse alkaa hankkia penkkiin tehokkaampaa generaattoria tai ostaa uutta CNC-penkki\u00e4.<\/p>\n<h4>4) CNC-penkin asennusehdot<\/h4>\n<p>Penkin sijainnissa tulee olla ilmanvaihto, s\u00e4hk\u00f6, paineilma ja asianmukainen maadoitus.<\/p>\n<h4>5) Suodatinyksikk\u00f6 l\u00e4mm\u00f6ntalteenotolla<\/h4>\n<p>Suosittelemme l\u00e4mm\u00f6n talteenotolla varustetun suodatinyksik\u00f6n hankkimista, sill\u00e4 esimerkiksi FCAW-, MMA-, MIG-hitsaus, l\u00e4mp\u00f6leikkaus ja plasmaleikkaus vapauttavat enemm\u00e4n kiinteit\u00e4 hiukkasia sis\u00e4lt\u00e4vi\u00e4 h\u00f6yryj\u00e4, kun taas TIG, plasma, happi, laserhitsaus, laserleikkaus, ja upotettu kaarihitsaus vapauttaa yleens\u00e4 hyvin v\u00e4h\u00e4n h\u00f6yryj\u00e4.<\/p>\n<p>Leikkauksen aikana vapautuvien h\u00f6yryjen luonne riippuu leikattavasta materiaalista ja t\u00e4m\u00e4n materiaalin pinnoitteesta. Ruostumattoman ter\u00e4ksen leikkaaminen on mahdollisesti vaarallisinta, koska leikkauksen aikana vapautuvat h\u00f6yryt sis\u00e4lt\u00e4v\u00e4t kromia ja nikkeli\u00e4. My\u00f6s kuparia ja kupariseoksia leikataan usein, ja n\u00e4iden metallien yhteydess\u00e4 on my\u00f6s huomattava vaara h\u00f6yryjen vapautumisesta<\/p>\n<h4>6) Turvallisuus<\/h4>\n<p>Kaikki HPP:n plasmaj\u00e4rjestelm\u00e4t toimivat avoimen piirin 300 V DC suurj\u00e4nniteperiaatteella. Turvallisuuden vuoksi ty\u00f6kappale ja ty\u00f6p\u00f6yt\u00e4 on maadoitettava.<\/p>\n<p>\u00c4l\u00e4 leikkaa sylinterien l\u00e4hell\u00e4, jotka voivat sytty\u00e4 tuleen tai r\u00e4j\u00e4ht\u00e4\u00e4. Ilmapallojen ja penkin v\u00e4lisen et\u00e4isyyden tulee olla v\u00e4hint\u00e4\u00e4n 3 metri\u00e4<\/p>\n<\/div><\/section><\/p>\n<h3>Joitakin esimerkkej\u00e4 HPP Metallin valmistamista plasmakoneista:<\/h3>\n<div style=\"width: 1500px;\" class=\"wp-video\"><video class=\"wp-video-shortcode\" id=\"video-1454-1\" width=\"1500\" height=\"844\" preload=\"metadata\" controls=\"controls\"><source type=\"video\/mp4\" src=\"https:\/\/hppmetall.ee\/wp-content\/uploads\/2019\/03\/Plasmapink-tootmine-HPP.mp4?_=1\" \/><a href=\"https:\/\/hppmetall.ee\/wp-content\/uploads\/2019\/03\/Plasmapink-tootmine-HPP.mp4\">https:\/\/hppmetall.ee\/wp-content\/uploads\/2019\/03\/Plasmapink-tootmine-HPP.mp4<\/a><\/video><\/div><\/div>\n","protected":false},"excerpt":{"rendered":"","protected":false},"author":2,"featured_media":0,"parent":1397,"menu_order":1,"comment_status":"closed","ping_status":"closed","template":"","meta":{"footnotes":"","_links_to":"","_links_to_target":""},"class_list":["post-1454","page","type-page","status-publish","hentry"],"yoast_head":"<!-- This site is optimized with the Yoast SEO plugin v27.0 - https:\/\/yoast.com\/product\/yoast-seo-wordpress\/ -->\n<title>CNC-koneiden Valmistus | R\u00e4\u00e4t\u00e4l\u00f6idyt Ratkaisut | HPP Metall<\/title>\n<meta name=\"description\" content=\"HPP Metall tarjoaa r\u00e4\u00e4t\u00e4l\u00f6ityj\u00e4 CNC-koneiden valmistuspalveluja yrityksesi tarpeiden mukaan. Ratkaisumme takaavat tarkan ja tehokkaan tuotannon.\" \/>\n<meta name=\"robots\" content=\"index, follow, max-snippet:-1, max-image-preview:large, max-video-preview:-1\" \/>\n<link rel=\"canonical\" href=\"https:\/\/hppmetall.ee\/fi\/tooted\/cnc-pinkide-tootmine\/\" \/>\n<meta property=\"og:locale\" content=\"fi_FI\" \/>\n<meta property=\"og:type\" content=\"article\" \/>\n<meta property=\"og:title\" content=\"CNC-koneiden Valmistus | R\u00e4\u00e4t\u00e4l\u00f6idyt Ratkaisut | HPP Metall\" \/>\n<meta property=\"og:description\" content=\"HPP Metall tarjoaa r\u00e4\u00e4t\u00e4l\u00f6ityj\u00e4 CNC-koneiden valmistuspalveluja yrityksesi tarpeiden mukaan. Ratkaisumme takaavat tarkan ja tehokkaan tuotannon.\" \/>\n<meta property=\"og:url\" content=\"https:\/\/hppmetall.ee\/tooted\/cnc-pinkide-tootmine\/\" \/>\n<meta property=\"og:site_name\" content=\"HPP Metall\" \/>\n<meta property=\"article:modified_time\" content=\"2024-08-26T04:25:00+00:00\" \/>\n<meta name=\"twitter:card\" content=\"summary_large_image\" \/>\n<meta name=\"twitter:label1\" content=\"Arvioitu lukuaika\" \/>\n\t<meta name=\"twitter:data1\" content=\"3 minuuttia\" \/>\n<script type=\"application\/ld+json\" class=\"yoast-schema-graph\">{\"@context\":\"https:\/\/schema.org\",\"@graph\":[{\"@type\":\"WebPage\",\"@id\":\"https:\/\/hppmetall.ee\/tooted\/cnc-pinkide-tootmine\/\",\"url\":\"https:\/\/hppmetall.ee\/tooted\/cnc-pinkide-tootmine\/\",\"name\":\"CNC-koneiden Valmistus | R\u00e4\u00e4t\u00e4l\u00f6idyt Ratkaisut | HPP Metall\",\"isPartOf\":{\"@id\":\"https:\/\/hppmetall.ee\/#website\"},\"datePublished\":\"2023-05-24T03:38:56+00:00\",\"dateModified\":\"2024-08-26T04:25:00+00:00\",\"description\":\"HPP Metall tarjoaa r\u00e4\u00e4t\u00e4l\u00f6ityj\u00e4 CNC-koneiden valmistuspalveluja yrityksesi tarpeiden mukaan. Ratkaisumme takaavat tarkan ja tehokkaan tuotannon.\",\"breadcrumb\":{\"@id\":\"https:\/\/hppmetall.ee\/tooted\/cnc-pinkide-tootmine\/#breadcrumb\"},\"inLanguage\":\"fi\",\"potentialAction\":[{\"@type\":\"ReadAction\",\"target\":[\"https:\/\/hppmetall.ee\/tooted\/cnc-pinkide-tootmine\/\"]}]},{\"@type\":\"BreadcrumbList\",\"@id\":\"https:\/\/hppmetall.ee\/tooted\/cnc-pinkide-tootmine\/#breadcrumb\",\"itemListElement\":[{\"@type\":\"ListItem\",\"position\":1,\"name\":\"Home\",\"item\":\"https:\/\/hppmetall.ee\/\"},{\"@type\":\"ListItem\",\"position\":2,\"name\":\"Tuotteet\",\"item\":\"https:\/\/hppmetall.ee\/tooted\/plasmatarviku-tooted\/\"},{\"@type\":\"ListItem\",\"position\":3,\"name\":\"CNC-penkkien valmistus\"}]},{\"@type\":\"WebSite\",\"@id\":\"https:\/\/hppmetall.ee\/#website\",\"url\":\"https:\/\/hppmetall.ee\/\",\"name\":\"HPP Metall\",\"description\":\"Metallit\u00f6\u00f6tlemismasinate ja nende tarvikute jae- ja hulgim\u00fc\u00fck\",\"potentialAction\":[{\"@type\":\"SearchAction\",\"target\":{\"@type\":\"EntryPoint\",\"urlTemplate\":\"https:\/\/hppmetall.ee\/?s={search_term_string}\"},\"query-input\":{\"@type\":\"PropertyValueSpecification\",\"valueRequired\":true,\"valueName\":\"search_term_string\"}}],\"inLanguage\":\"fi\"}]}<\/script>\n<!-- \/ Yoast SEO plugin. -->","yoast_head_json":{"title":"CNC-koneiden Valmistus | R\u00e4\u00e4t\u00e4l\u00f6idyt Ratkaisut | HPP Metall","description":"HPP Metall tarjoaa r\u00e4\u00e4t\u00e4l\u00f6ityj\u00e4 CNC-koneiden valmistuspalveluja yrityksesi tarpeiden mukaan. Ratkaisumme takaavat tarkan ja tehokkaan tuotannon.","robots":{"index":"index","follow":"follow","max-snippet":"max-snippet:-1","max-image-preview":"max-image-preview:large","max-video-preview":"max-video-preview:-1"},"canonical":"https:\/\/hppmetall.ee\/fi\/tooted\/cnc-pinkide-tootmine\/","og_locale":"fi_FI","og_type":"article","og_title":"CNC-koneiden Valmistus | R\u00e4\u00e4t\u00e4l\u00f6idyt Ratkaisut | HPP Metall","og_description":"HPP Metall tarjoaa r\u00e4\u00e4t\u00e4l\u00f6ityj\u00e4 CNC-koneiden valmistuspalveluja yrityksesi tarpeiden mukaan. Ratkaisumme takaavat tarkan ja tehokkaan tuotannon.","og_url":"https:\/\/hppmetall.ee\/tooted\/cnc-pinkide-tootmine\/","og_site_name":"HPP Metall","article_modified_time":"2024-08-26T04:25:00+00:00","twitter_card":"summary_large_image","twitter_misc":{"Arvioitu lukuaika":"3 minuuttia"},"schema":{"@context":"https:\/\/schema.org","@graph":[{"@type":"WebPage","@id":"https:\/\/hppmetall.ee\/tooted\/cnc-pinkide-tootmine\/","url":"https:\/\/hppmetall.ee\/tooted\/cnc-pinkide-tootmine\/","name":"CNC-koneiden Valmistus | R\u00e4\u00e4t\u00e4l\u00f6idyt Ratkaisut | HPP Metall","isPartOf":{"@id":"https:\/\/hppmetall.ee\/#website"},"datePublished":"2023-05-24T03:38:56+00:00","dateModified":"2024-08-26T04:25:00+00:00","description":"HPP Metall tarjoaa r\u00e4\u00e4t\u00e4l\u00f6ityj\u00e4 CNC-koneiden valmistuspalveluja yrityksesi tarpeiden mukaan. Ratkaisumme takaavat tarkan ja tehokkaan tuotannon.","breadcrumb":{"@id":"https:\/\/hppmetall.ee\/tooted\/cnc-pinkide-tootmine\/#breadcrumb"},"inLanguage":"fi","potentialAction":[{"@type":"ReadAction","target":["https:\/\/hppmetall.ee\/tooted\/cnc-pinkide-tootmine\/"]}]},{"@type":"BreadcrumbList","@id":"https:\/\/hppmetall.ee\/tooted\/cnc-pinkide-tootmine\/#breadcrumb","itemListElement":[{"@type":"ListItem","position":1,"name":"Home","item":"https:\/\/hppmetall.ee\/"},{"@type":"ListItem","position":2,"name":"Tuotteet","item":"https:\/\/hppmetall.ee\/tooted\/plasmatarviku-tooted\/"},{"@type":"ListItem","position":3,"name":"CNC-penkkien valmistus"}]},{"@type":"WebSite","@id":"https:\/\/hppmetall.ee\/#website","url":"https:\/\/hppmetall.ee\/","name":"HPP Metall","description":"Metallit\u00f6\u00f6tlemismasinate ja nende tarvikute jae- ja hulgim\u00fc\u00fck","potentialAction":[{"@type":"SearchAction","target":{"@type":"EntryPoint","urlTemplate":"https:\/\/hppmetall.ee\/?s={search_term_string}"},"query-input":{"@type":"PropertyValueSpecification","valueRequired":true,"valueName":"search_term_string"}}],"inLanguage":"fi"}]}},"_links":{"self":[{"href":"https:\/\/hppmetall.ee\/fi\/wp-json\/wp\/v2\/pages\/1454\/"}],"collection":[{"href":"https:\/\/hppmetall.ee\/fi\/wp-json\/wp\/v2\/pages\/"}],"about":[{"href":"https:\/\/hppmetall.ee\/fi\/wp-json\/wp\/v2\/types\/page\/"}],"author":[{"embeddable":true,"href":"https:\/\/hppmetall.ee\/fi\/wp-json\/wp\/v2\/users\/2\/"}],"replies":[{"embeddable":true,"href":"https:\/\/hppmetall.ee\/fi\/wp-json\/wp\/v2\/comments\/?post=1454"}],"version-history":[{"count":5,"href":"https:\/\/hppmetall.ee\/fi\/wp-json\/wp\/v2\/pages\/1454\/revisions\/"}],"predecessor-version":[{"id":2225,"href":"https:\/\/hppmetall.ee\/fi\/wp-json\/wp\/v2\/pages\/1454\/revisions\/2225\/"}],"up":[{"embeddable":true,"href":"https:\/\/hppmetall.ee\/fi\/wp-json\/wp\/v2\/pages\/1397\/"}],"wp:attachment":[{"href":"https:\/\/hppmetall.ee\/fi\/wp-json\/wp\/v2\/media\/?parent=1454"}],"curies":[{"name":"wp","href":"https:\/\/api.w.org\/{rel}","templated":true}]}}