{"id":1360,"date":"2015-10-15T15:32:40","date_gmt":"2015-10-15T15:32:40","guid":{"rendered":"https:\/\/hppmetall.ee\/kontakt\/"},"modified":"2024-08-26T06:47:12","modified_gmt":"2024-08-26T03:47:12","slug":"kontakt","status":"publish","type":"page","link":"https:\/\/hppmetall.ee\/sv\/kontakt\/","title":{"rendered":"Kontakt"},"content":{"rendered":"<div class=\"flex_column av_one_half  flex_column_div av-zero-column-padding first  \" style='border-radius:0px; '><p><div style='padding-bottom:0px;font-size:24px;' class='av-special-heading av-special-heading-h2  blockquote modern-quote   av-inherit-size'><h2 class='av-special-heading-tag'  itemprop=\"headline\"  >F\u00f6retagsinformation<\/h2><div class='special-heading-border'><div class='special-heading-inner-border' ><\/div><\/div><\/div><br \/>\n<div style=' margin-top:10px; margin-bottom:20px;'  class='hr hr-custom hr-left hr-icon-no  '><span class='hr-inner   inner-border-av-border-fat' style=' width:50px; border-color:#efbb20;' ><span class='hr-inner-style'><\/span><\/span><\/div><br \/>\n<section class=\"av_textblock_section\"  itemscope=\"itemscope\" itemtype=\"https:\/\/schema.org\/CreativeWork\" ><div class='avia_textblock '   itemprop=\"text\" ><p>Uus 5, M\u00e4rjamaa, Raplamaa, 78301<\/p>\n<p>Produktion: Uus 5, M\u00e4rjamaa alev, 78302 Raplamaa<\/p>\n<p>Telefon : <a href=\"tel:+3725089368\">(+372) 508 9368<\/a><\/p>\n<p>E-Post\u00a0: <a href=\"mailto:info@hpptrading.com\">info@hpptrading.com<\/a><\/p>\n<p>F\u00f6retagskod: 14880625<\/p>\n<p>Momsregistreringsnummer: EE102221347<\/p>\n<\/div><\/section><\/p><\/div>\n<div class=\"flex_column av_one_half  av-animated-generic bottom-to-top  flex_column_div av-zero-column-padding   \" style='border-radius:0px; '><p><div style='padding-bottom:0px;font-size:24px;' class='av-special-heading av-special-heading-h2  blockquote modern-quote   av-inherit-size'><h2 class='av-special-heading-tag'  itemprop=\"headline\"  >\u00c5terkopplingsformul\u00e4r<\/h2><div class='special-heading-border'><div class='special-heading-inner-border' ><\/div><\/div><\/div><br \/>\n<div style=' margin-top:10px; margin-bottom:0px;'  class='hr hr-custom hr-left hr-icon-no  '><span class='hr-inner   inner-border-av-border-fat' style=' width:50px; border-color:#efbb20;' ><span class='hr-inner-style'><\/span><\/span><\/div><br \/>\n<form action=\"https:\/\/hppmetall.ee\/sv\/kontakt\/\" method=\"post\"  class=\"avia_ajax_form av-form-labels-visible    \" data-avia-form-id=\"1\" data-avia-redirect=''><fieldset><p class=' first_form  form_element form_element_half' id='element_avia_1_1'><label for=\"avia_1_1\">Ditt namn <abbr class=\"required\" title=\"required\">*<\/abbr><\/label> <input name=\"avia_1_1\" class=\"text_input is_empty\" type=\"text\" id=\"avia_1_1\" value=\"\" \/><\/p><p class=' form_element form_element_half' id='element_avia_2_1'><label for=\"avia_2_1\">Telefon <abbr class=\"required\" title=\"required\">*<\/abbr><\/label> <input name=\"avia_2_1\" class=\"text_input is_phone\" type=\"text\" id=\"avia_2_1\" value=\"\" \/><\/p><p class=' first_form  form_element form_fullwidth' id='element_avia_3_1'><label for=\"avia_3_1\">E-postadress <abbr class=\"required\" title=\"required\">*<\/abbr><\/label> <input name=\"avia_3_1\" class=\"text_input is_email\" type=\"text\" id=\"avia_3_1\" value=\"\" \/><\/p><p class=' first_form  form_element form_fullwidth' id='element_avia_4_1'>\t <label for=\"avia_4_1\" class=\"textare_label hidden textare_label_avia_4_1\">Ditt meddelande <abbr class=\"required\" title=\"required\">*<\/abbr><\/label>\t <textarea  name=\"avia_4_1\" class=\"text_area is_empty\" cols=\"40\" rows=\"7\" id=\"avia_4_1\" ><\/textarea><\/p><p class=\"hidden\"><input type=\"text\" name=\"avia_5_1\" class=\"hidden \" id=\"avia_5_1\" value=\"\" \/><\/p><p class='' id='element_avia_6_1'>    <span class='value_verifier_label'>2 + 2 = ?<\/span>    <input name=\"avia_6_1_verifier\" type=\"hidden\" id=\"avia_6_1_verifier\" value=\"357417113\"\/><label for=\"avia_6_1\">Bekr\u00e4fta att du \u00e4r en m\u00e4nniska genom att l\u00f6sa ekvationen <abbr class=\"required\" title=\"required\">*<\/abbr><\/label>    <input name=\"avia_6_1\" class=\"text_input captcha\" type=\"text\" id=\"avia_6_1\" value=\"\"\/><\/p><p class=\"form_element \"><input type=\"hidden\" value=\"1\" name=\"avia_generated_form1\" \/><input type=\"submit\" value=\"Skicka ett meddelande!\" class=\"button\"  data-sending-label=\"Sending\"\/><\/p><\/fieldset><\/form><div id=\"ajaxresponse_1\" class=\"ajaxresponse ajaxresponse_1 hidden\"><\/div><\/p><\/div>\n","protected":false},"excerpt":{"rendered":"","protected":false},"author":2,"featured_media":0,"parent":0,"menu_order":0,"comment_status":"closed","ping_status":"closed","template":"","meta":{"footnotes":"","_links_to":"","_links_to_target":""},"class_list":["post-1360","page","type-page","status-publish","hentry"],"yoast_head":"<!-- This site is optimized with the Yoast SEO plugin v27.0 - https:\/\/yoast.com\/product\/yoast-seo-wordpress\/ -->\n<title>Kontakt HPP Metall | Kontakta v\u00e5rt team<\/title>\n<meta name=\"description\" content=\"Kontakta HPP Metall-teamet f\u00f6r information om v\u00e5ra tj\u00e4nster och produkter. Ring, skicka e-post eller bes\u00f6k v\u00e5rt kontor.\" \/>\n<meta name=\"robots\" content=\"index, follow, max-snippet:-1, max-image-preview:large, max-video-preview:-1\" \/>\n<link rel=\"canonical\" href=\"https:\/\/hppmetall.ee\/sv\/kontakt\/\" \/>\n<meta property=\"og:locale\" content=\"sv_SE\" \/>\n<meta property=\"og:type\" content=\"article\" \/>\n<meta property=\"og:title\" content=\"Kontakt HPP Metall | Kontakta v\u00e5rt team\" \/>\n<meta property=\"og:description\" content=\"Kontakta HPP Metall-teamet f\u00f6r information om v\u00e5ra tj\u00e4nster och produkter. Ring, skicka e-post eller bes\u00f6k v\u00e5rt kontor.\" \/>\n<meta property=\"og:url\" content=\"https:\/\/hppmetall.ee\/sv\/kontakt\/\" \/>\n<meta property=\"og:site_name\" content=\"HPP Metall\" \/>\n<meta property=\"article:modified_time\" content=\"2024-08-26T03:47:12+00:00\" \/>\n<meta name=\"twitter:card\" content=\"summary_large_image\" \/>\n<meta name=\"twitter:label1\" content=\"Ber\u00e4knad l\u00e4stid\" \/>\n\t<meta name=\"twitter:data1\" content=\"1 minut\" \/>\n<script type=\"application\/ld+json\" class=\"yoast-schema-graph\">{\"@context\":\"https:\/\/schema.org\",\"@graph\":[{\"@type\":\"WebPage\",\"@id\":\"https:\/\/hppmetall.ee\/sv\/kontakt\/\",\"url\":\"https:\/\/hppmetall.ee\/sv\/kontakt\/\",\"name\":\"Kontakt HPP Metall | Kontakta v\u00e5rt team\",\"isPartOf\":{\"@id\":\"https:\/\/hppmetall.ee\/#website\"},\"datePublished\":\"2015-10-15T15:32:40+00:00\",\"dateModified\":\"2024-08-26T03:47:12+00:00\",\"description\":\"Kontakta HPP Metall-teamet f\u00f6r information om v\u00e5ra tj\u00e4nster och produkter. Ring, skicka e-post eller bes\u00f6k v\u00e5rt kontor.\",\"breadcrumb\":{\"@id\":\"https:\/\/hppmetall.ee\/sv\/kontakt\/#breadcrumb\"},\"inLanguage\":\"sv-SE\",\"potentialAction\":[{\"@type\":\"ReadAction\",\"target\":[\"https:\/\/hppmetall.ee\/sv\/kontakt\/\"]}]},{\"@type\":\"BreadcrumbList\",\"@id\":\"https:\/\/hppmetall.ee\/sv\/kontakt\/#breadcrumb\",\"itemListElement\":[{\"@type\":\"ListItem\",\"position\":1,\"name\":\"Home\",\"item\":\"https:\/\/hppmetall.ee\/\"},{\"@type\":\"ListItem\",\"position\":2,\"name\":\"Kontakt\"}]},{\"@type\":\"WebSite\",\"@id\":\"https:\/\/hppmetall.ee\/#website\",\"url\":\"https:\/\/hppmetall.ee\/\",\"name\":\"HPP Metall\",\"description\":\"Metallit\u00f6\u00f6tlemismasinate ja nende tarvikute jae- ja hulgim\u00fc\u00fck\",\"potentialAction\":[{\"@type\":\"SearchAction\",\"target\":{\"@type\":\"EntryPoint\",\"urlTemplate\":\"https:\/\/hppmetall.ee\/?s={search_term_string}\"},\"query-input\":{\"@type\":\"PropertyValueSpecification\",\"valueRequired\":true,\"valueName\":\"search_term_string\"}}],\"inLanguage\":\"sv-SE\"}]}<\/script>\n<!-- \/ Yoast SEO plugin. -->","yoast_head_json":{"title":"Kontakt HPP Metall | Kontakta v\u00e5rt team","description":"Kontakta HPP Metall-teamet f\u00f6r information om v\u00e5ra tj\u00e4nster och produkter. Ring, skicka e-post eller bes\u00f6k v\u00e5rt kontor.","robots":{"index":"index","follow":"follow","max-snippet":"max-snippet:-1","max-image-preview":"max-image-preview:large","max-video-preview":"max-video-preview:-1"},"canonical":"https:\/\/hppmetall.ee\/sv\/kontakt\/","og_locale":"sv_SE","og_type":"article","og_title":"Kontakt HPP Metall | Kontakta v\u00e5rt team","og_description":"Kontakta HPP Metall-teamet f\u00f6r information om v\u00e5ra tj\u00e4nster och produkter. Ring, skicka e-post eller bes\u00f6k v\u00e5rt kontor.","og_url":"https:\/\/hppmetall.ee\/sv\/kontakt\/","og_site_name":"HPP Metall","article_modified_time":"2024-08-26T03:47:12+00:00","twitter_card":"summary_large_image","twitter_misc":{"Ber\u00e4knad l\u00e4stid":"1 minut"},"schema":{"@context":"https:\/\/schema.org","@graph":[{"@type":"WebPage","@id":"https:\/\/hppmetall.ee\/sv\/kontakt\/","url":"https:\/\/hppmetall.ee\/sv\/kontakt\/","name":"Kontakt HPP Metall | Kontakta v\u00e5rt team","isPartOf":{"@id":"https:\/\/hppmetall.ee\/#website"},"datePublished":"2015-10-15T15:32:40+00:00","dateModified":"2024-08-26T03:47:12+00:00","description":"Kontakta HPP Metall-teamet f\u00f6r information om v\u00e5ra tj\u00e4nster och produkter. Ring, skicka e-post eller bes\u00f6k v\u00e5rt kontor.","breadcrumb":{"@id":"https:\/\/hppmetall.ee\/sv\/kontakt\/#breadcrumb"},"inLanguage":"sv-SE","potentialAction":[{"@type":"ReadAction","target":["https:\/\/hppmetall.ee\/sv\/kontakt\/"]}]},{"@type":"BreadcrumbList","@id":"https:\/\/hppmetall.ee\/sv\/kontakt\/#breadcrumb","itemListElement":[{"@type":"ListItem","position":1,"name":"Home","item":"https:\/\/hppmetall.ee\/"},{"@type":"ListItem","position":2,"name":"Kontakt"}]},{"@type":"WebSite","@id":"https:\/\/hppmetall.ee\/#website","url":"https:\/\/hppmetall.ee\/","name":"HPP Metall","description":"Metallit\u00f6\u00f6tlemismasinate ja nende tarvikute jae- ja hulgim\u00fc\u00fck","potentialAction":[{"@type":"SearchAction","target":{"@type":"EntryPoint","urlTemplate":"https:\/\/hppmetall.ee\/?s={search_term_string}"},"query-input":{"@type":"PropertyValueSpecification","valueRequired":true,"valueName":"search_term_string"}}],"inLanguage":"sv-SE"}]}},"_links":{"self":[{"href":"https:\/\/hppmetall.ee\/sv\/wp-json\/wp\/v2\/pages\/1360\/"}],"collection":[{"href":"https:\/\/hppmetall.ee\/sv\/wp-json\/wp\/v2\/pages\/"}],"about":[{"href":"https:\/\/hppmetall.ee\/sv\/wp-json\/wp\/v2\/types\/page\/"}],"author":[{"embeddable":true,"href":"https:\/\/hppmetall.ee\/sv\/wp-json\/wp\/v2\/users\/2\/"}],"replies":[{"embeddable":true,"href":"https:\/\/hppmetall.ee\/sv\/wp-json\/wp\/v2\/comments\/?post=1360"}],"version-history":[{"count":6,"href":"https:\/\/hppmetall.ee\/sv\/wp-json\/wp\/v2\/pages\/1360\/revisions\/"}],"predecessor-version":[{"id":2170,"href":"https:\/\/hppmetall.ee\/sv\/wp-json\/wp\/v2\/pages\/1360\/revisions\/2170\/"}],"wp:attachment":[{"href":"https:\/\/hppmetall.ee\/sv\/wp-json\/wp\/v2\/media\/?parent=1360"}],"curies":[{"name":"wp","href":"https:\/\/api.w.org\/{rel}","templated":true}]}}