{"id":1384,"date":"2023-05-23T08:46:05","date_gmt":"2023-05-23T05:46:05","guid":{"rendered":"https:\/\/hppmetall.ee\/tjanster\/laserskarning\/"},"modified":"2024-08-26T06:57:52","modified_gmt":"2024-08-26T03:57:52","slug":"laserskarning","status":"publish","type":"page","link":"https:\/\/hppmetall.ee\/sv\/tjanster\/laserskarning\/","title":{"rendered":"Lasersk\u00e4rning"},"content":{"rendered":"<div class=\"post-entry post-entry-type-page post-entry-495\">\n<div class=\"entry-content-wrapper clearfix\">\n<div class=\"flex_column av_one_full flex_column_div av-zero-column-padding first avia-builder-el-0 avia-builder-el-no-sibling \">\n<div class=\"av-special-heading av-special-heading-h1 blockquote modern-quote avia-builder-el-1 el_before_av_hr avia-builder-el-first av-inherit-size\">\n<h1 class=\"av-special-heading-tag\">Metallsk\u00e4rning med lasersk\u00e4rning<\/h1>\n<\/div>\n<div class=\"hr hr-custom hr-left hr-icon-no avia-builder-el-2 el_after_av_heading el_before_av_textblock \"><\/div>\n<section class=\"av_textblock_section\">\n<div class=\"avia_textblock \">\n<p>Lasersk\u00e4rning \u00e4r ett mycket effektivt och h\u00f6gkvalitativt s\u00e4tt att sk\u00e4ra metall. Med hj\u00e4lp av laserteknik kan vi sk\u00e4ra snabbt och mycket exakt, och \u00e4ven s\u00e4kerst\u00e4lla en vacker, ren sk\u00e4rlinje.<\/p>\n<p><strong>V\u00e5ra m\u00f6jligheter:<\/strong><\/p>\n<ul>\n<li>Den maximala tjockleken p\u00e5 metallen \u00e4r upp till 12 mm<\/li>\n<li>Storleken p\u00e5 arbetsytan \u00e4r 1,5m x 3m<\/li>\n<\/ul>\n<p><strong>Vi sk\u00e4r svart metall, rostfri metall och aluminium:<\/strong><\/p>\n<ul>\n<li>Rostfritt st\u00e5l<\/li>\n<li>Vanligt st\u00e5l<\/li>\n<li>Specialst\u00e5l<\/li>\n<\/ul>\n<p><strong>Om det beh\u00f6vs, utformningen av detaljer<\/strong><\/p>\n<\/div>\n<div style=\"width: 1500px;\" class=\"wp-video\"><video class=\"wp-video-shortcode\" id=\"video-1384-1\" width=\"1500\" height=\"844\" preload=\"metadata\" controls=\"controls\"><source type=\"video\/mp4\" src=\"https:\/\/hppmetall.ee\/wp-content\/uploads\/2019\/03\/F-cutting.mp4?_=1\" \/><a href=\"https:\/\/hppmetall.ee\/wp-content\/uploads\/2019\/03\/F-cutting.mp4\">https:\/\/hppmetall.ee\/wp-content\/uploads\/2019\/03\/F-cutting.mp4<\/a><\/video><\/div>\n<\/section>\n<\/div>\n<\/div>\n<\/div>\n","protected":false},"excerpt":{"rendered":"<p>Metallsk\u00e4rning med lasersk\u00e4rning Lasersk\u00e4rning \u00e4r ett mycket effektivt och h\u00f6gkvalitativt s\u00e4tt att sk\u00e4ra metall. Med hj\u00e4lp av laserteknik kan vi sk\u00e4ra snabbt och mycket exakt, och \u00e4ven s\u00e4kerst\u00e4lla en vacker, ren sk\u00e4rlinje. V\u00e5ra m\u00f6jligheter: Den maximala tjockleken p\u00e5 metallen \u00e4r upp till 12 mm Storleken p\u00e5 arbetsytan \u00e4r 1,5m x 3m Vi sk\u00e4r svart metall, [&hellip;]<\/p>\n","protected":false},"author":4,"featured_media":0,"parent":1381,"menu_order":0,"comment_status":"closed","ping_status":"closed","template":"","meta":{"footnotes":"","_links_to":"","_links_to_target":""},"class_list":["post-1384","page","type-page","status-publish","hentry"],"yoast_head":"<!-- This site is optimized with the Yoast SEO plugin v27.0 - https:\/\/yoast.com\/product\/yoast-seo-wordpress\/ -->\n<title>Lasersk\u00e4rningstj\u00e4nster | Precision och hastighet | HPP Metall<\/title>\n<meta name=\"description\" content=\"HPP Metall erbjuder lasersk\u00e4rningstj\u00e4nster som garanterar exakt och snabb sk\u00e4rning av olika material. Vi anv\u00e4nder avancerad teknik f\u00f6r att m\u00f6ta dina metallbearbetningsbehov.\" \/>\n<meta name=\"robots\" content=\"index, follow, max-snippet:-1, max-image-preview:large, max-video-preview:-1\" \/>\n<link rel=\"canonical\" href=\"https:\/\/hppmetall.ee\/sv\/teenused\/laserloikus\/\" \/>\n<meta property=\"og:locale\" content=\"sv_SE\" \/>\n<meta property=\"og:type\" content=\"article\" \/>\n<meta property=\"og:title\" content=\"Lasersk\u00e4rningstj\u00e4nster | Precision och hastighet | HPP Metall\" \/>\n<meta property=\"og:description\" content=\"HPP Metall erbjuder lasersk\u00e4rningstj\u00e4nster som garanterar exakt och snabb sk\u00e4rning av olika material. Vi anv\u00e4nder avancerad teknik f\u00f6r att m\u00f6ta dina metallbearbetningsbehov.\" \/>\n<meta property=\"og:url\" content=\"https:\/\/hppmetall.ee\/teenused\/laserloikus\/\" \/>\n<meta property=\"og:site_name\" content=\"HPP Metall\" \/>\n<meta property=\"article:modified_time\" content=\"2024-08-26T03:57:52+00:00\" \/>\n<meta name=\"twitter:card\" content=\"summary_large_image\" \/>\n<script type=\"application\/ld+json\" class=\"yoast-schema-graph\">{\"@context\":\"https:\/\/schema.org\",\"@graph\":[{\"@type\":\"WebPage\",\"@id\":\"https:\/\/hppmetall.ee\/teenused\/laserloikus\/\",\"url\":\"https:\/\/hppmetall.ee\/teenused\/laserloikus\/\",\"name\":\"Lasersk\u00e4rningstj\u00e4nster | Precision och hastighet | HPP Metall\",\"isPartOf\":{\"@id\":\"https:\/\/hppmetall.ee\/#website\"},\"datePublished\":\"2023-05-23T05:46:05+00:00\",\"dateModified\":\"2024-08-26T03:57:52+00:00\",\"description\":\"HPP Metall erbjuder lasersk\u00e4rningstj\u00e4nster som garanterar exakt och snabb sk\u00e4rning av olika material. Vi anv\u00e4nder avancerad teknik f\u00f6r att m\u00f6ta dina metallbearbetningsbehov.\",\"breadcrumb\":{\"@id\":\"https:\/\/hppmetall.ee\/teenused\/laserloikus\/#breadcrumb\"},\"inLanguage\":\"sv-SE\",\"potentialAction\":[{\"@type\":\"ReadAction\",\"target\":[\"https:\/\/hppmetall.ee\/teenused\/laserloikus\/\"]}]},{\"@type\":\"BreadcrumbList\",\"@id\":\"https:\/\/hppmetall.ee\/teenused\/laserloikus\/#breadcrumb\",\"itemListElement\":[{\"@type\":\"ListItem\",\"position\":1,\"name\":\"Home\",\"item\":\"https:\/\/hppmetall.ee\/\"},{\"@type\":\"ListItem\",\"position\":2,\"name\":\"Tj\u00e4nster\",\"item\":\"https:\/\/hppmetall.ee\/\"},{\"@type\":\"ListItem\",\"position\":3,\"name\":\"Lasersk\u00e4rning\"}]},{\"@type\":\"WebSite\",\"@id\":\"https:\/\/hppmetall.ee\/#website\",\"url\":\"https:\/\/hppmetall.ee\/\",\"name\":\"HPP Metall\",\"description\":\"Metallit\u00f6\u00f6tlemismasinate ja nende tarvikute jae- ja hulgim\u00fc\u00fck\",\"potentialAction\":[{\"@type\":\"SearchAction\",\"target\":{\"@type\":\"EntryPoint\",\"urlTemplate\":\"https:\/\/hppmetall.ee\/?s={search_term_string}\"},\"query-input\":{\"@type\":\"PropertyValueSpecification\",\"valueRequired\":true,\"valueName\":\"search_term_string\"}}],\"inLanguage\":\"sv-SE\"}]}<\/script>\n<!-- \/ Yoast SEO plugin. -->","yoast_head_json":{"title":"Lasersk\u00e4rningstj\u00e4nster | Precision och hastighet | HPP Metall","description":"HPP Metall erbjuder lasersk\u00e4rningstj\u00e4nster som garanterar exakt och snabb sk\u00e4rning av olika material. Vi anv\u00e4nder avancerad teknik f\u00f6r att m\u00f6ta dina metallbearbetningsbehov.","robots":{"index":"index","follow":"follow","max-snippet":"max-snippet:-1","max-image-preview":"max-image-preview:large","max-video-preview":"max-video-preview:-1"},"canonical":"https:\/\/hppmetall.ee\/sv\/teenused\/laserloikus\/","og_locale":"sv_SE","og_type":"article","og_title":"Lasersk\u00e4rningstj\u00e4nster | Precision och hastighet | HPP Metall","og_description":"HPP Metall erbjuder lasersk\u00e4rningstj\u00e4nster som garanterar exakt och snabb sk\u00e4rning av olika material. Vi anv\u00e4nder avancerad teknik f\u00f6r att m\u00f6ta dina metallbearbetningsbehov.","og_url":"https:\/\/hppmetall.ee\/teenused\/laserloikus\/","og_site_name":"HPP Metall","article_modified_time":"2024-08-26T03:57:52+00:00","twitter_card":"summary_large_image","schema":{"@context":"https:\/\/schema.org","@graph":[{"@type":"WebPage","@id":"https:\/\/hppmetall.ee\/teenused\/laserloikus\/","url":"https:\/\/hppmetall.ee\/teenused\/laserloikus\/","name":"Lasersk\u00e4rningstj\u00e4nster | Precision och hastighet | HPP Metall","isPartOf":{"@id":"https:\/\/hppmetall.ee\/#website"},"datePublished":"2023-05-23T05:46:05+00:00","dateModified":"2024-08-26T03:57:52+00:00","description":"HPP Metall erbjuder lasersk\u00e4rningstj\u00e4nster som garanterar exakt och snabb sk\u00e4rning av olika material. Vi anv\u00e4nder avancerad teknik f\u00f6r att m\u00f6ta dina metallbearbetningsbehov.","breadcrumb":{"@id":"https:\/\/hppmetall.ee\/teenused\/laserloikus\/#breadcrumb"},"inLanguage":"sv-SE","potentialAction":[{"@type":"ReadAction","target":["https:\/\/hppmetall.ee\/teenused\/laserloikus\/"]}]},{"@type":"BreadcrumbList","@id":"https:\/\/hppmetall.ee\/teenused\/laserloikus\/#breadcrumb","itemListElement":[{"@type":"ListItem","position":1,"name":"Home","item":"https:\/\/hppmetall.ee\/"},{"@type":"ListItem","position":2,"name":"Tj\u00e4nster","item":"https:\/\/hppmetall.ee\/"},{"@type":"ListItem","position":3,"name":"Lasersk\u00e4rning"}]},{"@type":"WebSite","@id":"https:\/\/hppmetall.ee\/#website","url":"https:\/\/hppmetall.ee\/","name":"HPP Metall","description":"Metallit\u00f6\u00f6tlemismasinate ja nende tarvikute jae- ja hulgim\u00fc\u00fck","potentialAction":[{"@type":"SearchAction","target":{"@type":"EntryPoint","urlTemplate":"https:\/\/hppmetall.ee\/?s={search_term_string}"},"query-input":{"@type":"PropertyValueSpecification","valueRequired":true,"valueName":"search_term_string"}}],"inLanguage":"sv-SE"}]}},"_links":{"self":[{"href":"https:\/\/hppmetall.ee\/sv\/wp-json\/wp\/v2\/pages\/1384\/"}],"collection":[{"href":"https:\/\/hppmetall.ee\/sv\/wp-json\/wp\/v2\/pages\/"}],"about":[{"href":"https:\/\/hppmetall.ee\/sv\/wp-json\/wp\/v2\/types\/page\/"}],"author":[{"embeddable":true,"href":"https:\/\/hppmetall.ee\/sv\/wp-json\/wp\/v2\/users\/4\/"}],"replies":[{"embeddable":true,"href":"https:\/\/hppmetall.ee\/sv\/wp-json\/wp\/v2\/comments\/?post=1384"}],"version-history":[{"count":1,"href":"https:\/\/hppmetall.ee\/sv\/wp-json\/wp\/v2\/pages\/1384\/revisions\/"}],"predecessor-version":[{"id":1390,"href":"https:\/\/hppmetall.ee\/sv\/wp-json\/wp\/v2\/pages\/1384\/revisions\/1390\/"}],"up":[{"embeddable":true,"href":"https:\/\/hppmetall.ee\/sv\/wp-json\/wp\/v2\/pages\/1381\/"}],"wp:attachment":[{"href":"https:\/\/hppmetall.ee\/sv\/wp-json\/wp\/v2\/media\/?parent=1384"}],"curies":[{"name":"wp","href":"https:\/\/api.w.org\/{rel}","templated":true}]}}